{"id":6459,"date":"2020-07-30T14:21:16","date_gmt":"2020-07-30T14:21:16","guid":{"rendered":"https:\/\/dollmarmeccanica.com\/cms\/?page_id=6459"},"modified":"2020-07-30T14:21:16","modified_gmt":"2020-07-30T14:21:16","slug":"igiene-industriale","status":"publish","type":"page","link":"https:\/\/dollmarmeccanica.com\/cms\/igiene-industriale\/","title":{"rendered":"Igiene industriale"},"content":{"rendered":"<p><\/p>\n<h4>Corretta gestione dell&#8217;igiene industriale negli ambienti di lavoro: quali nozioni bisogna conoscere e perch\u00e8 \u00e8 importante<\/h4>\n<p>L&#8217;igiene industriale \u00e8 spesso e volentieri mal compresa nel comparto industriale italiano. Per fare chiarezza una corretta gestione dell&#8217;igiene industriale negli ambienti di lavoro <strong>aiuta a prevenire le malattie<\/strong> dovute ad eventuali inquinanti fisici, chimici e microbiologici.<\/p>\n<p>Gli inquinanti possono essere cos\u00ec classificati:<\/p>\n<ul>\n<li><em>Inquinanti fisici:<\/em> campi elettromagnetici, microclima, ultrasuoni, laser, rumore, vibrazioni ecc<\/li>\n<li><em>Inquinanti chimici:<\/em> polveri sottili, amianto, gas provvenienti dal sottosuolo, dispersione di sostanze pericolose ecc<\/li>\n<li><em>Inquinanti microbiologici:<\/em> possiamo trovare diversi inquinanti microbiologici non solo nelle acque (potabili, di condensa) ma anche nelle canalizzazioni dell&#8217;aria (legionella) ecc<\/li>\n<\/ul>\n<p>Per evitare che gli inquinanti di varia natura possano causare eventuali danni ai lavoratori le aziende dovrebbero adottare alcune <strong>misure preventive e protettive<\/strong> attraverso test, analisi e rilevamenti vari.<\/p>\n<p><strong>Dollmar Meccanica offre un servizio completo di analisi preventive per la corretta gestione dell&#8217;igiene industriale delle aziende grazie ad un team di esperti dedicati.<\/strong><\/p>\n<p>[vc_column][vc_btn title=&#8221;RICHIEDI MAGGIORI INFORMAZIONI&#8221; color=&#8221;sky&#8221; align=&#8221;center&#8221; link=&#8221;url:https%3A%2F%2Fdollmarmeccanica.com%2Fcms%2Fscrivici%2F%3Fthe_subj%3DRichiesta-assistenza-tecnica||target:%20_blank&#8221;][\/vc_column]<\/p>","protected":false},"excerpt":{"rendered":"<p>Corretta gestione dell&#8217;igiene industriale negli ambienti di lavoro: quali nozioni bisogna conoscere e perch\u00e8 \u00e8 importante L&#8217;igiene industriale \u00e8 spesso e volentieri mal compresa nel comparto industriale italiano. Per fare chiarezza una corretta gestione dell&#8217;igiene industriale negli ambienti di lavoro aiuta a prevenire le malattie dovute ad eventuali inquinanti fisici, chimici e microbiologici. Gli inquinanti [&hellip;]<\/p>\n","protected":false},"author":10,"featured_media":0,"parent":0,"menu_order":3,"comment_status":"closed","ping_status":"closed","template":"","meta":[],"yoast_head":"<!-- This site is optimized with the Yoast SEO plugin v20.3 - https:\/\/yoast.com\/wordpress\/plugins\/seo\/ -->\n<title>Igiene industriale - Dollmar Meccanica S.r.l<\/title>\n<meta name=\"description\" content=\"Dollmar Meccanica offre un servizio completo di analisi preventive per la corretta gestione dell&#039;igiene industriale delle aziende &gt;&gt;&gt;\" \/>\n<meta name=\"robots\" content=\"index, follow, max-snippet:-1, max-image-preview:large, max-video-preview:-1\" \/>\n<link rel=\"canonical\" href=\"https:\/\/dollmarmeccanica.com\/cms\/igiene-industriale\/\" \/>\n<meta property=\"og:locale\" content=\"it_IT\" \/>\n<meta property=\"og:type\" content=\"article\" \/>\n<meta property=\"og:title\" content=\"Igiene industriale - Dollmar Meccanica S.r.l\" \/>\n<meta property=\"og:description\" content=\"Dollmar Meccanica offre un servizio completo di analisi preventive per la corretta gestione dell&#039;igiene industriale delle aziende &gt;&gt;&gt;\" \/>\n<meta property=\"og:url\" content=\"https:\/\/dollmarmeccanica.com\/cms\/igiene-industriale\/\" \/>\n<meta property=\"og:site_name\" content=\"Dollmar Meccanica S.r.l\" \/>\n<meta name=\"twitter:card\" content=\"summary_large_image\" \/>\n<meta name=\"twitter:label1\" content=\"Tempo di lettura stimato\" \/>\n\t<meta name=\"twitter:data1\" content=\"1 minuto\" \/>\n<script type=\"application\/ld+json\" class=\"yoast-schema-graph\">{\"@context\":\"https:\/\/schema.org\",\"@graph\":[{\"@type\":\"WebPage\",\"@id\":\"https:\/\/dollmarmeccanica.com\/cms\/igiene-industriale\/\",\"url\":\"https:\/\/dollmarmeccanica.com\/cms\/igiene-industriale\/\",\"name\":\"Igiene industriale - Dollmar Meccanica S.r.l\",\"isPartOf\":{\"@id\":\"https:\/\/dollmarmeccanica.com\/cms\/#website\"},\"datePublished\":\"2020-07-30T14:21:16+00:00\",\"dateModified\":\"2020-07-30T14:21:16+00:00\",\"description\":\"Dollmar Meccanica offre un servizio completo di analisi preventive per la corretta gestione dell'igiene industriale delle aziende >>>\",\"breadcrumb\":{\"@id\":\"https:\/\/dollmarmeccanica.com\/cms\/igiene-industriale\/#breadcrumb\"},\"inLanguage\":\"it-IT\",\"potentialAction\":[{\"@type\":\"ReadAction\",\"target\":[\"https:\/\/dollmarmeccanica.com\/cms\/igiene-industriale\/\"]}]},{\"@type\":\"BreadcrumbList\",\"@id\":\"https:\/\/dollmarmeccanica.com\/cms\/igiene-industriale\/#breadcrumb\",\"itemListElement\":[{\"@type\":\"ListItem\",\"position\":1,\"name\":\"Home\",\"item\":\"https:\/\/dollmarmeccanica.com\/cms\/\"},{\"@type\":\"ListItem\",\"position\":2,\"name\":\"Igiene industriale\"}]},{\"@type\":\"WebSite\",\"@id\":\"https:\/\/dollmarmeccanica.com\/cms\/#website\",\"url\":\"https:\/\/dollmarmeccanica.com\/cms\/\",\"name\":\"Dollmar Meccanica S.r.l\",\"description\":\"Impianti di lavaggio industriali\",\"publisher\":{\"@id\":\"https:\/\/dollmarmeccanica.com\/cms\/#organization\"},\"potentialAction\":[{\"@type\":\"SearchAction\",\"target\":{\"@type\":\"EntryPoint\",\"urlTemplate\":\"https:\/\/dollmarmeccanica.com\/cms\/?s={search_term_string}\"},\"query-input\":\"required name=search_term_string\"}],\"inLanguage\":\"it-IT\"},{\"@type\":\"Organization\",\"@id\":\"https:\/\/dollmarmeccanica.com\/cms\/#organization\",\"name\":\"Dollmar Meccanica\",\"url\":\"https:\/\/dollmarmeccanica.com\/cms\/\",\"logo\":{\"@type\":\"ImageObject\",\"inLanguage\":\"it-IT\",\"@id\":\"https:\/\/dollmarmeccanica.com\/cms\/#\/schema\/logo\/image\/\",\"url\":\"https:\/\/dollmarmeccanica.com\/cms\/wp-content\/uploads\/2015\/08\/logo-dollmarmeccanica-300x280_c.jpg\",\"contentUrl\":\"https:\/\/dollmarmeccanica.com\/cms\/wp-content\/uploads\/2015\/08\/logo-dollmarmeccanica-300x280_c.jpg\",\"width\":300,\"height\":280,\"caption\":\"Dollmar Meccanica\"},\"image\":{\"@id\":\"https:\/\/dollmarmeccanica.com\/cms\/#\/schema\/logo\/image\/\"}}]}<\/script>\n<!-- \/ Yoast SEO plugin. -->","yoast_head_json":{"title":"Igiene industriale - Dollmar Meccanica S.r.l","description":"Dollmar Meccanica offre un servizio completo di analisi preventive per la corretta gestione dell'igiene industriale delle aziende >>>","robots":{"index":"index","follow":"follow","max-snippet":"max-snippet:-1","max-image-preview":"max-image-preview:large","max-video-preview":"max-video-preview:-1"},"canonical":"https:\/\/dollmarmeccanica.com\/cms\/igiene-industriale\/","og_locale":"it_IT","og_type":"article","og_title":"Igiene industriale - Dollmar Meccanica S.r.l","og_description":"Dollmar Meccanica offre un servizio completo di analisi preventive per la corretta gestione dell'igiene industriale delle aziende >>>","og_url":"https:\/\/dollmarmeccanica.com\/cms\/igiene-industriale\/","og_site_name":"Dollmar Meccanica S.r.l","twitter_card":"summary_large_image","twitter_misc":{"Tempo di lettura stimato":"1 minuto"},"schema":{"@context":"https:\/\/schema.org","@graph":[{"@type":"WebPage","@id":"https:\/\/dollmarmeccanica.com\/cms\/igiene-industriale\/","url":"https:\/\/dollmarmeccanica.com\/cms\/igiene-industriale\/","name":"Igiene industriale - Dollmar Meccanica S.r.l","isPartOf":{"@id":"https:\/\/dollmarmeccanica.com\/cms\/#website"},"datePublished":"2020-07-30T14:21:16+00:00","dateModified":"2020-07-30T14:21:16+00:00","description":"Dollmar Meccanica offre un servizio completo di analisi preventive per la corretta gestione dell'igiene industriale delle aziende >>>","breadcrumb":{"@id":"https:\/\/dollmarmeccanica.com\/cms\/igiene-industriale\/#breadcrumb"},"inLanguage":"it-IT","potentialAction":[{"@type":"ReadAction","target":["https:\/\/dollmarmeccanica.com\/cms\/igiene-industriale\/"]}]},{"@type":"BreadcrumbList","@id":"https:\/\/dollmarmeccanica.com\/cms\/igiene-industriale\/#breadcrumb","itemListElement":[{"@type":"ListItem","position":1,"name":"Home","item":"https:\/\/dollmarmeccanica.com\/cms\/"},{"@type":"ListItem","position":2,"name":"Igiene industriale"}]},{"@type":"WebSite","@id":"https:\/\/dollmarmeccanica.com\/cms\/#website","url":"https:\/\/dollmarmeccanica.com\/cms\/","name":"Dollmar Meccanica S.r.l","description":"Impianti di lavaggio industriali","publisher":{"@id":"https:\/\/dollmarmeccanica.com\/cms\/#organization"},"potentialAction":[{"@type":"SearchAction","target":{"@type":"EntryPoint","urlTemplate":"https:\/\/dollmarmeccanica.com\/cms\/?s={search_term_string}"},"query-input":"required name=search_term_string"}],"inLanguage":"it-IT"},{"@type":"Organization","@id":"https:\/\/dollmarmeccanica.com\/cms\/#organization","name":"Dollmar Meccanica","url":"https:\/\/dollmarmeccanica.com\/cms\/","logo":{"@type":"ImageObject","inLanguage":"it-IT","@id":"https:\/\/dollmarmeccanica.com\/cms\/#\/schema\/logo\/image\/","url":"https:\/\/dollmarmeccanica.com\/cms\/wp-content\/uploads\/2015\/08\/logo-dollmarmeccanica-300x280_c.jpg","contentUrl":"https:\/\/dollmarmeccanica.com\/cms\/wp-content\/uploads\/2015\/08\/logo-dollmarmeccanica-300x280_c.jpg","width":300,"height":280,"caption":"Dollmar Meccanica"},"image":{"@id":"https:\/\/dollmarmeccanica.com\/cms\/#\/schema\/logo\/image\/"}}]}},"_links":{"self":[{"href":"https:\/\/dollmarmeccanica.com\/cms\/wp-json\/wp\/v2\/pages\/6459"}],"collection":[{"href":"https:\/\/dollmarmeccanica.com\/cms\/wp-json\/wp\/v2\/pages"}],"about":[{"href":"https:\/\/dollmarmeccanica.com\/cms\/wp-json\/wp\/v2\/types\/page"}],"author":[{"embeddable":true,"href":"https:\/\/dollmarmeccanica.com\/cms\/wp-json\/wp\/v2\/users\/10"}],"replies":[{"embeddable":true,"href":"https:\/\/dollmarmeccanica.com\/cms\/wp-json\/wp\/v2\/comments?post=6459"}],"version-history":[{"count":1,"href":"https:\/\/dollmarmeccanica.com\/cms\/wp-json\/wp\/v2\/pages\/6459\/revisions"}],"predecessor-version":[{"id":6460,"href":"https:\/\/dollmarmeccanica.com\/cms\/wp-json\/wp\/v2\/pages\/6459\/revisions\/6460"}],"wp:attachment":[{"href":"https:\/\/dollmarmeccanica.com\/cms\/wp-json\/wp\/v2\/media?parent=6459"}],"curies":[{"name":"wp","href":"https:\/\/api.w.org\/{rel}","templated":true}]}}