{"id":6401,"date":"2020-07-30T12:16:49","date_gmt":"2020-07-30T12:16:49","guid":{"rendered":"https:\/\/dollmarmeccanica.com\/cms\/?page_id=6401"},"modified":"2020-07-30T12:18:12","modified_gmt":"2020-07-30T12:18:12","slug":"emissioni-in-atmosfera","status":"publish","type":"page","link":"https:\/\/dollmarmeccanica.com\/cms\/emissioni-in-atmosfera\/","title":{"rendered":"Emissioni in atmosfera"},"content":{"rendered":"<p>Le autorizzazioni per le <strong>emissioni in atmosfera<\/strong>, rilasciate con procedura ordinaria (art. 269 D.Lgs. 152\/2006 e s.m.i.) o rilasciate con procedura in deroga (art. 272 D.Lgs. 152\/2006 e s.m.i.), prevedono <strong>controlli periodici ai camini<\/strong>. La mancata esecuzione di tali controlli comporta le sanzioni indicate nell\u2019art. 279 del citato D. Lgs. 152\/2006.<\/p>\n<p>Pi\u00f9 precisamente, salvo casi particolari i controlli debbono essere eseguiti:<\/p>\n<ul>\n<li>con frequenza <strong>annuale<\/strong>, nel caso delle <strong>autorizzazioni ordinarie<\/strong><\/li>\n<li>con frequenza <strong>biennale<\/strong>, nel caso delle <strong>autorizzazioni in via generale<\/strong> (in deroga)<\/li>\n<\/ul>\n<p>Qualora siano presenti lavorazioni meccaniche (quali tornitura, fresatura, pressatura, maschiatura, filettatura, centri di lavoro, ecc.) i controlli devono essere eseguiti:<\/p>\n<ul>\n<li>ai <strong>camini di emissione<\/strong>, finalizzati alla ricerca di nebbie oleose (ed eventualmente alla ricerca di IPA \u2013 Idrocarburi Policiclici Aromatici)<\/li>\n<li>negli <strong>ambienti di lavoro<\/strong>, in assenza di aspirazioni che canalizzano i fumi direttamente in atmosfera, finalizzati alla ricerca di nebbie oleose aerodisperse.<\/li>\n<\/ul>\n<p>La frequenza dei controlli delle <strong>nebbie oleose<\/strong> \u00e8 determinata dai consumi di olio (o di frazione oleosa nelle emulsioni), di seguito riassunti:<\/p>\n<ul>\n<li><strong>Frequenza biennale<\/strong>, per consumi di olio (o di frazione oleosa nelle emulsioni) compresi tra 500 \u00f7 4.000 kg\/anno*<\/li>\n<li><strong>Frequenza annuale<\/strong>, per consumi di olio (o di frazione oleosa nelle emulsioni) superiori a 4.000 kg\/anno.<\/li>\n<\/ul>\n<p>*\u0081 in caso di consumi di olio inferiori a 500 kg\/anno non \u00e8 richiesta autorizzazione per le emissioni in atmosfera e, di conseguenza, non sono previsti controlli analitici n\u00e9 ai camini n\u00e9 in ambiente di lavoro (fatti salvi gli adempimenti in materia di salute e sicurezza previsti dal D. Lgs. 81\/2008 e s.m.i.)<\/p>\n<p><strong>Dollmar Meccanica, grazie ad un team dedicato \u00e8 a disposizione per effettuare i controlli periodici ai camini di emissione e negli ambienti di lavoro.<\/strong><\/p>\n<p>[vc_row][vc_column][vc_btn title=&#8221;RICHIEDI MAGGIORI INFORMAZIONI&#8221; color=&#8221;info&#8221; align=&#8221;center&#8221; link=&#8221;url:mailto%3Amarketing%40dollmar.com||&#8221;][\/vc_column][\/vc_row]<\/p>","protected":false},"excerpt":{"rendered":"<p>Le autorizzazioni per le emissioni in atmosfera, rilasciate con procedura ordinaria (art. 269 D.Lgs. 152\/2006 e s.m.i.) o rilasciate con procedura in deroga (art. 272 D.Lgs. 152\/2006 e s.m.i.), prevedono controlli periodici ai camini. La mancata esecuzione di tali controlli comporta le sanzioni indicate nell\u2019art. 279 del citato D. Lgs. 152\/2006. Pi\u00f9 precisamente, salvo casi [&hellip;]<\/p>\n","protected":false},"author":10,"featured_media":0,"parent":0,"menu_order":8,"comment_status":"closed","ping_status":"closed","template":"","meta":[],"yoast_head":"<!-- This site is optimized with the Yoast SEO plugin v20.3 - https:\/\/yoast.com\/wordpress\/plugins\/seo\/ -->\n<title>Emissioni in atmosfera - Dollmar Meccanica S.r.l<\/title>\n<meta name=\"description\" content=\"Dollmar Meccanica offre supporto per effettuare i controlli periodici ai camini di emissione in atmosfera e negli ambienti di lavoro &gt;&gt;\" \/>\n<meta name=\"robots\" content=\"index, follow, max-snippet:-1, max-image-preview:large, max-video-preview:-1\" \/>\n<link rel=\"canonical\" href=\"https:\/\/dollmarmeccanica.com\/cms\/emissioni-in-atmosfera\/\" \/>\n<meta property=\"og:locale\" content=\"it_IT\" \/>\n<meta property=\"og:type\" content=\"article\" \/>\n<meta property=\"og:title\" content=\"Emissioni in atmosfera - Dollmar Meccanica S.r.l\" \/>\n<meta property=\"og:description\" content=\"Dollmar Meccanica offre supporto per effettuare i controlli periodici ai camini di emissione in atmosfera e negli ambienti di lavoro &gt;&gt;\" \/>\n<meta property=\"og:url\" content=\"https:\/\/dollmarmeccanica.com\/cms\/emissioni-in-atmosfera\/\" \/>\n<meta property=\"og:site_name\" content=\"Dollmar Meccanica S.r.l\" \/>\n<meta property=\"article:modified_time\" content=\"2020-07-30T12:18:12+00:00\" \/>\n<meta name=\"twitter:card\" content=\"summary_large_image\" \/>\n<meta name=\"twitter:label1\" content=\"Tempo di lettura stimato\" \/>\n\t<meta name=\"twitter:data1\" content=\"1 minuto\" \/>\n<script type=\"application\/ld+json\" class=\"yoast-schema-graph\">{\"@context\":\"https:\/\/schema.org\",\"@graph\":[{\"@type\":\"WebPage\",\"@id\":\"https:\/\/dollmarmeccanica.com\/cms\/emissioni-in-atmosfera\/\",\"url\":\"https:\/\/dollmarmeccanica.com\/cms\/emissioni-in-atmosfera\/\",\"name\":\"Emissioni in atmosfera - Dollmar Meccanica S.r.l\",\"isPartOf\":{\"@id\":\"https:\/\/dollmarmeccanica.com\/cms\/#website\"},\"datePublished\":\"2020-07-30T12:16:49+00:00\",\"dateModified\":\"2020-07-30T12:18:12+00:00\",\"description\":\"Dollmar Meccanica offre supporto per effettuare i controlli periodici ai camini di emissione in atmosfera e negli ambienti di lavoro >>\",\"breadcrumb\":{\"@id\":\"https:\/\/dollmarmeccanica.com\/cms\/emissioni-in-atmosfera\/#breadcrumb\"},\"inLanguage\":\"it-IT\",\"potentialAction\":[{\"@type\":\"ReadAction\",\"target\":[\"https:\/\/dollmarmeccanica.com\/cms\/emissioni-in-atmosfera\/\"]}]},{\"@type\":\"BreadcrumbList\",\"@id\":\"https:\/\/dollmarmeccanica.com\/cms\/emissioni-in-atmosfera\/#breadcrumb\",\"itemListElement\":[{\"@type\":\"ListItem\",\"position\":1,\"name\":\"Home\",\"item\":\"https:\/\/dollmarmeccanica.com\/cms\/\"},{\"@type\":\"ListItem\",\"position\":2,\"name\":\"Emissioni in atmosfera\"}]},{\"@type\":\"WebSite\",\"@id\":\"https:\/\/dollmarmeccanica.com\/cms\/#website\",\"url\":\"https:\/\/dollmarmeccanica.com\/cms\/\",\"name\":\"Dollmar Meccanica S.r.l\",\"description\":\"Impianti di lavaggio industriali\",\"publisher\":{\"@id\":\"https:\/\/dollmarmeccanica.com\/cms\/#organization\"},\"potentialAction\":[{\"@type\":\"SearchAction\",\"target\":{\"@type\":\"EntryPoint\",\"urlTemplate\":\"https:\/\/dollmarmeccanica.com\/cms\/?s={search_term_string}\"},\"query-input\":\"required name=search_term_string\"}],\"inLanguage\":\"it-IT\"},{\"@type\":\"Organization\",\"@id\":\"https:\/\/dollmarmeccanica.com\/cms\/#organization\",\"name\":\"Dollmar Meccanica\",\"url\":\"https:\/\/dollmarmeccanica.com\/cms\/\",\"logo\":{\"@type\":\"ImageObject\",\"inLanguage\":\"it-IT\",\"@id\":\"https:\/\/dollmarmeccanica.com\/cms\/#\/schema\/logo\/image\/\",\"url\":\"https:\/\/dollmarmeccanica.com\/cms\/wp-content\/uploads\/2015\/08\/logo-dollmarmeccanica-300x280_c.jpg\",\"contentUrl\":\"https:\/\/dollmarmeccanica.com\/cms\/wp-content\/uploads\/2015\/08\/logo-dollmarmeccanica-300x280_c.jpg\",\"width\":300,\"height\":280,\"caption\":\"Dollmar Meccanica\"},\"image\":{\"@id\":\"https:\/\/dollmarmeccanica.com\/cms\/#\/schema\/logo\/image\/\"}}]}<\/script>\n<!-- \/ Yoast SEO plugin. -->","yoast_head_json":{"title":"Emissioni in atmosfera - Dollmar Meccanica S.r.l","description":"Dollmar Meccanica offre supporto per effettuare i controlli periodici ai camini di emissione in atmosfera e negli ambienti di lavoro >>","robots":{"index":"index","follow":"follow","max-snippet":"max-snippet:-1","max-image-preview":"max-image-preview:large","max-video-preview":"max-video-preview:-1"},"canonical":"https:\/\/dollmarmeccanica.com\/cms\/emissioni-in-atmosfera\/","og_locale":"it_IT","og_type":"article","og_title":"Emissioni in atmosfera - Dollmar Meccanica S.r.l","og_description":"Dollmar Meccanica offre supporto per effettuare i controlli periodici ai camini di emissione in atmosfera e negli ambienti di lavoro >>","og_url":"https:\/\/dollmarmeccanica.com\/cms\/emissioni-in-atmosfera\/","og_site_name":"Dollmar Meccanica S.r.l","article_modified_time":"2020-07-30T12:18:12+00:00","twitter_card":"summary_large_image","twitter_misc":{"Tempo di lettura stimato":"1 minuto"},"schema":{"@context":"https:\/\/schema.org","@graph":[{"@type":"WebPage","@id":"https:\/\/dollmarmeccanica.com\/cms\/emissioni-in-atmosfera\/","url":"https:\/\/dollmarmeccanica.com\/cms\/emissioni-in-atmosfera\/","name":"Emissioni in atmosfera - Dollmar Meccanica S.r.l","isPartOf":{"@id":"https:\/\/dollmarmeccanica.com\/cms\/#website"},"datePublished":"2020-07-30T12:16:49+00:00","dateModified":"2020-07-30T12:18:12+00:00","description":"Dollmar Meccanica offre supporto per effettuare i controlli periodici ai camini di emissione in atmosfera e negli ambienti di lavoro >>","breadcrumb":{"@id":"https:\/\/dollmarmeccanica.com\/cms\/emissioni-in-atmosfera\/#breadcrumb"},"inLanguage":"it-IT","potentialAction":[{"@type":"ReadAction","target":["https:\/\/dollmarmeccanica.com\/cms\/emissioni-in-atmosfera\/"]}]},{"@type":"BreadcrumbList","@id":"https:\/\/dollmarmeccanica.com\/cms\/emissioni-in-atmosfera\/#breadcrumb","itemListElement":[{"@type":"ListItem","position":1,"name":"Home","item":"https:\/\/dollmarmeccanica.com\/cms\/"},{"@type":"ListItem","position":2,"name":"Emissioni in atmosfera"}]},{"@type":"WebSite","@id":"https:\/\/dollmarmeccanica.com\/cms\/#website","url":"https:\/\/dollmarmeccanica.com\/cms\/","name":"Dollmar Meccanica S.r.l","description":"Impianti di lavaggio industriali","publisher":{"@id":"https:\/\/dollmarmeccanica.com\/cms\/#organization"},"potentialAction":[{"@type":"SearchAction","target":{"@type":"EntryPoint","urlTemplate":"https:\/\/dollmarmeccanica.com\/cms\/?s={search_term_string}"},"query-input":"required name=search_term_string"}],"inLanguage":"it-IT"},{"@type":"Organization","@id":"https:\/\/dollmarmeccanica.com\/cms\/#organization","name":"Dollmar Meccanica","url":"https:\/\/dollmarmeccanica.com\/cms\/","logo":{"@type":"ImageObject","inLanguage":"it-IT","@id":"https:\/\/dollmarmeccanica.com\/cms\/#\/schema\/logo\/image\/","url":"https:\/\/dollmarmeccanica.com\/cms\/wp-content\/uploads\/2015\/08\/logo-dollmarmeccanica-300x280_c.jpg","contentUrl":"https:\/\/dollmarmeccanica.com\/cms\/wp-content\/uploads\/2015\/08\/logo-dollmarmeccanica-300x280_c.jpg","width":300,"height":280,"caption":"Dollmar Meccanica"},"image":{"@id":"https:\/\/dollmarmeccanica.com\/cms\/#\/schema\/logo\/image\/"}}]}},"_links":{"self":[{"href":"https:\/\/dollmarmeccanica.com\/cms\/wp-json\/wp\/v2\/pages\/6401"}],"collection":[{"href":"https:\/\/dollmarmeccanica.com\/cms\/wp-json\/wp\/v2\/pages"}],"about":[{"href":"https:\/\/dollmarmeccanica.com\/cms\/wp-json\/wp\/v2\/types\/page"}],"author":[{"embeddable":true,"href":"https:\/\/dollmarmeccanica.com\/cms\/wp-json\/wp\/v2\/users\/10"}],"replies":[{"embeddable":true,"href":"https:\/\/dollmarmeccanica.com\/cms\/wp-json\/wp\/v2\/comments?post=6401"}],"version-history":[{"count":2,"href":"https:\/\/dollmarmeccanica.com\/cms\/wp-json\/wp\/v2\/pages\/6401\/revisions"}],"predecessor-version":[{"id":6403,"href":"https:\/\/dollmarmeccanica.com\/cms\/wp-json\/wp\/v2\/pages\/6401\/revisions\/6403"}],"wp:attachment":[{"href":"https:\/\/dollmarmeccanica.com\/cms\/wp-json\/wp\/v2\/media?parent=6401"}],"curies":[{"name":"wp","href":"https:\/\/api.w.org\/{rel}","templated":true}]}}