{"id":6157,"date":"2019-02-27T16:28:47","date_gmt":"2019-02-27T16:28:47","guid":{"rendered":"https:\/\/dollmarmeccanica.com\/cms\/?page_id=6157"},"modified":"2019-02-27T16:51:08","modified_gmt":"2019-02-27T16:51:08","slug":"informativa-candidati","status":"publish","type":"page","link":"https:\/\/dollmarmeccanica.com\/cms\/informativa-candidati\/","title":{"rendered":"Informativa Candidati"},"content":{"rendered":"<p>INFORMATIVA SUL TRATTAMENTO DI DATI PERSONALI ai sensi dell\u2019art. 13 del Regolamento UE 2016\/679, Regolamento Generale sulla Protezione dei Dati (\u201cRGPD\u201d)<br \/>\nLa presente informativa \u00e8 resa per il trattamento dei dati raccolti nell\u2019ambito della pagina \u201cLavora con noi\u201d https:\/\/www.dollmarmeccanica.com\/cms\/lavora-con-noi del sito web &#8220;www.dollmarmeccanica.com&#8221; (\u201cSito\u201d) di propriet\u00e0 della societ\u00e0 Dollmar S.p.A., e non anche per altri siti web terzi eventualmente consultati dall\u2019utente tramite link.<br \/>\nTramite la pagina web sopra menzionata gli utenti possono sottoporre le proprie candidature spontanee in relazione a posizioni aperte presso la Societ\u00e0.<\/p>\n<h6>TITOLARE DEL TRATTAMENTO<\/h6>\n<p>Dollmar S.p.A.<br \/>\nDollmar Meccanica Srl<br \/>\nSede amministrativa<br \/>\nVia Bruno Buozzi 4<br \/>\n20090 Caleppio di Settala (MI)<br \/>\nC.F. e P.IVA 06833110965<br \/>\n(&#8220;Dollmar Meccanica&#8221; o la &#8220;Societ\u00e0&#8221;)<\/p>\n<h6>DATI PERSONALI OGGETTO DI TRATTAMENTO<\/h6>\n<p>In aggiunta a quant\u2019altro previsto anche in altre pagine, tramite la pagina \u201cLavora con noi\u201d del Sito possono essere raccolti e trattati i seguenti dati:<br \/>\n&#8211; dati personali comuni e identificativi: rientrano in questa categoria nome e cognome, indirizzo e-mail, numero di telefono;<br \/>\n&#8211; i dati personali contenuti all\u2019interno del curriculum vitae allegato telematicamente;<br \/>\n&#8211; gli ulteriori dati eventualmente forniti tramite la compilazione del form elettronico (quali, a mero titolo d\u2019esempio, la posizione per la quale ci si candida e gli ulteriori dati inseriti nel campo \u201cil tuo messaggio\u201d).<br \/>\nSalvo il caso in cui la conoscibilit\u00e0 di determinati dati appartenenti a \u201ccategorie particolari\u201d sia necessaria ai sensi di legge o sia strettamente indispensabile all\u2019instaurazione del rapporto di lavoro o di collaborazione e non contrasti con specifiche disposizioni di legge (quali quelle di cui alla Legge n. 300\/1970, Statuto dei Lavoratori, ed in materia di pari opportunit\u00e0 o volte a prevenire discriminazioni), la Societ\u00e0 non raccoglie in fase di ricerca e selezione ed invita i candidati a non fornire e a non riportare in documenti e nel curriculum vitae caricati tramite il Sito dati personali appartenenti a \u201ccategorie particolari\u201d (quali, a mero titolo d\u2019esempio, dati sulle condizioni di salute, sull\u2019appartenenza a categorie protette, informazioni sull\u2019adesione a partiti, sindacati o altre organizzazioni o associazioni a carattere religioso).<br \/>\nEventuali dati appartenenti a \u201ccategorie particolari\u201d saranno immediatamente cancellati in mancanza di una dichiarazione scritta del candidato, previa presa visione della presente nota informativa.<\/p>\n<h6>BASE GIURIDICA E FINALITA\u2019 DEL TRATTAMENTO<\/h6>\n<p>Il trattamento dei dati personali \u00e8 basato sulla sussistenza di un obbligo pre-contrattuale o di legge ed \u00e8 diretto esclusivamente al raggiungimento delle seguenti finalit\u00e0:<br \/>\n(i) in adempimento di obblighi pre-contrattuali &#8211; per gestire e valutare la candidatura inoltrata tramite il Sito ai fini del suo eventuale inserimento nella Societ\u00e0 stessa, ivi espressamente incluso per contattare il candidato e fissare e gestire un colloquio, cos\u00ec dando seguito ad una sua specifica richiesta;<\/p>\n<p>(ii) in adempimento di obblighi di legge \u2013 per l\u2019adempimento di obblighi derivanti dalla legge o dai regolamenti, nazionali e\/o comunitari, in vigore, ivi incluso in ambito fiscale, nonch\u00e9 da disposizioni impartite da autorit\u00e0 ed enti competenti.<\/p>\n<h6>NATURA OBBLIGATORIA O FACOLTATIVA DEL CONFERIMENTO DEI DATI<\/h6>\n<p>Il conferimento dei dati per le finalit\u00e0 sopra indicate \u00e8 meramente facoltativo. Tuttavia, poich\u00e9 tale trattamento \u00e8 necessario per consentire la valutazione della richiesta in relazione alla sottoposizione di una candidatura, il mancato, parziale o inesatto conferimento dei dati in questione comporter\u00e0 l\u2019impossibilit\u00e0, a seconda dei casi, di gestire e dare corso alla procedura di selezione.<\/p>\n<h6>COMUNICAZIONE DEI DATI<\/h6>\n<p>I dati potranno essere comunicati alle seguenti categorie di soggetti (\u201cdestinatari\u201d):<\/p>\n<p>&#8211; a tutti quei soggetti (ivi incluse le Pubbliche Autorit\u00e0) che hanno accesso ai dati personali in forza di provvedimenti normativi o amministrativi;<\/p>\n<p>&#8211; a tutti quei soggetti, pubblici e\/o privati, persone fisiche e\/o giuridiche a cui la comunicazione risulti necessaria o funzionale al corretto adempimento di un obbligo contrattuale o di legge.<br \/>\nIn aggiunta a quanto precede, per il perseguimento delle finalit\u00e0 sopra descritte, i dati personali potranno essere resi conoscibili a dipendenti dell\u2019Ufficio del Personale della Societ\u00e0 oppure a soggetti che operano per conto della Societ\u00e0, quali, a titolo meramente esemplificativo e non esaustivo,<\/p>\n<p>\u2010 a societ\u00e0, consulenti o professionisti eventualmente incaricati dell\u2019installazione, della manutenzione, dell\u2019aggiornamento e, in generale, della gestione degli hardware e software del Sito;<\/p>\n<p>\u2010 a professionisti e consulenti legali e fiscali della Societ\u00e0,<br \/>\nche li tratteranno in qualit\u00e0 di responsabili esterni del trattamento dei dati personali.<br \/>\nIn ogni caso i dati personali non saranno trasferiti verso Paesi extra-UE o al di fuori dello Spazio Economico Europeo.<\/p>\n<h6>TEMPI DI CONSERVAZIONE DEI DATI PERSONALI<\/h6>\n<p>I dati personali saranno conservati per il tempo necessario a valutare la candidatura e per tutta la fase e procedura di selezione e, successivamente, per un periodo non superiore a 12 mesi (per contatti ed eventuali colloqui futuri), nonch\u00e9 comunque per il tempo massimo previsto dalle disposizioni di legge applicabili in materia di prescrizione dei diritti e\/o decadenza dell\u2019azione (anche in ambito amministrativo-fiscale) e, in generale, per l\u2019esercizio\/difesa dei diritti della Societ\u00e0 nelle vertenze promosse da pubbliche autorit\u00e0, soggetti \/enti pubblici e soggetti privati.<\/p>\n<h6>MINORI DI ANNI 16<\/h6>\n<p>La pagina web \u201cLavora con noi\u201d non contiene informazioni n\u00e9 funzionalit\u00e0 o servizi direttamente destinati a utenti di et\u00e0 inferiore a 16 anni.<br \/>\nI minori non devono conferire informazioni o dati personali in assenza del consenso degli esercenti la responsabilit\u00e0 genitoriale su di loro.<br \/>\nSi invitano, dunque, tutti gli utenti che non abbiano compiuto 16 anni a non comunicare in nessun caso i propri dati personali senza la previa autorizzazione di un genitore o dell\u2019esercente la responsabilit\u00e0 genitoriale. Qualora la Societ\u00e0 venisse a conoscenza del fatto che i dati personali sono stati forniti da persona minore di et\u00e0 (minore di anni 16), la Societ\u00e0 stessa provveder\u00e0 all\u2019immediata distruzione degli stessi o a chiedere la trasmissione di apposito consenso da parte dei genitori (o dell\u2019esercente la responsabilit\u00e0 genitoriale), riservandosi altres\u00ec la facolt\u00e0 di inibire l&#8217;accesso ai servizi disponibili sul Sito a qualsiasi utente che abbia celato la propria minore et\u00e0 o che abbia comunque comunicato i propri dati personali in assenza del consenso dei propri genitori (o dell\u2019esercente la responsabilit\u00e0 genitoriale).<\/p>\n<h4>DIRITTI<\/h4>\n<p>In qualit\u00e0 di interessato del trattamento, l\u2019utente ha diritto di chiedere al Titolare di esercitare i seguenti diritti:<\/p>\n<h6>Diritto di accesso<\/h6>\n<p>Potr\u00e0 richiedere di ottenere la conferma in merito all\u2019esistenza o meno di un trattamento sui Suoi dati personali e, in caso positivo, di accedere a tali dati e ad informazioni specifiche. Potr\u00e0, inoltre, chiedere una copia dei Suoi dati.<\/p>\n<h6>Diritto di rettifica<\/h6>\n<p>Ha il diritto di chiedere ed ottenere rettifica dei dati personali che lo riguardano e\/o l\u2019integrazione dei dati personali incompleti.<\/p>\n<h6>Diritto di cancellazione<\/h6>\n<p>Potr\u00e0 ottenere la cancellazione dei dati, senza ingiustificato ritardo, tra l\u2019altro, se (i) tali dati non sono pi\u00f9 necessari per le finalit\u00e0 per cui sono stati raccolti, (ii) si oppone al trattamento dei suoi dati (come di seguito indicato) e non sussiste altro motivo legittimo prevalente per il trattamento, (iii) i dati sono trattati illecitamente, (iv) i dati devono essere cancellati in forza di un obbligo di legge. Tale diritto non si applica se il trattamento dei dati \u00e8 necessario, tra l\u2019altro, per l\u2019adempimento di un obbligo di legge e per l\u2019accertamento, l\u2019esercizio o la difesa in giudizio di un diritto.<\/p>\n<h6>Diritto di limitazione<\/h6>\n<p>Ha diritto di ottenere la limitazione del trattamento dei dati personali, il che significa che il trattamento dei dati sar\u00e0 sospeso per un certo periodo di tempo. Le circostanze che possono dare origine a questo diritto comprendono situazioni in cui \u00e8 stata contestata la precisione dei dati personali, ma ci \u00e8 necessario un po\u2019 di tempo per verificarne la (im)precisione. Questo diritto non impedisce di continuare a trattare i dati personali.<\/p>\n<h6>Diritto di opposizione<\/h6>\n<p>Ha il diritto di opporsi in qualsiasi momento al trattamento basato su un legittimo interesse del titolare, salva la dimostrazione da parte di quest\u2019ultimo dell\u2019esistente di motivi legittimi cogenti per procedere al trattamento che prevalgano sugli interessi, diritti e libert\u00e0 fondamentali dell\u2019interessato oppure per l\u2019accertamento, l\u2019esercizio o la difesa di un diritto in sede giudiziaria.<\/p>\n<p>Ha, infine, diritto di proporre reclamo all\u2019Autorit\u00e0 di Controllo (http:\/\/www.garanteprivacy.it\/).<br \/>\nI diritti di cui sopra potranno essere esercitati con richiesta rivolta senza formalit\u00e0 al Titolare. La richiesta potr\u00e0 essere inviata al Titolare tramite lettera o posta elettronica ai seguenti indirizzi: Via Bruno Buozzi, 2 &#8211; 20090 Caleppio di Settala (Milano) email: personale@dollmar.com \u00c8 possibile che questa informativa sia ulteriormente soggetta ad aggiornamenti. Il Titolare invita, pertanto, gli utenti a visitare periodicamente questa pagina allo scopo di venire a conoscenza di eventuali modifiche od aggiornamenti.<\/p>\n<p><a href=\"https:\/\/dollmarmeccanica.com\/cms\/wp-content\/uploads\/2019\/02\/Dollmec-Informativa-candidati.pdf\" target=\"_blank\" rel=\"noopener\">Scarica Informativa Candidati<\/a><\/p>","protected":false},"excerpt":{"rendered":"<p>INFORMATIVA SUL TRATTAMENTO DI DATI PERSONALI ai sensi dell\u2019art. 13 del Regolamento UE 2016\/679, Regolamento Generale sulla Protezione dei Dati (\u201cRGPD\u201d) La presente informativa \u00e8 resa per il trattamento dei dati raccolti nell\u2019ambito della pagina \u201cLavora con noi\u201d https:\/\/www.dollmarmeccanica.com\/cms\/lavora-con-noi del sito web &#8220;www.dollmarmeccanica.com&#8221; (\u201cSito\u201d) di propriet\u00e0 della societ\u00e0 Dollmar S.p.A., e non anche per altri [&hellip;]<\/p>\n","protected":false},"author":1,"featured_media":0,"parent":0,"menu_order":76,"comment_status":"closed","ping_status":"closed","template":"","meta":[],"yoast_head":"<!-- This site is optimized with the Yoast SEO plugin v20.3 - https:\/\/yoast.com\/wordpress\/plugins\/seo\/ -->\n<title>Informativa Candidati - Dollmar Meccanica S.r.l<\/title>\n<meta name=\"robots\" content=\"index, follow, max-snippet:-1, max-image-preview:large, max-video-preview:-1\" \/>\n<link rel=\"canonical\" href=\"https:\/\/dollmarmeccanica.com\/cms\/en\/informativa-candidati\/\" \/>\n<meta property=\"og:locale\" content=\"it_IT\" \/>\n<meta property=\"og:type\" content=\"article\" \/>\n<meta property=\"og:title\" content=\"Informativa Candidati - Dollmar Meccanica S.r.l\" \/>\n<meta property=\"og:description\" content=\"INFORMATIVA SUL TRATTAMENTO DI DATI PERSONALI ai sensi dell\u2019art. 13 del Regolamento UE 2016\/679, Regolamento Generale sulla Protezione dei Dati (\u201cRGPD\u201d) La presente informativa \u00e8 resa per il trattamento dei dati raccolti nell\u2019ambito della pagina \u201cLavora con noi\u201d https:\/\/www.dollmarmeccanica.com\/cms\/lavora-con-noi del sito web &#8220;www.dollmarmeccanica.com&#8221; (\u201cSito\u201d) di propriet\u00e0 della societ\u00e0 Dollmar S.p.A., e non anche per altri [&hellip;]\" \/>\n<meta property=\"og:url\" content=\"https:\/\/dollmarmeccanica.com\/cms\/en\/informativa-candidati\/\" \/>\n<meta property=\"og:site_name\" content=\"Dollmar Meccanica S.r.l\" \/>\n<meta property=\"article:modified_time\" content=\"2019-02-27T16:51:08+00:00\" \/>\n<meta name=\"twitter:card\" content=\"summary_large_image\" \/>\n<meta name=\"twitter:label1\" content=\"Tempo di lettura stimato\" \/>\n\t<meta name=\"twitter:data1\" content=\"7 minuti\" \/>\n<script type=\"application\/ld+json\" class=\"yoast-schema-graph\">{\"@context\":\"https:\/\/schema.org\",\"@graph\":[{\"@type\":\"WebPage\",\"@id\":\"https:\/\/dollmarmeccanica.com\/cms\/en\/informativa-candidati\/\",\"url\":\"https:\/\/dollmarmeccanica.com\/cms\/en\/informativa-candidati\/\",\"name\":\"Informativa Candidati - Dollmar Meccanica S.r.l\",\"isPartOf\":{\"@id\":\"https:\/\/dollmarmeccanica.com\/cms\/#website\"},\"datePublished\":\"2019-02-27T16:28:47+00:00\",\"dateModified\":\"2019-02-27T16:51:08+00:00\",\"breadcrumb\":{\"@id\":\"https:\/\/dollmarmeccanica.com\/cms\/en\/informativa-candidati\/#breadcrumb\"},\"inLanguage\":\"it-IT\",\"potentialAction\":[{\"@type\":\"ReadAction\",\"target\":[\"https:\/\/dollmarmeccanica.com\/cms\/en\/informativa-candidati\/\"]}]},{\"@type\":\"BreadcrumbList\",\"@id\":\"https:\/\/dollmarmeccanica.com\/cms\/en\/informativa-candidati\/#breadcrumb\",\"itemListElement\":[{\"@type\":\"ListItem\",\"position\":1,\"name\":\"Home\",\"item\":\"https:\/\/dollmarmeccanica.com\/cms\/\"},{\"@type\":\"ListItem\",\"position\":2,\"name\":\"(Italiano) Informativa Candidati\"}]},{\"@type\":\"WebSite\",\"@id\":\"https:\/\/dollmarmeccanica.com\/cms\/#website\",\"url\":\"https:\/\/dollmarmeccanica.com\/cms\/\",\"name\":\"Dollmar Meccanica S.r.l\",\"description\":\"Impianti di lavaggio industriali\",\"publisher\":{\"@id\":\"https:\/\/dollmarmeccanica.com\/cms\/#organization\"},\"potentialAction\":[{\"@type\":\"SearchAction\",\"target\":{\"@type\":\"EntryPoint\",\"urlTemplate\":\"https:\/\/dollmarmeccanica.com\/cms\/?s={search_term_string}\"},\"query-input\":\"required name=search_term_string\"}],\"inLanguage\":\"it-IT\"},{\"@type\":\"Organization\",\"@id\":\"https:\/\/dollmarmeccanica.com\/cms\/#organization\",\"name\":\"Dollmar Meccanica\",\"url\":\"https:\/\/dollmarmeccanica.com\/cms\/\",\"logo\":{\"@type\":\"ImageObject\",\"inLanguage\":\"it-IT\",\"@id\":\"https:\/\/dollmarmeccanica.com\/cms\/#\/schema\/logo\/image\/\",\"url\":\"https:\/\/dollmarmeccanica.com\/cms\/wp-content\/uploads\/2015\/08\/logo-dollmarmeccanica-300x280_c.jpg\",\"contentUrl\":\"https:\/\/dollmarmeccanica.com\/cms\/wp-content\/uploads\/2015\/08\/logo-dollmarmeccanica-300x280_c.jpg\",\"width\":300,\"height\":280,\"caption\":\"Dollmar Meccanica\"},\"image\":{\"@id\":\"https:\/\/dollmarmeccanica.com\/cms\/#\/schema\/logo\/image\/\"}}]}<\/script>\n<!-- \/ Yoast SEO plugin. -->","yoast_head_json":{"title":"Informativa Candidati - Dollmar Meccanica S.r.l","robots":{"index":"index","follow":"follow","max-snippet":"max-snippet:-1","max-image-preview":"max-image-preview:large","max-video-preview":"max-video-preview:-1"},"canonical":"https:\/\/dollmarmeccanica.com\/cms\/en\/informativa-candidati\/","og_locale":"it_IT","og_type":"article","og_title":"Informativa Candidati - Dollmar Meccanica S.r.l","og_description":"INFORMATIVA SUL TRATTAMENTO DI DATI PERSONALI ai sensi dell\u2019art. 13 del Regolamento UE 2016\/679, Regolamento Generale sulla Protezione dei Dati (\u201cRGPD\u201d) La presente informativa \u00e8 resa per il trattamento dei dati raccolti nell\u2019ambito della pagina \u201cLavora con noi\u201d https:\/\/www.dollmarmeccanica.com\/cms\/lavora-con-noi del sito web &#8220;www.dollmarmeccanica.com&#8221; (\u201cSito\u201d) di propriet\u00e0 della societ\u00e0 Dollmar S.p.A., e non anche per altri [&hellip;]","og_url":"https:\/\/dollmarmeccanica.com\/cms\/en\/informativa-candidati\/","og_site_name":"Dollmar Meccanica S.r.l","article_modified_time":"2019-02-27T16:51:08+00:00","twitter_card":"summary_large_image","twitter_misc":{"Tempo di lettura stimato":"7 minuti"},"schema":{"@context":"https:\/\/schema.org","@graph":[{"@type":"WebPage","@id":"https:\/\/dollmarmeccanica.com\/cms\/en\/informativa-candidati\/","url":"https:\/\/dollmarmeccanica.com\/cms\/en\/informativa-candidati\/","name":"Informativa Candidati - Dollmar Meccanica S.r.l","isPartOf":{"@id":"https:\/\/dollmarmeccanica.com\/cms\/#website"},"datePublished":"2019-02-27T16:28:47+00:00","dateModified":"2019-02-27T16:51:08+00:00","breadcrumb":{"@id":"https:\/\/dollmarmeccanica.com\/cms\/en\/informativa-candidati\/#breadcrumb"},"inLanguage":"it-IT","potentialAction":[{"@type":"ReadAction","target":["https:\/\/dollmarmeccanica.com\/cms\/en\/informativa-candidati\/"]}]},{"@type":"BreadcrumbList","@id":"https:\/\/dollmarmeccanica.com\/cms\/en\/informativa-candidati\/#breadcrumb","itemListElement":[{"@type":"ListItem","position":1,"name":"Home","item":"https:\/\/dollmarmeccanica.com\/cms\/"},{"@type":"ListItem","position":2,"name":"(Italiano) Informativa Candidati"}]},{"@type":"WebSite","@id":"https:\/\/dollmarmeccanica.com\/cms\/#website","url":"https:\/\/dollmarmeccanica.com\/cms\/","name":"Dollmar Meccanica S.r.l","description":"Impianti di lavaggio industriali","publisher":{"@id":"https:\/\/dollmarmeccanica.com\/cms\/#organization"},"potentialAction":[{"@type":"SearchAction","target":{"@type":"EntryPoint","urlTemplate":"https:\/\/dollmarmeccanica.com\/cms\/?s={search_term_string}"},"query-input":"required name=search_term_string"}],"inLanguage":"it-IT"},{"@type":"Organization","@id":"https:\/\/dollmarmeccanica.com\/cms\/#organization","name":"Dollmar Meccanica","url":"https:\/\/dollmarmeccanica.com\/cms\/","logo":{"@type":"ImageObject","inLanguage":"it-IT","@id":"https:\/\/dollmarmeccanica.com\/cms\/#\/schema\/logo\/image\/","url":"https:\/\/dollmarmeccanica.com\/cms\/wp-content\/uploads\/2015\/08\/logo-dollmarmeccanica-300x280_c.jpg","contentUrl":"https:\/\/dollmarmeccanica.com\/cms\/wp-content\/uploads\/2015\/08\/logo-dollmarmeccanica-300x280_c.jpg","width":300,"height":280,"caption":"Dollmar Meccanica"},"image":{"@id":"https:\/\/dollmarmeccanica.com\/cms\/#\/schema\/logo\/image\/"}}]}},"_links":{"self":[{"href":"https:\/\/dollmarmeccanica.com\/cms\/wp-json\/wp\/v2\/pages\/6157"}],"collection":[{"href":"https:\/\/dollmarmeccanica.com\/cms\/wp-json\/wp\/v2\/pages"}],"about":[{"href":"https:\/\/dollmarmeccanica.com\/cms\/wp-json\/wp\/v2\/types\/page"}],"author":[{"embeddable":true,"href":"https:\/\/dollmarmeccanica.com\/cms\/wp-json\/wp\/v2\/users\/1"}],"replies":[{"embeddable":true,"href":"https:\/\/dollmarmeccanica.com\/cms\/wp-json\/wp\/v2\/comments?post=6157"}],"version-history":[{"count":4,"href":"https:\/\/dollmarmeccanica.com\/cms\/wp-json\/wp\/v2\/pages\/6157\/revisions"}],"predecessor-version":[{"id":6164,"href":"https:\/\/dollmarmeccanica.com\/cms\/wp-json\/wp\/v2\/pages\/6157\/revisions\/6164"}],"wp:attachment":[{"href":"https:\/\/dollmarmeccanica.com\/cms\/wp-json\/wp\/v2\/media?parent=6157"}],"curies":[{"name":"wp","href":"https:\/\/api.w.org\/{rel}","templated":true}]}}