{"id":6123,"date":"2019-02-15T11:18:06","date_gmt":"2019-02-15T11:18:06","guid":{"rendered":"https:\/\/dollmarmeccanica.com\/cms\/?page_id=6123"},"modified":"2023-04-13T09:51:14","modified_gmt":"2023-04-13T09:51:14","slug":"privacy-policy","status":"publish","type":"page","link":"https:\/\/dollmarmeccanica.com\/cms\/privacy-policy\/","title":{"rendered":"Privacy Policy"},"content":{"rendered":"<p>La presente Privacy Policy ha lo scopo di descrivere le modalit\u00e0 di gestione del sito web www.dollmarmeccanica.com, in propriet\u00e0 ed operativamente gestito da DOLLMAR MECCANICA SRL. (\u201cSito\u201d) in riferimento al trattamento dei dati personali degli utenti\/visitatori che lo consultano. Si tratta di un\u2019informativa che \u00e8 resa anche ai sensi dell\u2019art. 13 del Regolamento UE 2016\/679, Regolamento Generale sulla Protezione dei Dati (\u201cRGPD\u201d) e, se ed in quanto applicabile, del D. Lgs. n. 196\/2003, Codice in materia di protezione dei dati personali.<br \/>\nSi ricorda inoltre che i siti terzi eventualmente richiamati attraverso appositi link presenti in questo Sito sono disciplinati da una policy sulla privacy separata rispetto alla presente e che esula dalla stessa.<br \/>\nL\u2019informativa \u00e8 destinata a tutti i soggetti che interagiscano con le pagine web del Sito.<\/p>\n<h6>TITOLARE<\/h6>\n<p>Dollmar Meccanica Srl.<br \/>\nsede legale in Caleppio di Settala, Via Buozzi, 4,<br \/>\nC.F. e P.IVA 06833110965<br \/>\n(\u201cDollmar Meccanica \u201d, \u201cTitolare\u201d o \u201cSociet\u00e0\u201d)<\/p>\n<h6>DATI PERSONALI<br \/>\nOGGETTO DI TRATTAMENTO<\/h6>\n<p>In aggiunta a quant\u2019altro previsto anche in altre pagine del Sito, tramite il Sito e l\u2019utilizzo delle relative funzionalit\u00e0 e\/o l\u2019adesione ai servizi ivi previsti possono essere raccolti e trattati i seguenti dati:<br \/>\n&#8211; dati di navigazione: sono i dati che il server registra automaticamente ad ogni visita del sito, quali gli indirizzi IP o i nomi a dominio dei computer utilizzati dagli utenti che si connettono al Sito, gli indirizzi in notazione URI (Uniform Resource Identifier) delle risorse richieste, l\u2019orario della richiesta, il metodo utilizzato nel sottoporre la richiesta al server, la dimensione del file ottenuto in risposta, il codice numerico indicante lo stato della risposta data dal server (buon fine, errore, ecc.) ed altri parametri relativi al sistema operativo e all\u2019ambiente informatico dell\u2019utente;<br \/>\n&#8211; Dati personali comuni e identificativi: rientrano in questa categoria nome e cognome, e-mail, telefono, ulteriori dati ed informazioni eventualmente contenuti in messaggi inviati ai recapiti indicati sul Sito o tramite compilazione di moduli ivi pubblicati.<\/p>\n<h6>BASE GIURIDICA E FINALITA\u2019 DEL TRATTAMENTO<\/h6>\n<p>Il trattamento dei dati personali \u00e8 basato sulla sussistenza di un obbligo contrattuale o di legge oppure, a seconda dei casi e come meglio precisato a seguente capoverso, sulla sussistenza di un\u00a0 interesse legittimo della Societ\u00e0, ed \u00e8 diretto esclusivamente al raggiungimento delle seguenti finalit\u00e0:<br \/>\n(i) in adempimento di obblighi contrattuali o pre-contrattuali &#8211; per la corretta erogazione dei servizi richiesti o comunque accessibili tramite il Sito e\/o tramite moduli ivi messi a disposizione, nonch\u00e9 per gestire ed elaborare le domande e le richieste di interazioni con la Societ\u00e0 ed i soggetti riconducibili all\u2019organizzazione del Titolare, anche al fine di ottenere chiarimenti sull\u2019uso dei prodotti o su dove reperire i prodotti;<br \/>\n(ii) in adempimento di obblighi di legge &#8211; per l\u2019adempimento di obblighi derivanti dalla legge o dai regolamenti, nazionali e\/o comunitari, in vigore, ivi incluso in ambito fiscale, nonch\u00e9 da disposizioni impartite da autorit\u00e0 ed enti competenti;<br \/>\n(iii) in forza di un legittimo interesse della Societ\u00e0 &#8211; per la difesa in giudizio di un diritto od interesse dinanzi a qualunque autorit\u00e0 od ente competente (anche in ambito di reati informatici); per consentire una migliore fruizione dei servizi ed un migliore ambiente di navigazione; per lo svolgimento di analisi statistiche e indagini di mercato su dati aggregati; nei limiti e per le sole finalit\u00e0 di erogazione dei servizi accessibili attraverso il Sito, per consentire agli utenti di conoscere ed approfondire i prodotti, l\u2019attivit\u00e0, i servizi, gli eventi e le altre iniziative organizzate o svolte da parte del Titolare.<\/p>\n<h6>NATURA OBBLIGATORIA O FACOLTATIVA DEL CONFERIMENTO DEI DATI<\/h6>\n<p>Il conferimento dei dati per le finalit\u00e0 di cui ai punti (i) (adempimento di obblighi contrattuali), (ii) (adempimento di obblighi di legge) e (iii) (legittimo interesse della Societ\u00e0) sopra indicate \u00e8 meramente facoltativo.<br \/>\nTuttavia, poich\u00e9 tale trattamento \u00e8 necessario per consentire la navigazione sul Sito e la fruizione dei servizi offerti tramite quest\u2019ultimo, compresi quelli derivanti e\/o connessi alla sottoposizione di una candidatura tramite la funzione \u201cLavora con noi\u201d, il mancato, parziale o inesatto conferimento dei dati in questione comporter\u00e0 l\u2019impossibilit\u00e0, a seconda dei casi, di usufruire dei servizi prestati on line e, in generale, di dare corso ed evadere specifiche richieste dell\u2019utente.<\/p>\n<h6>COMUNICAZIONE DEI DATI<\/h6>\n<p>I dati potranno essere comunicati alle seguenti categorie di soggetti:<br \/>\n&#8211; a tutti quei soggetti (ivi incluse le Pubbliche Autorit\u00e0) che hanno accesso ai dati personali in forza di provvedimenti normativi o amministrativi;<br \/>\n&#8211; a tutti quei soggetti, pubblici e\/o privati, persone fisiche e\/o giuridiche a cui la comunicazione risulti necessaria o funzionale al corretto adempimento di un obbligo contrattuale o di legge.<br \/>\nIn aggiunta a quanto precede, per il perseguimento delle finalit\u00e0 sopra descritte, i dati personali potranno essere resi conoscibili a soggetti che operano per conto della Societ\u00e0, quali, a titolo meramente esemplificativo e non esaustivo,<br \/>\n&#8211; a societ\u00e0, consulenti o professionisti eventualmente incaricati dell\u2019installazione, della manutenzione, dell\u2019aggiornamento e, in generale, della gestione degli hardware e software del Sito;<br \/>\n&#8211; a societ\u00e0 o professionisti incaricati dello sviluppo, elaborazione e realizzazione e\/o dell\u2019invio di documentazione e\/o materiale informativo,<br \/>\n&#8211; a professionisti e consulenti legali e fiscali della Societ\u00e0, che li tratteranno in qualit\u00e0 di responsabili esterni del trattamento dei dati personali per conto della Societ\u00e0.<br \/>\nIn ogni caso i dati personali non saranno trasferiti verso Paesi extra-UE o al di fuori dello Spazio Economico Europeo.<\/p>\n<h6>TEMPI DI CONSERVAZIONE DEI DATI PERSONALI<\/h6>\n<p>I dati personali saranno conservati per tutta la durata del rapporto con la Societ\u00e0 e, successivamente, per il tempo massimo previsto dalle disposizioni di legge applicabili in materia di prescrizione dei diritti e\/o decadenza dell\u2019azione (anche in ambito amministrativo-fiscale) e, in generale, per l\u2019esercizio\/difesa dei diritti di Dollmar nelle vertenze promosse da pubbliche autorit\u00e0, soggetti \/enti pubblici e soggetti privati.<\/p>\n<h6>MINORI DI ANNI 16<\/h6>\n<p>Il Sito non contiene informazioni n\u00e9 funzionalit\u00e0 o servizi direttamente destinati a utenti di et\u00e0 inferiore a 16 anni.<br \/>\nI minori non devono conferire informazioni o dati personali in assenza del consenso degli esercenti la responsabilit\u00e0 genitoriale su di loro.<br \/>\nSi invitano, dunque, tutti gli utenti che non abbiano compiuto 16 anni a non comunicare in nessun caso i propri dati personali senza la previa autorizzazione di un genitore o dell\u2019esercente la responsabilit\u00e0 genitoriale.<\/p>\n<h5>DIRITTI<\/h5>\n<p>In qualit\u00e0 di interessato del trattamento, l\u2019utente ha diritto di chiedere al Titolare di esercitare i seguenti diritti:<\/p>\n<h6>Diritto di accesso<\/h6>\n<p>Potr\u00e0 richiedere di ottenere la conferma in merito all\u2019esistenza o meno di un trattamento sui Suoi dati personali e, in caso positivo, di accedere a tali dati e ad informazioni specifiche sul trattamento, quali, a titolo esemplificativo, le finalit\u00e0, le categorie di dati oggetto di trattamento, l\u2019esistenza degli altri diritti di seguito indicati. Potr\u00e0, inoltre, chiedere una copia dei Suoi dati.<\/p>\n<h6>Diritto di rettifica<\/h6>\n<p>Ha il diritto di chiedere ed ottenere rettifica dei dati personali che La riguardano e\/o l\u2019integrazione dei dati personali incompleti.<\/p>\n<h6>Diritto di cancellazione<\/h6>\n<p>Potr\u00e0 ottenere la cancellazione dei Suoi dati, senza ingiustificato ritardo, tra l\u2019altro, se (i) tali dati non sono pi\u00f9 necessari per le finalit\u00e0 per cui sono stati raccolti, (ii) si oppone al trattamento dei suoi dati (come di seguito indicato) e non sussiste altro motivo legittimo prevalente per il trattamento, (iii) i dati sono trattati illecitamente, (iv) i dati devono essere cancellati in forza di un obbligo di legge, (v) sono stati raccolti dati personali di un minore di 16 anni in relazione all\u2019offerta di servizi della societ\u00e0 dell\u2019informazione. Tale diritto non si applica se il trattamento dei dati \u00e8 necessario, tra l\u2019altro per l\u2019adempimento di un obbligo di legge o per per l\u2019accertamento, l\u2019esercizio o la difesa in giudizio di un diritto.<\/p>\n<h6>Diritto di limitazione<\/h6>\n<p>Ha diritto di ottenere la limitazione del trattamento dei dati personali, il che significa che il trattamento dei dati sar\u00e0 sospeso per un certo periodo di tempo. Le circostanze che possono dare origine a questo diritto comprendono situazioni in cui \u00e8 stata contestata la precisione dei dati personali, ma ci \u00e8 necessario un po\u2019 di tempo per verificarne la (im)precisione. Questo diritto non impedisce di continuare a trattare i dati personali.<\/p>\n<h6>Diritto alla portabilit\u00e0<\/h6>\n<p>In caso di trattamento automatizzato basato sul consenso o sull\u2019esecuzione di obblighi contrattuali, ha diritto di ricevere in formato strutturato, di uso comune e leggibile da dispositivo automatico i dati personali e di trasmetterli ad altro titolare del trattamento.<br \/>\nHa altres\u00ec diritto ad ottenere la trasmissione diretta dei dati da un titolare all\u2019altro, ove tecnicamente fattibile.<br \/>\nResta salva la possibilit\u00e0 di ottenere la cancellazione dei dati, come sopra indicato.<\/p>\n<h6>Diritto di opposizione<\/h6>\n<p>Ha il diritto di opporsi in qualsiasi momento, per motivi riguardanti la Sua particolare situazione, al trattamento basato su un legittimo interesse del Titolare, salva la dimostrazione da parte di quest\u2019ultimo di motivi legittimi cogenti per procedere al trattamento che prevalgano sugli interessi, diritti e libert\u00e0 fondamentali dell\u2019interessato oppure per l\u2019accertamento, l\u2019esercizio o la difesa di un diritto in sede giudiziaria.<\/p>\n<p>Ha, infine, diritto di proporre reclamo all\u2019Autorit\u00e0 di Controllo (http:\/\/www.garanteprivacy.it\/).<br \/>\nI diritti di cui sopra potranno essere esercitati con richiesta rivolta senza formalit\u00e0 al Titolare. La richiesta potr\u00e0 essere inviata al Titolare tramite lettera o posta elettronica ai seguenti indirizzi: Via Buozzi, 2 \u2013 Caleppio di Settala &#8211; email: marketing@dollmar.com<br \/>\n\u00c8 possibile che questa Privacy Policy sia ulteriormente soggetta a modifiche ed aggiornamenti, anche in dipendenza di variazioni nella normativa applicabile.<br \/>\nEventuali modifiche od aggiornamenti saranno portati a conoscenza dell\u2019utente tramite pubblicazione nella home page del Sito e saranno applicabili e vincolanti a decorrere da tale momento.<br \/>\nLa Societ\u00e0 invita, pertanto, gli utenti a visitare periodicamente questa pagina allo scopo di venire a conoscenza di eventuali modifiche od aggiornamenti.<\/p>","protected":false},"excerpt":{"rendered":"<p>La presente Privacy Policy ha lo scopo di descrivere le modalit\u00e0 di gestione del sito web www.dollmarmeccanica.com, in propriet\u00e0 ed operativamente gestito da DOLLMAR MECCANICA SRL. (\u201cSito\u201d) in riferimento al trattamento dei dati personali degli utenti\/visitatori che lo consultano. Si tratta di un\u2019informativa che \u00e8 resa anche ai sensi dell\u2019art. 13 del Regolamento UE 2016\/679, [&hellip;]<\/p>\n","protected":false},"author":1,"featured_media":0,"parent":0,"menu_order":87,"comment_status":"closed","ping_status":"closed","template":"","meta":[],"yoast_head":"<!-- This site is optimized with the Yoast SEO plugin v20.3 - https:\/\/yoast.com\/wordpress\/plugins\/seo\/ -->\n<title>Privacy Policy - Dollmar Meccanica S.r.l<\/title>\n<meta name=\"robots\" content=\"index, follow, max-snippet:-1, max-image-preview:large, max-video-preview:-1\" \/>\n<link rel=\"canonical\" href=\"https:\/\/dollmarmeccanica.com\/cms\/privacy-policy\/\" \/>\n<meta property=\"og:locale\" content=\"it_IT\" \/>\n<meta property=\"og:type\" content=\"article\" \/>\n<meta property=\"og:title\" content=\"Privacy Policy - Dollmar Meccanica S.r.l\" \/>\n<meta property=\"og:description\" content=\"La presente Privacy Policy ha lo scopo di descrivere le modalit\u00e0 di gestione del sito web www.dollmarmeccanica.com, in propriet\u00e0 ed operativamente gestito da DOLLMAR MECCANICA SRL. (\u201cSito\u201d) in riferimento al trattamento dei dati personali degli utenti\/visitatori che lo consultano. Si tratta di un\u2019informativa che \u00e8 resa anche ai sensi dell\u2019art. 13 del Regolamento UE 2016\/679, [&hellip;]\" \/>\n<meta property=\"og:url\" content=\"https:\/\/dollmarmeccanica.com\/cms\/privacy-policy\/\" \/>\n<meta property=\"og:site_name\" content=\"Dollmar Meccanica S.r.l\" \/>\n<meta property=\"article:modified_time\" content=\"2023-04-13T09:51:14+00:00\" \/>\n<meta name=\"twitter:card\" content=\"summary_large_image\" \/>\n<meta name=\"twitter:label1\" content=\"Tempo di lettura stimato\" \/>\n\t<meta name=\"twitter:data1\" content=\"9 minuti\" \/>\n<script type=\"application\/ld+json\" class=\"yoast-schema-graph\">{\"@context\":\"https:\/\/schema.org\",\"@graph\":[{\"@type\":\"WebPage\",\"@id\":\"https:\/\/dollmarmeccanica.com\/cms\/privacy-policy\/\",\"url\":\"https:\/\/dollmarmeccanica.com\/cms\/privacy-policy\/\",\"name\":\"Privacy Policy - Dollmar Meccanica S.r.l\",\"isPartOf\":{\"@id\":\"https:\/\/dollmarmeccanica.com\/cms\/#website\"},\"datePublished\":\"2019-02-15T11:18:06+00:00\",\"dateModified\":\"2023-04-13T09:51:14+00:00\",\"breadcrumb\":{\"@id\":\"https:\/\/dollmarmeccanica.com\/cms\/privacy-policy\/#breadcrumb\"},\"inLanguage\":\"it-IT\",\"potentialAction\":[{\"@type\":\"ReadAction\",\"target\":[\"https:\/\/dollmarmeccanica.com\/cms\/privacy-policy\/\"]}]},{\"@type\":\"BreadcrumbList\",\"@id\":\"https:\/\/dollmarmeccanica.com\/cms\/privacy-policy\/#breadcrumb\",\"itemListElement\":[{\"@type\":\"ListItem\",\"position\":1,\"name\":\"Home\",\"item\":\"https:\/\/dollmarmeccanica.com\/cms\/\"},{\"@type\":\"ListItem\",\"position\":2,\"name\":\"Privacy Policy\"}]},{\"@type\":\"WebSite\",\"@id\":\"https:\/\/dollmarmeccanica.com\/cms\/#website\",\"url\":\"https:\/\/dollmarmeccanica.com\/cms\/\",\"name\":\"Dollmar Meccanica S.r.l\",\"description\":\"Impianti di lavaggio industriali\",\"publisher\":{\"@id\":\"https:\/\/dollmarmeccanica.com\/cms\/#organization\"},\"potentialAction\":[{\"@type\":\"SearchAction\",\"target\":{\"@type\":\"EntryPoint\",\"urlTemplate\":\"https:\/\/dollmarmeccanica.com\/cms\/?s={search_term_string}\"},\"query-input\":\"required name=search_term_string\"}],\"inLanguage\":\"it-IT\"},{\"@type\":\"Organization\",\"@id\":\"https:\/\/dollmarmeccanica.com\/cms\/#organization\",\"name\":\"Dollmar Meccanica\",\"url\":\"https:\/\/dollmarmeccanica.com\/cms\/\",\"logo\":{\"@type\":\"ImageObject\",\"inLanguage\":\"it-IT\",\"@id\":\"https:\/\/dollmarmeccanica.com\/cms\/#\/schema\/logo\/image\/\",\"url\":\"https:\/\/dollmarmeccanica.com\/cms\/wp-content\/uploads\/2015\/08\/logo-dollmarmeccanica-300x280_c.jpg\",\"contentUrl\":\"https:\/\/dollmarmeccanica.com\/cms\/wp-content\/uploads\/2015\/08\/logo-dollmarmeccanica-300x280_c.jpg\",\"width\":300,\"height\":280,\"caption\":\"Dollmar Meccanica\"},\"image\":{\"@id\":\"https:\/\/dollmarmeccanica.com\/cms\/#\/schema\/logo\/image\/\"}}]}<\/script>\n<!-- \/ Yoast SEO plugin. -->","yoast_head_json":{"title":"Privacy Policy - Dollmar Meccanica S.r.l","robots":{"index":"index","follow":"follow","max-snippet":"max-snippet:-1","max-image-preview":"max-image-preview:large","max-video-preview":"max-video-preview:-1"},"canonical":"https:\/\/dollmarmeccanica.com\/cms\/privacy-policy\/","og_locale":"it_IT","og_type":"article","og_title":"Privacy Policy - Dollmar Meccanica S.r.l","og_description":"La presente Privacy Policy ha lo scopo di descrivere le modalit\u00e0 di gestione del sito web www.dollmarmeccanica.com, in propriet\u00e0 ed operativamente gestito da DOLLMAR MECCANICA SRL. (\u201cSito\u201d) in riferimento al trattamento dei dati personali degli utenti\/visitatori che lo consultano. Si tratta di un\u2019informativa che \u00e8 resa anche ai sensi dell\u2019art. 13 del Regolamento UE 2016\/679, [&hellip;]","og_url":"https:\/\/dollmarmeccanica.com\/cms\/privacy-policy\/","og_site_name":"Dollmar Meccanica S.r.l","article_modified_time":"2023-04-13T09:51:14+00:00","twitter_card":"summary_large_image","twitter_misc":{"Tempo di lettura stimato":"9 minuti"},"schema":{"@context":"https:\/\/schema.org","@graph":[{"@type":"WebPage","@id":"https:\/\/dollmarmeccanica.com\/cms\/privacy-policy\/","url":"https:\/\/dollmarmeccanica.com\/cms\/privacy-policy\/","name":"Privacy Policy - Dollmar Meccanica S.r.l","isPartOf":{"@id":"https:\/\/dollmarmeccanica.com\/cms\/#website"},"datePublished":"2019-02-15T11:18:06+00:00","dateModified":"2023-04-13T09:51:14+00:00","breadcrumb":{"@id":"https:\/\/dollmarmeccanica.com\/cms\/privacy-policy\/#breadcrumb"},"inLanguage":"it-IT","potentialAction":[{"@type":"ReadAction","target":["https:\/\/dollmarmeccanica.com\/cms\/privacy-policy\/"]}]},{"@type":"BreadcrumbList","@id":"https:\/\/dollmarmeccanica.com\/cms\/privacy-policy\/#breadcrumb","itemListElement":[{"@type":"ListItem","position":1,"name":"Home","item":"https:\/\/dollmarmeccanica.com\/cms\/"},{"@type":"ListItem","position":2,"name":"Privacy Policy"}]},{"@type":"WebSite","@id":"https:\/\/dollmarmeccanica.com\/cms\/#website","url":"https:\/\/dollmarmeccanica.com\/cms\/","name":"Dollmar Meccanica S.r.l","description":"Impianti di lavaggio industriali","publisher":{"@id":"https:\/\/dollmarmeccanica.com\/cms\/#organization"},"potentialAction":[{"@type":"SearchAction","target":{"@type":"EntryPoint","urlTemplate":"https:\/\/dollmarmeccanica.com\/cms\/?s={search_term_string}"},"query-input":"required name=search_term_string"}],"inLanguage":"it-IT"},{"@type":"Organization","@id":"https:\/\/dollmarmeccanica.com\/cms\/#organization","name":"Dollmar Meccanica","url":"https:\/\/dollmarmeccanica.com\/cms\/","logo":{"@type":"ImageObject","inLanguage":"it-IT","@id":"https:\/\/dollmarmeccanica.com\/cms\/#\/schema\/logo\/image\/","url":"https:\/\/dollmarmeccanica.com\/cms\/wp-content\/uploads\/2015\/08\/logo-dollmarmeccanica-300x280_c.jpg","contentUrl":"https:\/\/dollmarmeccanica.com\/cms\/wp-content\/uploads\/2015\/08\/logo-dollmarmeccanica-300x280_c.jpg","width":300,"height":280,"caption":"Dollmar Meccanica"},"image":{"@id":"https:\/\/dollmarmeccanica.com\/cms\/#\/schema\/logo\/image\/"}}]}},"_links":{"self":[{"href":"https:\/\/dollmarmeccanica.com\/cms\/wp-json\/wp\/v2\/pages\/6123"}],"collection":[{"href":"https:\/\/dollmarmeccanica.com\/cms\/wp-json\/wp\/v2\/pages"}],"about":[{"href":"https:\/\/dollmarmeccanica.com\/cms\/wp-json\/wp\/v2\/types\/page"}],"author":[{"embeddable":true,"href":"https:\/\/dollmarmeccanica.com\/cms\/wp-json\/wp\/v2\/users\/1"}],"replies":[{"embeddable":true,"href":"https:\/\/dollmarmeccanica.com\/cms\/wp-json\/wp\/v2\/comments?post=6123"}],"version-history":[{"count":2,"href":"https:\/\/dollmarmeccanica.com\/cms\/wp-json\/wp\/v2\/pages\/6123\/revisions"}],"predecessor-version":[{"id":6617,"href":"https:\/\/dollmarmeccanica.com\/cms\/wp-json\/wp\/v2\/pages\/6123\/revisions\/6617"}],"wp:attachment":[{"href":"https:\/\/dollmarmeccanica.com\/cms\/wp-json\/wp\/v2\/media?parent=6123"}],"curies":[{"name":"wp","href":"https:\/\/api.w.org\/{rel}","templated":true}]}}