{"id":4990,"date":"2016-05-25T13:00:20","date_gmt":"2016-05-25T13:00:20","guid":{"rendered":"http:\/\/dev.dollmarmeccanica.com\/cms\/?page_id=4990"},"modified":"2020-03-03T16:30:52","modified_gmt":"2020-03-03T16:30:52","slug":"sgrassaggio-dei-metalli","status":"publish","type":"page","link":"https:\/\/dollmarmeccanica.com\/cms\/sgrassaggio-dei-metalli\/","title":{"rendered":"Prodotti"},"content":{"rendered":"<p>[vc_row][vc_column][vc_column_text]<strong>Dollmar Meccanica<\/strong>, grazie ai laboratori della capogruppo Dollmar Spa distribuisce una vasta gamma di <strong>prodotti per<\/strong> il <strong>trattamento superficiale<\/strong> e <strong>lo sgrassaggio<\/strong> dei metalli.<\/p>\n<p style=\"text-align: justify;\">L&#8217;esperienza di oltre <strong>60 anni nel campo dei prodotti chimici<\/strong> ha permesso a Dollmar di sviluppare nuovi prodotti a seconda delle necessit\u00e0 dei clienti. Inoltre, questo ha permesso di diventare un partner sempre pi\u00f9 affidabile sia per i prodotti solventi che per i prodotti a base acquosa.<\/p>\n<p style=\"text-align: justify;\"><a href=\"https:\/\/dollmarmeccanica.com\/cms\/wp-content\/uploads\/2011\/07\/20150917_142614_resized.jpg\"><img decoding=\"async\" loading=\"lazy\" class=\"alignleft wp-image-4687 size-medium\" title=\"prodotti per lo sgrassaggio\" src=\"https:\/\/dollmarmeccanica.com\/cms\/wp-content\/uploads\/2011\/07\/20150917_142614_resized-300x169.jpg\" alt=\"prodotti per lo sgrassaggio\" width=\"300\" height=\"169\" srcset=\"https:\/\/dollmarmeccanica.com\/cms\/wp-content\/uploads\/2011\/07\/20150917_142614_resized-300x169.jpg 300w, https:\/\/dollmarmeccanica.com\/cms\/wp-content\/uploads\/2011\/07\/20150917_142614_resized-1024x576.jpg 1024w\" sizes=\"(max-width: 300px) 100vw, 300px\" \/><\/a>I <strong>prodotti a base solvente<\/strong> come i solventi <strong>clorurati<\/strong> sono ideali per la rimozione di contaminanti oleosi e trucioli da lavorazione. I solventi <strong>non clorurati<\/strong> (idrocarburi, alcoli modificati) offrono un elevato livello di pulizia con <strong>minor impatto ambientale<\/strong>.<\/p>\n<p>La gamma <strong>prodotti a base detergente<\/strong> sono formulati non solo a seconda del tipo di materiale da trattare ma anche dal livello di pulizia richiesta.<\/p>\n<p>La continua ricerca e sviluppo ha permesso l\u2019implementazione di diverse <strong>formulazioni<\/strong> adattabili a\u00a0 svariati <strong>settori specifici:<\/strong><\/p>\n<ul>\n<li>\n<h5><strong>Tornerie<\/strong> e <strong>officine meccaniche in generale<\/strong><\/h5>\n<\/li>\n<li>\n<h5><strong>Componentistica automotive<\/strong><\/h5>\n<\/li>\n<li>\n<h5><strong>Valvole<\/strong> e <strong>rubinetteria<\/strong><\/h5>\n<\/li>\n<li>\n<h5><strong>Raccorderie<\/strong><\/h5>\n<\/li>\n<li>\n<h5><strong>Verniciature Industriali<\/strong><\/h5>\n<\/li>\n<li>\n<h5><strong>Oleodinamica<\/strong>\u00a0 e <strong>componenti pneumatici<\/strong><\/h5>\n<\/li>\n<li>\n<h5><strong>Aerospace<\/strong><\/h5>\n<\/li>\n<\/ul>\n<p>Il nostro team di tecnici commerciali \u00e8 a disposizione per supportarvi nella scelta del prodotto pi\u00f9 adatto alle vostre esigenze. Insieme al laboratorio interno vi offriremo la miglior performance per la vostra necessit\u00e0 di trattamento.<\/p>\n<p>Per saperne di pi\u00f9 scaricate la brochure dedicata ai <a href=\"https:\/\/dollmarmeccanica.com\/cms\/wp-content\/uploads\/2020\/03\/Catalogo-prodotti-industria.pdf\"><strong><em>Prodotti per lo sgrassaggio dei metalli<\/em><\/strong><\/a><\/p>\n<h5 style=\"text-align: center;\"><strong>Per qualsiasi necessit\u00e0 di applicazione non esitate a contattarci:<\/strong><\/h5>\n<p>[\/vc_column_text][\/vc_column][\/vc_row][vc_row][vc_column][vc_btn title=&#8221;RICHIEDI INFORMAZIONI&#8221; color=&#8221;sky&#8221; align=&#8221;center&#8221; link=&#8221;url:mailto%3Amarketing%40dollmar.com||&#8221;][\/vc_column][\/vc_row]<\/p>\n<p><\/p>","protected":false},"excerpt":{"rendered":"<p>[vc_row][vc_column][vc_column_text]Dollmar Meccanica, grazie ai laboratori della capogruppo Dollmar Spa distribuisce una vasta gamma di prodotti per il trattamento superficiale e lo sgrassaggio dei metalli. L&#8217;esperienza di oltre 60 anni nel campo dei prodotti chimici ha permesso a Dollmar di sviluppare nuovi prodotti a seconda delle necessit\u00e0 dei clienti. Inoltre, questo ha permesso di diventare un [&hellip;]<\/p>\n","protected":false},"author":1,"featured_media":4686,"parent":0,"menu_order":91,"comment_status":"closed","ping_status":"closed","template":"page-prodotti.php","meta":[],"yoast_head":"<!-- This site is optimized with the Yoast SEO plugin v20.3 - https:\/\/yoast.com\/wordpress\/plugins\/seo\/ -->\n<title>Prodotti - Dollmar Meccanica S.r.l<\/title>\n<meta name=\"description\" content=\"Dollmar Meccanica distribuisce prodotti per il trattamento superficiale e lo sgrassaggio dei metalli e di svariati materiali come gomma, plastica &gt;&gt;&gt;\" \/>\n<meta name=\"robots\" content=\"index, follow, max-snippet:-1, max-image-preview:large, max-video-preview:-1\" \/>\n<link rel=\"canonical\" href=\"https:\/\/dollmarmeccanica.com\/cms\/sgrassaggio-dei-metalli\/\" \/>\n<meta property=\"og:locale\" content=\"it_IT\" \/>\n<meta property=\"og:type\" content=\"article\" \/>\n<meta property=\"og:title\" content=\"Prodotti - Dollmar Meccanica S.r.l\" \/>\n<meta property=\"og:description\" content=\"Dollmar Meccanica distribuisce prodotti per il trattamento superficiale e lo sgrassaggio dei metalli e di svariati materiali come gomma, plastica &gt;&gt;&gt;\" \/>\n<meta property=\"og:url\" content=\"https:\/\/dollmarmeccanica.com\/cms\/sgrassaggio-dei-metalli\/\" \/>\n<meta property=\"og:site_name\" content=\"Dollmar Meccanica S.r.l\" \/>\n<meta property=\"article:modified_time\" content=\"2020-03-03T16:30:52+00:00\" \/>\n<meta property=\"og:image\" content=\"https:\/\/dollmarmeccanica.com\/cms\/wp-content\/uploads\/2011\/07\/20150917_142623_resized.jpg\" \/>\n\t<meta property=\"og:image:width\" content=\"2656\" \/>\n\t<meta property=\"og:image:height\" content=\"1494\" \/>\n\t<meta property=\"og:image:type\" content=\"image\/jpeg\" \/>\n<meta name=\"twitter:card\" content=\"summary_large_image\" \/>\n<meta name=\"twitter:label1\" content=\"Tempo di lettura stimato\" \/>\n\t<meta name=\"twitter:data1\" content=\"2 minuti\" \/>\n<script type=\"application\/ld+json\" class=\"yoast-schema-graph\">{\"@context\":\"https:\/\/schema.org\",\"@graph\":[{\"@type\":\"WebPage\",\"@id\":\"https:\/\/dollmarmeccanica.com\/cms\/sgrassaggio-dei-metalli\/\",\"url\":\"https:\/\/dollmarmeccanica.com\/cms\/sgrassaggio-dei-metalli\/\",\"name\":\"Prodotti - Dollmar Meccanica S.r.l\",\"isPartOf\":{\"@id\":\"https:\/\/dollmarmeccanica.com\/cms\/#website\"},\"datePublished\":\"2016-05-25T13:00:20+00:00\",\"dateModified\":\"2020-03-03T16:30:52+00:00\",\"description\":\"Dollmar Meccanica distribuisce prodotti per il trattamento superficiale e lo sgrassaggio dei metalli e di svariati materiali come gomma, plastica >>>\",\"breadcrumb\":{\"@id\":\"https:\/\/dollmarmeccanica.com\/cms\/sgrassaggio-dei-metalli\/#breadcrumb\"},\"inLanguage\":\"it-IT\",\"potentialAction\":[{\"@type\":\"ReadAction\",\"target\":[\"https:\/\/dollmarmeccanica.com\/cms\/sgrassaggio-dei-metalli\/\"]}]},{\"@type\":\"BreadcrumbList\",\"@id\":\"https:\/\/dollmarmeccanica.com\/cms\/sgrassaggio-dei-metalli\/#breadcrumb\",\"itemListElement\":[{\"@type\":\"ListItem\",\"position\":1,\"name\":\"Home\",\"item\":\"https:\/\/dollmarmeccanica.com\/cms\/\"},{\"@type\":\"ListItem\",\"position\":2,\"name\":\"Prodotti\"}]},{\"@type\":\"WebSite\",\"@id\":\"https:\/\/dollmarmeccanica.com\/cms\/#website\",\"url\":\"https:\/\/dollmarmeccanica.com\/cms\/\",\"name\":\"Dollmar Meccanica S.r.l\",\"description\":\"Impianti di lavaggio industriali\",\"publisher\":{\"@id\":\"https:\/\/dollmarmeccanica.com\/cms\/#organization\"},\"potentialAction\":[{\"@type\":\"SearchAction\",\"target\":{\"@type\":\"EntryPoint\",\"urlTemplate\":\"https:\/\/dollmarmeccanica.com\/cms\/?s={search_term_string}\"},\"query-input\":\"required name=search_term_string\"}],\"inLanguage\":\"it-IT\"},{\"@type\":\"Organization\",\"@id\":\"https:\/\/dollmarmeccanica.com\/cms\/#organization\",\"name\":\"Dollmar Meccanica\",\"url\":\"https:\/\/dollmarmeccanica.com\/cms\/\",\"logo\":{\"@type\":\"ImageObject\",\"inLanguage\":\"it-IT\",\"@id\":\"https:\/\/dollmarmeccanica.com\/cms\/#\/schema\/logo\/image\/\",\"url\":\"https:\/\/dollmarmeccanica.com\/cms\/wp-content\/uploads\/2015\/08\/logo-dollmarmeccanica-300x280_c.jpg\",\"contentUrl\":\"https:\/\/dollmarmeccanica.com\/cms\/wp-content\/uploads\/2015\/08\/logo-dollmarmeccanica-300x280_c.jpg\",\"width\":300,\"height\":280,\"caption\":\"Dollmar Meccanica\"},\"image\":{\"@id\":\"https:\/\/dollmarmeccanica.com\/cms\/#\/schema\/logo\/image\/\"}}]}<\/script>\n<!-- \/ Yoast SEO plugin. -->","yoast_head_json":{"title":"Prodotti - Dollmar Meccanica S.r.l","description":"Dollmar Meccanica distribuisce prodotti per il trattamento superficiale e lo sgrassaggio dei metalli e di svariati materiali come gomma, plastica >>>","robots":{"index":"index","follow":"follow","max-snippet":"max-snippet:-1","max-image-preview":"max-image-preview:large","max-video-preview":"max-video-preview:-1"},"canonical":"https:\/\/dollmarmeccanica.com\/cms\/sgrassaggio-dei-metalli\/","og_locale":"it_IT","og_type":"article","og_title":"Prodotti - Dollmar Meccanica S.r.l","og_description":"Dollmar Meccanica distribuisce prodotti per il trattamento superficiale e lo sgrassaggio dei metalli e di svariati materiali come gomma, plastica >>>","og_url":"https:\/\/dollmarmeccanica.com\/cms\/sgrassaggio-dei-metalli\/","og_site_name":"Dollmar Meccanica S.r.l","article_modified_time":"2020-03-03T16:30:52+00:00","og_image":[{"width":2656,"height":1494,"url":"https:\/\/dollmarmeccanica.com\/cms\/wp-content\/uploads\/2011\/07\/20150917_142623_resized.jpg","type":"image\/jpeg"}],"twitter_card":"summary_large_image","twitter_misc":{"Tempo di lettura stimato":"2 minuti"},"schema":{"@context":"https:\/\/schema.org","@graph":[{"@type":"WebPage","@id":"https:\/\/dollmarmeccanica.com\/cms\/sgrassaggio-dei-metalli\/","url":"https:\/\/dollmarmeccanica.com\/cms\/sgrassaggio-dei-metalli\/","name":"Prodotti - Dollmar Meccanica S.r.l","isPartOf":{"@id":"https:\/\/dollmarmeccanica.com\/cms\/#website"},"datePublished":"2016-05-25T13:00:20+00:00","dateModified":"2020-03-03T16:30:52+00:00","description":"Dollmar Meccanica distribuisce prodotti per il trattamento superficiale e lo sgrassaggio dei metalli e di svariati materiali come gomma, plastica >>>","breadcrumb":{"@id":"https:\/\/dollmarmeccanica.com\/cms\/sgrassaggio-dei-metalli\/#breadcrumb"},"inLanguage":"it-IT","potentialAction":[{"@type":"ReadAction","target":["https:\/\/dollmarmeccanica.com\/cms\/sgrassaggio-dei-metalli\/"]}]},{"@type":"BreadcrumbList","@id":"https:\/\/dollmarmeccanica.com\/cms\/sgrassaggio-dei-metalli\/#breadcrumb","itemListElement":[{"@type":"ListItem","position":1,"name":"Home","item":"https:\/\/dollmarmeccanica.com\/cms\/"},{"@type":"ListItem","position":2,"name":"Prodotti"}]},{"@type":"WebSite","@id":"https:\/\/dollmarmeccanica.com\/cms\/#website","url":"https:\/\/dollmarmeccanica.com\/cms\/","name":"Dollmar Meccanica S.r.l","description":"Impianti di lavaggio industriali","publisher":{"@id":"https:\/\/dollmarmeccanica.com\/cms\/#organization"},"potentialAction":[{"@type":"SearchAction","target":{"@type":"EntryPoint","urlTemplate":"https:\/\/dollmarmeccanica.com\/cms\/?s={search_term_string}"},"query-input":"required name=search_term_string"}],"inLanguage":"it-IT"},{"@type":"Organization","@id":"https:\/\/dollmarmeccanica.com\/cms\/#organization","name":"Dollmar Meccanica","url":"https:\/\/dollmarmeccanica.com\/cms\/","logo":{"@type":"ImageObject","inLanguage":"it-IT","@id":"https:\/\/dollmarmeccanica.com\/cms\/#\/schema\/logo\/image\/","url":"https:\/\/dollmarmeccanica.com\/cms\/wp-content\/uploads\/2015\/08\/logo-dollmarmeccanica-300x280_c.jpg","contentUrl":"https:\/\/dollmarmeccanica.com\/cms\/wp-content\/uploads\/2015\/08\/logo-dollmarmeccanica-300x280_c.jpg","width":300,"height":280,"caption":"Dollmar Meccanica"},"image":{"@id":"https:\/\/dollmarmeccanica.com\/cms\/#\/schema\/logo\/image\/"}}]}},"_links":{"self":[{"href":"https:\/\/dollmarmeccanica.com\/cms\/wp-json\/wp\/v2\/pages\/4990"}],"collection":[{"href":"https:\/\/dollmarmeccanica.com\/cms\/wp-json\/wp\/v2\/pages"}],"about":[{"href":"https:\/\/dollmarmeccanica.com\/cms\/wp-json\/wp\/v2\/types\/page"}],"author":[{"embeddable":true,"href":"https:\/\/dollmarmeccanica.com\/cms\/wp-json\/wp\/v2\/users\/1"}],"replies":[{"embeddable":true,"href":"https:\/\/dollmarmeccanica.com\/cms\/wp-json\/wp\/v2\/comments?post=4990"}],"version-history":[{"count":20,"href":"https:\/\/dollmarmeccanica.com\/cms\/wp-json\/wp\/v2\/pages\/4990\/revisions"}],"predecessor-version":[{"id":6308,"href":"https:\/\/dollmarmeccanica.com\/cms\/wp-json\/wp\/v2\/pages\/4990\/revisions\/6308"}],"wp:featuredmedia":[{"embeddable":true,"href":"https:\/\/dollmarmeccanica.com\/cms\/wp-json\/wp\/v2\/media\/4686"}],"wp:attachment":[{"href":"https:\/\/dollmarmeccanica.com\/cms\/wp-json\/wp\/v2\/media?parent=4990"}],"curies":[{"name":"wp","href":"https:\/\/api.w.org\/{rel}","templated":true}]}}