{"id":4756,"date":"2016-01-12T16:04:05","date_gmt":"2016-01-12T16:04:05","guid":{"rendered":"http:\/\/dev.dollmarmeccanica.com\/cms\/?page_id=4756"},"modified":"2020-07-09T10:15:46","modified_gmt":"2020-07-09T10:15:46","slug":"macchine-di-lavaggio-industriale","status":"publish","type":"page","link":"https:\/\/dollmarmeccanica.com\/cms\/macchine-di-lavaggio-industriale\/","title":{"rendered":"Impianti in soluzione acquosa"},"content":{"rendered":"<p>[vc_row][vc_column][vc_column_text]<\/p>\n<h5><strong>Dollmar Meccanica progetta e produce macchine di lavaggio in soluzioni acquose progettati su specifica del cliente.<br \/>\n<\/strong><\/h5>\n<p><a href=\"https:\/\/dollmarmeccanica.com\/cms\/wp-content\/uploads\/2019\/09\/Tunnel-di-lavaggio-componenti-pneumatici.jpg\"><img decoding=\"async\" loading=\"lazy\" class=\"macchine di lavaggio alignleft wp-image-6237 size-medium\" title=\"macchine di lavaggio\" src=\"https:\/\/dollmarmeccanica.com\/cms\/wp-content\/uploads\/2019\/09\/Tunnel-di-lavaggio-componenti-pneumatici-300x209.jpg\" alt=\"macchine di lavaggio\" width=\"300\" height=\"209\" srcset=\"https:\/\/dollmarmeccanica.com\/cms\/wp-content\/uploads\/2019\/09\/Tunnel-di-lavaggio-componenti-pneumatici-300x209.jpg 300w, https:\/\/dollmarmeccanica.com\/cms\/wp-content\/uploads\/2019\/09\/Tunnel-di-lavaggio-componenti-pneumatici-768x536.jpg 768w, https:\/\/dollmarmeccanica.com\/cms\/wp-content\/uploads\/2019\/09\/Tunnel-di-lavaggio-componenti-pneumatici-1024x715.jpg 1024w\" sizes=\"(max-width: 300px) 100vw, 300px\" \/><\/a>La gamma delle macchine di lavaggio funzionanti ad acqua e detergenti \u00e8 composta da:<\/p>\n<ul>\n<li><a href=\"https:\/\/dollmarmeccanica.com\/cms\/?dollmarimpiant=lavaggio-getti-mirati\"><strong>IMPIANTI DI LAVAGGIO A SPRUZZO O IMMERSIONE IN CONTINUO O DISCONTINUO<\/strong><\/a> con getti mirati, asciugatura sottovuoto, carico e scarico automatici.<\/li>\n<li><strong><a href=\"https:\/\/dollmarmeccanica.com\/cms\/?dollmarimpiant=tunnel-lavaggio-interoperazionale\">TUNNEL DI LAVAGGIO<\/a> PLURISTADIO AD IMMERSIONE O SPRUZZO<\/strong> con trasportatore aereo o rovesciato <strong>ad ultrasuoni.<\/strong><\/li>\n<li><strong>IMPIANTI DI LAVAGGIO IDROCINETICO<\/strong><\/li>\n<\/ul>\n<p style=\"text-align: justify;\">Grazie alla divisione <strong>Finep<\/strong> sviluppa inoltre soluzioni di <a href=\"https:\/\/dollmarmeccanica.com\/cms\/?dollmarimpiant=tunnel-continuo\"><strong>pretrattamento<\/strong><\/a> alla verniciatura e <strong>di perfetta pulizia dei pezzi <\/strong>su misura delle esigenze dei singoli clienti. Tutto nel rispetto delle normative europee in materia di sicurezza e ambiente.<\/p>\n<p style=\"text-align: left;\">La soluzione di lavaggio proposta da Dollmar Meccanica viene scelta grazie ad una prima analisi di alcune variabili importanti nella decisione della soluzione migliore:<\/p>\n<ul>\n<li style=\"text-align: left;\"><strong>morfologia del manufatto <\/strong><\/li>\n<li><strong>tipo di materiale<\/strong><\/li>\n<li style=\"text-align: left;\"><strong> tipologia di inquinante<br \/>\n<\/strong><\/li>\n<\/ul>\n<p>Una volta individuate le caratteristiche dei vari pezzi da trattare, Dollmar Meccanica propone la macchina di lavaggio che garantisce i <em><strong>risultati migliori in termini di performance<\/strong><\/em>: cicli brevi, sgrassaggio completo, trattamento protettivo dei pezzi, massima produttivit\u00e0.<\/p>\n<h5 style=\"text-align: justify;\">Quello che rende il gruppo Dollmar unico sul mercato del lavaggio industriale \u00e8 la capacit\u00e0 di mettere a punto non solo la macchina bens\u00ec anche il prodotto chimico pi\u00f9 adatto al lavaggio richiesto.<\/h5>\n<p style=\"text-align: justify;\"><a href=\"https:\/\/dollmarmeccanica.com\/cms\/wp-content\/uploads\/2019\/09\/IMG-20180615-WA0009.jpg\"><img decoding=\"async\" loading=\"lazy\" class=\"size-medium wp-image-6239 alignleft\" src=\"https:\/\/dollmarmeccanica.com\/cms\/wp-content\/uploads\/2019\/09\/IMG-20180615-WA0009-225x300.jpg\" alt=\"\" width=\"225\" height=\"300\" srcset=\"https:\/\/dollmarmeccanica.com\/cms\/wp-content\/uploads\/2019\/09\/IMG-20180615-WA0009-225x300.jpg 225w, https:\/\/dollmarmeccanica.com\/cms\/wp-content\/uploads\/2019\/09\/IMG-20180615-WA0009-768x1024.jpg 768w, https:\/\/dollmarmeccanica.com\/cms\/wp-content\/uploads\/2019\/09\/IMG-20180615-WA0009.jpg 1200w\" sizes=\"(max-width: 225px) 100vw, 225px\" \/><\/a>Completano infatti l&#8217;offerta i <strong>detergenti a base acquosa<\/strong> della gamma <strong>DOLLCLEAN<\/strong>\u00a0(prodotti sgrassanti e passivanti) e <strong>DOLLPHOS<\/strong> (fosfodecapanti). Le linee di prodotto sono interamente sviluppate dalla capogruppo <strong>Dollmar Spa attraverso il laboratorio di ricerca interno. <\/strong>La gamma di detergenti \u00e8 nata come conseguenza alle crescenti esigenze di un mercato via via pi\u00f9 specializzato con richieste sempre pi\u00f9 specifiche.<\/p>\n<p>Inoltre, grazie all\u2019esperienza maturata fin dal <strong>1979<\/strong>, la divisione <strong>FINEP<\/strong> ha progettato impianti per soddisfare le diverse necessit\u00e0 di lavaggio e finitura dei pi\u00f9 svariati settori industriali: dall\u2019<strong>automotive<\/strong> al <strong>medicale<\/strong>, dalla <strong>rubinetteria<\/strong> alla <strong>minuteria<\/strong>, dal <strong>ferrroviario<\/strong> al settore dei <strong>trattamenti termici<\/strong>.<\/p>\n<h5>Per saperne di pi\u00f9 sulla tecnologia di lavaggio su misura scopri i nostri <em><a href=\"https:\/\/dollmarmeccanica.com\/cms\/referenze\/\">Casi di Successo\u00a0<\/a><\/em>o il nostro <strong><a href=\"https:\/\/dollmarmeccanica.com\/cms\/wp-content\/uploads\/2018\/08\/20.07-Finep-Impianti-ad-acqua-lite.pdf\">Catalogo impianti di lavaggio Finep<\/a><\/strong><\/h5>\n<p style=\"text-align: center;\">Per una consulenza ad hoc non esitare a contattarci:<\/p>\n<p>[\/vc_column_text][\/vc_column][\/vc_row][vc_row][vc_column][vc_btn title=&#8221;RICHIEDI UNA CONSULENZA&#8221; color=&#8221;sky&#8221; align=&#8221;center&#8221; link=&#8221;url:https%3A%2F%2Fdollmarmeccanica.com%2Fcms%2Fscrivici%2F%3Fthe_subj%3DRichiesta-consulenza-impianti||target:%20_blank&#8221;][\/vc_column][\/vc_row]<\/p>","protected":false},"excerpt":{"rendered":"<p>[vc_row][vc_column][vc_column_text] Dollmar Meccanica progetta e produce macchine di lavaggio in soluzioni acquose progettati su specifica del cliente. La gamma delle macchine di lavaggio funzionanti ad acqua e detergenti \u00e8 composta da: IMPIANTI DI LAVAGGIO A SPRUZZO O IMMERSIONE IN CONTINUO O DISCONTINUO con getti mirati, asciugatura sottovuoto, carico e scarico automatici. TUNNEL DI LAVAGGIO PLURISTADIO [&hellip;]<\/p>\n","protected":false},"author":1,"featured_media":3089,"parent":0,"menu_order":75,"comment_status":"closed","ping_status":"closed","template":"page-impianti.php","meta":[],"yoast_head":"<!-- This site is optimized with the Yoast SEO plugin v20.3 - https:\/\/yoast.com\/wordpress\/plugins\/seo\/ -->\n<title>Impianti in soluzione acquosa - Dollmar Meccanica S.r.l<\/title>\n<meta name=\"description\" content=\"Macchine di lavaggio con detergenti acquosi a spruzzo o immersione, continuo, discontinuo, pluristadio ad immersione, impianti a coclea.\" \/>\n<meta name=\"robots\" content=\"index, follow, max-snippet:-1, max-image-preview:large, max-video-preview:-1\" \/>\n<link rel=\"canonical\" href=\"https:\/\/dollmarmeccanica.com\/cms\/macchine-di-lavaggio-industriale\/\" \/>\n<meta property=\"og:locale\" content=\"it_IT\" \/>\n<meta property=\"og:type\" content=\"article\" \/>\n<meta property=\"og:title\" content=\"Impianti in soluzione acquosa - Dollmar Meccanica S.r.l\" \/>\n<meta property=\"og:description\" content=\"Macchine di lavaggio con detergenti acquosi a spruzzo o immersione, continuo, discontinuo, pluristadio ad immersione, impianti a coclea.\" \/>\n<meta property=\"og:url\" content=\"https:\/\/dollmarmeccanica.com\/cms\/macchine-di-lavaggio-industriale\/\" \/>\n<meta property=\"og:site_name\" content=\"Dollmar Meccanica S.r.l\" \/>\n<meta property=\"article:modified_time\" content=\"2020-07-09T10:15:46+00:00\" \/>\n<meta property=\"og:image\" content=\"https:\/\/dollmarmeccanica.com\/cms\/wp-content\/uploads\/2011\/08\/C04.jpg\" \/>\n\t<meta property=\"og:image:width\" content=\"2048\" \/>\n\t<meta property=\"og:image:height\" content=\"1536\" \/>\n\t<meta property=\"og:image:type\" content=\"image\/jpeg\" \/>\n<meta name=\"twitter:card\" content=\"summary_large_image\" \/>\n<meta name=\"twitter:label1\" content=\"Tempo di lettura stimato\" \/>\n\t<meta name=\"twitter:data1\" content=\"3 minuti\" \/>\n<script type=\"application\/ld+json\" class=\"yoast-schema-graph\">{\"@context\":\"https:\/\/schema.org\",\"@graph\":[{\"@type\":\"WebPage\",\"@id\":\"https:\/\/dollmarmeccanica.com\/cms\/macchine-di-lavaggio-industriale\/\",\"url\":\"https:\/\/dollmarmeccanica.com\/cms\/macchine-di-lavaggio-industriale\/\",\"name\":\"Impianti in soluzione acquosa - Dollmar Meccanica S.r.l\",\"isPartOf\":{\"@id\":\"https:\/\/dollmarmeccanica.com\/cms\/#website\"},\"datePublished\":\"2016-01-12T16:04:05+00:00\",\"dateModified\":\"2020-07-09T10:15:46+00:00\",\"description\":\"Macchine di lavaggio con detergenti acquosi a spruzzo o immersione, continuo, discontinuo, pluristadio ad immersione, impianti a coclea.\",\"breadcrumb\":{\"@id\":\"https:\/\/dollmarmeccanica.com\/cms\/macchine-di-lavaggio-industriale\/#breadcrumb\"},\"inLanguage\":\"it-IT\",\"potentialAction\":[{\"@type\":\"ReadAction\",\"target\":[\"https:\/\/dollmarmeccanica.com\/cms\/macchine-di-lavaggio-industriale\/\"]}]},{\"@type\":\"BreadcrumbList\",\"@id\":\"https:\/\/dollmarmeccanica.com\/cms\/macchine-di-lavaggio-industriale\/#breadcrumb\",\"itemListElement\":[{\"@type\":\"ListItem\",\"position\":1,\"name\":\"Home\",\"item\":\"https:\/\/dollmarmeccanica.com\/cms\/\"},{\"@type\":\"ListItem\",\"position\":2,\"name\":\"Impianti in soluzione acquosa\"}]},{\"@type\":\"WebSite\",\"@id\":\"https:\/\/dollmarmeccanica.com\/cms\/#website\",\"url\":\"https:\/\/dollmarmeccanica.com\/cms\/\",\"name\":\"Dollmar Meccanica S.r.l\",\"description\":\"Impianti di lavaggio industriali\",\"publisher\":{\"@id\":\"https:\/\/dollmarmeccanica.com\/cms\/#organization\"},\"potentialAction\":[{\"@type\":\"SearchAction\",\"target\":{\"@type\":\"EntryPoint\",\"urlTemplate\":\"https:\/\/dollmarmeccanica.com\/cms\/?s={search_term_string}\"},\"query-input\":\"required name=search_term_string\"}],\"inLanguage\":\"it-IT\"},{\"@type\":\"Organization\",\"@id\":\"https:\/\/dollmarmeccanica.com\/cms\/#organization\",\"name\":\"Dollmar Meccanica\",\"url\":\"https:\/\/dollmarmeccanica.com\/cms\/\",\"logo\":{\"@type\":\"ImageObject\",\"inLanguage\":\"it-IT\",\"@id\":\"https:\/\/dollmarmeccanica.com\/cms\/#\/schema\/logo\/image\/\",\"url\":\"https:\/\/dollmarmeccanica.com\/cms\/wp-content\/uploads\/2015\/08\/logo-dollmarmeccanica-300x280_c.jpg\",\"contentUrl\":\"https:\/\/dollmarmeccanica.com\/cms\/wp-content\/uploads\/2015\/08\/logo-dollmarmeccanica-300x280_c.jpg\",\"width\":300,\"height\":280,\"caption\":\"Dollmar Meccanica\"},\"image\":{\"@id\":\"https:\/\/dollmarmeccanica.com\/cms\/#\/schema\/logo\/image\/\"}}]}<\/script>\n<!-- \/ Yoast SEO plugin. -->","yoast_head_json":{"title":"Impianti in soluzione acquosa - Dollmar Meccanica S.r.l","description":"Macchine di lavaggio con detergenti acquosi a spruzzo o immersione, continuo, discontinuo, pluristadio ad immersione, impianti a coclea.","robots":{"index":"index","follow":"follow","max-snippet":"max-snippet:-1","max-image-preview":"max-image-preview:large","max-video-preview":"max-video-preview:-1"},"canonical":"https:\/\/dollmarmeccanica.com\/cms\/macchine-di-lavaggio-industriale\/","og_locale":"it_IT","og_type":"article","og_title":"Impianti in soluzione acquosa - Dollmar Meccanica S.r.l","og_description":"Macchine di lavaggio con detergenti acquosi a spruzzo o immersione, continuo, discontinuo, pluristadio ad immersione, impianti a coclea.","og_url":"https:\/\/dollmarmeccanica.com\/cms\/macchine-di-lavaggio-industriale\/","og_site_name":"Dollmar Meccanica S.r.l","article_modified_time":"2020-07-09T10:15:46+00:00","og_image":[{"width":"2048","height":"1536","url":"https:\/\/dollmarmeccanica.com\/cms\/wp-content\/uploads\/2011\/08\/C04.jpg","type":"image\/jpeg"}],"twitter_card":"summary_large_image","twitter_misc":{"Tempo di lettura stimato":"3 minuti"},"schema":{"@context":"https:\/\/schema.org","@graph":[{"@type":"WebPage","@id":"https:\/\/dollmarmeccanica.com\/cms\/macchine-di-lavaggio-industriale\/","url":"https:\/\/dollmarmeccanica.com\/cms\/macchine-di-lavaggio-industriale\/","name":"Impianti in soluzione acquosa - Dollmar Meccanica S.r.l","isPartOf":{"@id":"https:\/\/dollmarmeccanica.com\/cms\/#website"},"datePublished":"2016-01-12T16:04:05+00:00","dateModified":"2020-07-09T10:15:46+00:00","description":"Macchine di lavaggio con detergenti acquosi a spruzzo o immersione, continuo, discontinuo, pluristadio ad immersione, impianti a coclea.","breadcrumb":{"@id":"https:\/\/dollmarmeccanica.com\/cms\/macchine-di-lavaggio-industriale\/#breadcrumb"},"inLanguage":"it-IT","potentialAction":[{"@type":"ReadAction","target":["https:\/\/dollmarmeccanica.com\/cms\/macchine-di-lavaggio-industriale\/"]}]},{"@type":"BreadcrumbList","@id":"https:\/\/dollmarmeccanica.com\/cms\/macchine-di-lavaggio-industriale\/#breadcrumb","itemListElement":[{"@type":"ListItem","position":1,"name":"Home","item":"https:\/\/dollmarmeccanica.com\/cms\/"},{"@type":"ListItem","position":2,"name":"Impianti in soluzione acquosa"}]},{"@type":"WebSite","@id":"https:\/\/dollmarmeccanica.com\/cms\/#website","url":"https:\/\/dollmarmeccanica.com\/cms\/","name":"Dollmar Meccanica S.r.l","description":"Impianti di lavaggio industriali","publisher":{"@id":"https:\/\/dollmarmeccanica.com\/cms\/#organization"},"potentialAction":[{"@type":"SearchAction","target":{"@type":"EntryPoint","urlTemplate":"https:\/\/dollmarmeccanica.com\/cms\/?s={search_term_string}"},"query-input":"required name=search_term_string"}],"inLanguage":"it-IT"},{"@type":"Organization","@id":"https:\/\/dollmarmeccanica.com\/cms\/#organization","name":"Dollmar Meccanica","url":"https:\/\/dollmarmeccanica.com\/cms\/","logo":{"@type":"ImageObject","inLanguage":"it-IT","@id":"https:\/\/dollmarmeccanica.com\/cms\/#\/schema\/logo\/image\/","url":"https:\/\/dollmarmeccanica.com\/cms\/wp-content\/uploads\/2015\/08\/logo-dollmarmeccanica-300x280_c.jpg","contentUrl":"https:\/\/dollmarmeccanica.com\/cms\/wp-content\/uploads\/2015\/08\/logo-dollmarmeccanica-300x280_c.jpg","width":300,"height":280,"caption":"Dollmar Meccanica"},"image":{"@id":"https:\/\/dollmarmeccanica.com\/cms\/#\/schema\/logo\/image\/"}}]}},"_links":{"self":[{"href":"https:\/\/dollmarmeccanica.com\/cms\/wp-json\/wp\/v2\/pages\/4756"}],"collection":[{"href":"https:\/\/dollmarmeccanica.com\/cms\/wp-json\/wp\/v2\/pages"}],"about":[{"href":"https:\/\/dollmarmeccanica.com\/cms\/wp-json\/wp\/v2\/types\/page"}],"author":[{"embeddable":true,"href":"https:\/\/dollmarmeccanica.com\/cms\/wp-json\/wp\/v2\/users\/1"}],"replies":[{"embeddable":true,"href":"https:\/\/dollmarmeccanica.com\/cms\/wp-json\/wp\/v2\/comments?post=4756"}],"version-history":[{"count":48,"href":"https:\/\/dollmarmeccanica.com\/cms\/wp-json\/wp\/v2\/pages\/4756\/revisions"}],"predecessor-version":[{"id":6363,"href":"https:\/\/dollmarmeccanica.com\/cms\/wp-json\/wp\/v2\/pages\/4756\/revisions\/6363"}],"wp:featuredmedia":[{"embeddable":true,"href":"https:\/\/dollmarmeccanica.com\/cms\/wp-json\/wp\/v2\/media\/3089"}],"wp:attachment":[{"href":"https:\/\/dollmarmeccanica.com\/cms\/wp-json\/wp\/v2\/media?parent=4756"}],"curies":[{"name":"wp","href":"https:\/\/api.w.org\/{rel}","templated":true}]}}