{"id":4463,"date":"2015-06-12T09:01:59","date_gmt":"2015-06-12T09:01:59","guid":{"rendered":"http:\/\/dollmarmeccanica.com\/cms\/?page_id=4463"},"modified":"2015-07-10T10:00:58","modified_gmt":"2015-07-10T10:00:58","slug":"beretta-armi-la-soluzione-per-una-pulizia-perfetta-delle-bascule","status":"publish","type":"page","link":"https:\/\/dollmarmeccanica.com\/cms\/casi-di-successo\/beretta-armi-la-soluzione-per-una-pulizia-perfetta-delle-bascule\/","title":{"rendered":"Beretta Armi: la soluzione per una pulizia perfetta delle bascule"},"content":{"rendered":"<p><\/p>\n<p style=\"text-align: justify;\">La fabbrica d&#8217;armi <strong>Pietro Beretta<\/strong>, marchio italiano nota in tutto il mondo, nasce all&#8217;inizio del XVI\u00b0 secolo nel cuore della Val Trompia, dove attualmente \u00e8 strutturata in unit\u00e0 produttive elementari distribuite lungo il fiume Mella, che divide le unit\u00e0 di montaggio e il magazzino dei prodotti finiti dal reparto dei trattamenti termici e delle materie prime.<\/p>\n<p style=\"text-align: justify;\">Per necessit\u00e0 logistiche, nel 2007 sono stati riorganizzati completamente i flussi produttivi e le logiche di produzione, riducendo drasticamente le distanze che il prodotto percorreva dal magazzino delle materie prime fino al reparto di assemblaggio.<\/p>\n<p><a href=\"https:\/\/dollmarmeccanica.com\/cms\/wp-content\/uploads\/2015\/06\/impianto-Beretta-RDV-sottovuoto.jpg\"><img decoding=\"async\" loading=\"lazy\" class=\"wp-image-4534 size-medium alignright\" src=\"https:\/\/dollmarmeccanica.com\/cms\/wp-content\/uploads\/2015\/06\/impianto-Beretta-RDV-sottovuoto-300x225.jpg\" alt=\"\" width=\"300\" height=\"225\" srcset=\"https:\/\/dollmarmeccanica.com\/cms\/wp-content\/uploads\/2015\/06\/impianto-Beretta-RDV-sottovuoto-300x225.jpg 300w, https:\/\/dollmarmeccanica.com\/cms\/wp-content\/uploads\/2015\/06\/impianto-Beretta-RDV-sottovuoto-1024x768.jpg 1024w, https:\/\/dollmarmeccanica.com\/cms\/wp-content\/uploads\/2015\/06\/impianto-Beretta-RDV-sottovuoto.jpg 2048w\" sizes=\"(max-width: 300px) 100vw, 300px\" \/><\/a><\/p>\n<p style=\"text-align: justify;\">Avendo ottimizzato tempi e costi, decidono di investire quindi nell&#8217;aggiornamento degli impianti produttivi, fra cui l&#8217;impianto di lavaggio <span style=\"color: #3699b5;\"><strong>Dollmar Meccanica<\/strong><\/span> per la pulizia delle bascule.<\/p>\n<p style=\"text-align: justify;\">La bascula \u00e8 uno dei pezzi pi\u00f9 complessi dal punto di vista della finitura; realizzata in acciaio o lega leggera, ha una finitura parzialmente lucida ottenuta con tirature a specchio e una finitura opaca ottenuta con sabbiatura manuale o semiautomatica. Prima della finitura la bascula \u00e8 sottoposta ad un intervento di rettifica che utilizza oli organici. La qualit\u00e0 della finitura dipende molto dal lavaggio dei pezzi dopo la rettifica, in quanto l&#8217;olio si condensa in alcuni piccoli fori ciechi ed \u00e8 importante che venga eliminato perfettamente.<\/p>\n<p style=\"text-align: justify;\">L&#8217;impianto <span style=\"color: #3699b5;\"><strong>Dollmar Meccanica<\/strong><\/span> \u00e8 un<strong> impianto di lavaggio combinato a spruzzo e immersione a base acqua e detergente<\/strong>. La prima fase del ciclo \u00e8 il lavaggio a spruzzo, cui segue l&#8217;immersione con movimento rotatorio delle ceste contenenti i pezzi da lavare; una volta completato il ciclo di lavaggio segue l&#8217;asciugatura con ricircolo forzato d&#8217;aria e sottovuoto. L&#8217;interazione tra l&#8217;azione meccanica dello spruzzo e quella cinetica durante l&#8217;immersione unita all&#8217;azione chimica del detergente garantisce il perfetto livello di pulizia richiesto per i trattamenti successivi. L&#8217;impianto lava mediamente <strong>200\/250 bascule al giorno<\/strong> su due turni lavorativi con <strong>cicli di lavaggio di 15 minuti<\/strong>.<\/p>\n<p style=\"text-align: justify;\">La scelta dell&#8217;impianto <span style=\"color: #3699b5;\"><strong>Dollmar Meccanica<\/strong><\/span> non nasce solamente dall&#8217;esigenza di elevati livelli di pulizia ma anche dal rispetto verso l&#8217;ambiente che <span style=\"color: #3699b5;\"><strong>Dollmar Meccanica<\/strong><\/span> segue nella progettazione dei propri impianti.<\/p>\n<p style=\"text-align: justify;\">Per ulteriori informazioni sull&#8217;impianto in questione o per le linee di impianto <span style=\"color: #3699b5;\"><strong>Dollmar Meccanica<\/strong><\/span> scrivi a <a href=\"mailto:\/\/info@dollmarmeccanica.com\" target=\"_blank\"><span style=\"color: #3699b5;\"><strong>info@dollmarmeccanica.com<\/strong><\/span><\/a> o scarica il pdf &gt;&gt;&gt;&gt;&gt;&gt;&gt;&gt;&gt;&gt;&gt;&gt;&gt;&gt;&gt;&gt;&gt;&gt;&gt;&gt;&gt;&gt;<a href=\"https:\/\/dollmarmeccanica.com\/cms\/wp-content\/uploads\/2015\/06\/Beretta-Dollmar.pdf\" target=\"_blank\"><img decoding=\"async\" loading=\"lazy\" class=\"wp-image-3962 alignright\" src=\"https:\/\/dollmarmeccanica.com\/cms\/wp-content\/uploads\/2014\/06\/pdf-symbol-150x150.gif\" alt=\"pdf-symbol\" width=\"67\" height=\"67\" srcset=\"https:\/\/dollmarmeccanica.com\/cms\/wp-content\/uploads\/2014\/06\/pdf-symbol-150x150.gif 150w, https:\/\/dollmarmeccanica.com\/cms\/wp-content\/uploads\/2014\/06\/pdf-symbol-300x300.gif 300w\" sizes=\"(max-width: 67px) 100vw, 67px\" \/><\/a><\/p>\n<p>&nbsp;<\/p>\n<p>Estratto da &#8220;ICT Supplemento a IPCM n\u00b07&#8221; &#8211; 2015<\/p>","protected":false},"excerpt":{"rendered":"<p>La fabbrica d&#8217;armi Pietro Beretta, marchio italiano nota in tutto il mondo, nasce all&#8217;inizio del XVI\u00b0 secolo nel cuore della Val Trompia, dove attualmente \u00e8 strutturata in unit\u00e0 produttive elementari distribuite lungo il fiume Mella, che divide le unit\u00e0 di montaggio e il magazzino dei prodotti finiti dal reparto dei trattamenti termici e delle materie [&hellip;]<\/p>\n","protected":false},"author":2,"featured_media":0,"parent":1063,"menu_order":12,"comment_status":"open","ping_status":"open","template":"","meta":[],"yoast_head":"<!-- This site is optimized with the Yoast SEO plugin v20.3 - https:\/\/yoast.com\/wordpress\/plugins\/seo\/ -->\n<title>Beretta Armi: la soluzione per una pulizia perfetta delle bascule - Dollmar Meccanica S.r.l<\/title>\n<meta name=\"robots\" content=\"index, follow, max-snippet:-1, max-image-preview:large, max-video-preview:-1\" \/>\n<link rel=\"canonical\" href=\"https:\/\/dollmarmeccanica.com\/cms\/casi-di-successo\/beretta-armi-la-soluzione-per-una-pulizia-perfetta-delle-bascule\/\" \/>\n<meta property=\"og:locale\" content=\"it_IT\" \/>\n<meta property=\"og:type\" content=\"article\" \/>\n<meta property=\"og:title\" content=\"Beretta Armi: la soluzione per una pulizia perfetta delle bascule - Dollmar Meccanica S.r.l\" \/>\n<meta property=\"og:description\" content=\"La fabbrica d&#8217;armi Pietro Beretta, marchio italiano nota in tutto il mondo, nasce all&#8217;inizio del XVI\u00b0 secolo nel cuore della Val Trompia, dove attualmente \u00e8 strutturata in unit\u00e0 produttive elementari distribuite lungo il fiume Mella, che divide le unit\u00e0 di montaggio e il magazzino dei prodotti finiti dal reparto dei trattamenti termici e delle materie [&hellip;]\" \/>\n<meta property=\"og:url\" content=\"https:\/\/dollmarmeccanica.com\/cms\/casi-di-successo\/beretta-armi-la-soluzione-per-una-pulizia-perfetta-delle-bascule\/\" \/>\n<meta property=\"og:site_name\" content=\"Dollmar Meccanica S.r.l\" \/>\n<meta property=\"article:modified_time\" content=\"2015-07-10T10:00:58+00:00\" \/>\n<meta property=\"og:image\" content=\"https:\/\/dollmarmeccanica.com\/cms\/wp-content\/uploads\/2015\/06\/impianto-Beretta-RDV-sottovuoto-300x225.jpg\" \/>\n<meta name=\"twitter:card\" content=\"summary_large_image\" \/>\n<meta name=\"twitter:label1\" content=\"Tempo di lettura stimato\" \/>\n\t<meta name=\"twitter:data1\" content=\"4 minuti\" \/>\n<script type=\"application\/ld+json\" class=\"yoast-schema-graph\">{\"@context\":\"https:\/\/schema.org\",\"@graph\":[{\"@type\":\"WebPage\",\"@id\":\"https:\/\/dollmarmeccanica.com\/cms\/casi-di-successo\/beretta-armi-la-soluzione-per-una-pulizia-perfetta-delle-bascule\/\",\"url\":\"https:\/\/dollmarmeccanica.com\/cms\/casi-di-successo\/beretta-armi-la-soluzione-per-una-pulizia-perfetta-delle-bascule\/\",\"name\":\"Beretta Armi: la soluzione per una pulizia perfetta delle bascule - Dollmar Meccanica S.r.l\",\"isPartOf\":{\"@id\":\"https:\/\/dollmarmeccanica.com\/cms\/#website\"},\"datePublished\":\"2015-06-12T09:01:59+00:00\",\"dateModified\":\"2015-07-10T10:00:58+00:00\",\"breadcrumb\":{\"@id\":\"https:\/\/dollmarmeccanica.com\/cms\/casi-di-successo\/beretta-armi-la-soluzione-per-una-pulizia-perfetta-delle-bascule\/#breadcrumb\"},\"inLanguage\":\"it-IT\",\"potentialAction\":[{\"@type\":\"ReadAction\",\"target\":[\"https:\/\/dollmarmeccanica.com\/cms\/casi-di-successo\/beretta-armi-la-soluzione-per-una-pulizia-perfetta-delle-bascule\/\"]}]},{\"@type\":\"BreadcrumbList\",\"@id\":\"https:\/\/dollmarmeccanica.com\/cms\/casi-di-successo\/beretta-armi-la-soluzione-per-una-pulizia-perfetta-delle-bascule\/#breadcrumb\",\"itemListElement\":[{\"@type\":\"ListItem\",\"position\":1,\"name\":\"Home\",\"item\":\"https:\/\/dollmarmeccanica.com\/cms\/\"},{\"@type\":\"ListItem\",\"position\":2,\"name\":\"Casi di successo\",\"item\":\"https:\/\/dollmarmeccanica.com\/cms\/casi-di-successo\/\"},{\"@type\":\"ListItem\",\"position\":3,\"name\":\"Beretta Armi: la soluzione per una pulizia perfetta delle bascule\"}]},{\"@type\":\"WebSite\",\"@id\":\"https:\/\/dollmarmeccanica.com\/cms\/#website\",\"url\":\"https:\/\/dollmarmeccanica.com\/cms\/\",\"name\":\"Dollmar Meccanica S.r.l\",\"description\":\"Impianti di lavaggio industriali\",\"publisher\":{\"@id\":\"https:\/\/dollmarmeccanica.com\/cms\/#organization\"},\"potentialAction\":[{\"@type\":\"SearchAction\",\"target\":{\"@type\":\"EntryPoint\",\"urlTemplate\":\"https:\/\/dollmarmeccanica.com\/cms\/?s={search_term_string}\"},\"query-input\":\"required name=search_term_string\"}],\"inLanguage\":\"it-IT\"},{\"@type\":\"Organization\",\"@id\":\"https:\/\/dollmarmeccanica.com\/cms\/#organization\",\"name\":\"Dollmar Meccanica\",\"url\":\"https:\/\/dollmarmeccanica.com\/cms\/\",\"logo\":{\"@type\":\"ImageObject\",\"inLanguage\":\"it-IT\",\"@id\":\"https:\/\/dollmarmeccanica.com\/cms\/#\/schema\/logo\/image\/\",\"url\":\"https:\/\/dollmarmeccanica.com\/cms\/wp-content\/uploads\/2015\/08\/logo-dollmarmeccanica-300x280_c.jpg\",\"contentUrl\":\"https:\/\/dollmarmeccanica.com\/cms\/wp-content\/uploads\/2015\/08\/logo-dollmarmeccanica-300x280_c.jpg\",\"width\":300,\"height\":280,\"caption\":\"Dollmar Meccanica\"},\"image\":{\"@id\":\"https:\/\/dollmarmeccanica.com\/cms\/#\/schema\/logo\/image\/\"}}]}<\/script>\n<!-- \/ Yoast SEO plugin. -->","yoast_head_json":{"title":"Beretta Armi: la soluzione per una pulizia perfetta delle bascule - Dollmar Meccanica S.r.l","robots":{"index":"index","follow":"follow","max-snippet":"max-snippet:-1","max-image-preview":"max-image-preview:large","max-video-preview":"max-video-preview:-1"},"canonical":"https:\/\/dollmarmeccanica.com\/cms\/casi-di-successo\/beretta-armi-la-soluzione-per-una-pulizia-perfetta-delle-bascule\/","og_locale":"it_IT","og_type":"article","og_title":"Beretta Armi: la soluzione per una pulizia perfetta delle bascule - Dollmar Meccanica S.r.l","og_description":"La fabbrica d&#8217;armi Pietro Beretta, marchio italiano nota in tutto il mondo, nasce all&#8217;inizio del XVI\u00b0 secolo nel cuore della Val Trompia, dove attualmente \u00e8 strutturata in unit\u00e0 produttive elementari distribuite lungo il fiume Mella, che divide le unit\u00e0 di montaggio e il magazzino dei prodotti finiti dal reparto dei trattamenti termici e delle materie [&hellip;]","og_url":"https:\/\/dollmarmeccanica.com\/cms\/casi-di-successo\/beretta-armi-la-soluzione-per-una-pulizia-perfetta-delle-bascule\/","og_site_name":"Dollmar Meccanica S.r.l","article_modified_time":"2015-07-10T10:00:58+00:00","og_image":[{"url":"https:\/\/dollmarmeccanica.com\/cms\/wp-content\/uploads\/2015\/06\/impianto-Beretta-RDV-sottovuoto-300x225.jpg"}],"twitter_card":"summary_large_image","twitter_misc":{"Tempo di lettura stimato":"4 minuti"},"schema":{"@context":"https:\/\/schema.org","@graph":[{"@type":"WebPage","@id":"https:\/\/dollmarmeccanica.com\/cms\/casi-di-successo\/beretta-armi-la-soluzione-per-una-pulizia-perfetta-delle-bascule\/","url":"https:\/\/dollmarmeccanica.com\/cms\/casi-di-successo\/beretta-armi-la-soluzione-per-una-pulizia-perfetta-delle-bascule\/","name":"Beretta Armi: la soluzione per una pulizia perfetta delle bascule - Dollmar Meccanica S.r.l","isPartOf":{"@id":"https:\/\/dollmarmeccanica.com\/cms\/#website"},"datePublished":"2015-06-12T09:01:59+00:00","dateModified":"2015-07-10T10:00:58+00:00","breadcrumb":{"@id":"https:\/\/dollmarmeccanica.com\/cms\/casi-di-successo\/beretta-armi-la-soluzione-per-una-pulizia-perfetta-delle-bascule\/#breadcrumb"},"inLanguage":"it-IT","potentialAction":[{"@type":"ReadAction","target":["https:\/\/dollmarmeccanica.com\/cms\/casi-di-successo\/beretta-armi-la-soluzione-per-una-pulizia-perfetta-delle-bascule\/"]}]},{"@type":"BreadcrumbList","@id":"https:\/\/dollmarmeccanica.com\/cms\/casi-di-successo\/beretta-armi-la-soluzione-per-una-pulizia-perfetta-delle-bascule\/#breadcrumb","itemListElement":[{"@type":"ListItem","position":1,"name":"Home","item":"https:\/\/dollmarmeccanica.com\/cms\/"},{"@type":"ListItem","position":2,"name":"Casi di successo","item":"https:\/\/dollmarmeccanica.com\/cms\/casi-di-successo\/"},{"@type":"ListItem","position":3,"name":"Beretta Armi: la soluzione per una pulizia perfetta delle bascule"}]},{"@type":"WebSite","@id":"https:\/\/dollmarmeccanica.com\/cms\/#website","url":"https:\/\/dollmarmeccanica.com\/cms\/","name":"Dollmar Meccanica S.r.l","description":"Impianti di lavaggio industriali","publisher":{"@id":"https:\/\/dollmarmeccanica.com\/cms\/#organization"},"potentialAction":[{"@type":"SearchAction","target":{"@type":"EntryPoint","urlTemplate":"https:\/\/dollmarmeccanica.com\/cms\/?s={search_term_string}"},"query-input":"required name=search_term_string"}],"inLanguage":"it-IT"},{"@type":"Organization","@id":"https:\/\/dollmarmeccanica.com\/cms\/#organization","name":"Dollmar Meccanica","url":"https:\/\/dollmarmeccanica.com\/cms\/","logo":{"@type":"ImageObject","inLanguage":"it-IT","@id":"https:\/\/dollmarmeccanica.com\/cms\/#\/schema\/logo\/image\/","url":"https:\/\/dollmarmeccanica.com\/cms\/wp-content\/uploads\/2015\/08\/logo-dollmarmeccanica-300x280_c.jpg","contentUrl":"https:\/\/dollmarmeccanica.com\/cms\/wp-content\/uploads\/2015\/08\/logo-dollmarmeccanica-300x280_c.jpg","width":300,"height":280,"caption":"Dollmar Meccanica"},"image":{"@id":"https:\/\/dollmarmeccanica.com\/cms\/#\/schema\/logo\/image\/"}}]}},"_links":{"self":[{"href":"https:\/\/dollmarmeccanica.com\/cms\/wp-json\/wp\/v2\/pages\/4463"}],"collection":[{"href":"https:\/\/dollmarmeccanica.com\/cms\/wp-json\/wp\/v2\/pages"}],"about":[{"href":"https:\/\/dollmarmeccanica.com\/cms\/wp-json\/wp\/v2\/types\/page"}],"author":[{"embeddable":true,"href":"https:\/\/dollmarmeccanica.com\/cms\/wp-json\/wp\/v2\/users\/2"}],"replies":[{"embeddable":true,"href":"https:\/\/dollmarmeccanica.com\/cms\/wp-json\/wp\/v2\/comments?post=4463"}],"version-history":[{"count":24,"href":"https:\/\/dollmarmeccanica.com\/cms\/wp-json\/wp\/v2\/pages\/4463\/revisions"}],"predecessor-version":[{"id":4472,"href":"https:\/\/dollmarmeccanica.com\/cms\/wp-json\/wp\/v2\/pages\/4463\/revisions\/4472"}],"up":[{"embeddable":true,"href":"https:\/\/dollmarmeccanica.com\/cms\/wp-json\/wp\/v2\/pages\/1063"}],"wp:attachment":[{"href":"https:\/\/dollmarmeccanica.com\/cms\/wp-json\/wp\/v2\/media?parent=4463"}],"curies":[{"name":"wp","href":"https:\/\/api.w.org\/{rel}","templated":true}]}}