{"id":1148,"date":"2011-08-08T09:25:44","date_gmt":"2011-08-08T09:25:44","guid":{"rendered":"http:\/\/dollmarmeccanica.com\/cms\/?page_id=1148"},"modified":"2018-08-23T12:17:39","modified_gmt":"2018-08-23T12:17:39","slug":"dollmar","status":"publish","type":"page","link":"https:\/\/dollmarmeccanica.com\/cms\/dollmar\/","title":{"rendered":"Dollmar S.p.A."},"content":{"rendered":"<p><a href=\"https:\/\/dollmarmeccanica.com\/cms\/wp-content\/uploads\/2011\/08\/dollmar-logoRAL6032.png\"><img decoding=\"async\" loading=\"lazy\" class=\"alignleft wp-image-5076\" src=\"https:\/\/dollmarmeccanica.com\/cms\/wp-content\/uploads\/2011\/08\/dollmar-logoRAL6032-300x266.png\" alt=\"\" width=\"264\" height=\"234\" srcset=\"https:\/\/dollmarmeccanica.com\/cms\/wp-content\/uploads\/2011\/08\/dollmar-logoRAL6032-300x266.png 300w, https:\/\/dollmarmeccanica.com\/cms\/wp-content\/uploads\/2011\/08\/dollmar-logoRAL6032.png 667w\" sizes=\"(max-width: 264px) 100vw, 264px\" \/><\/a>Dollmar Spa \u00e8 la societ\u00e0 capogruppo fra i pi\u00f9 importanti distributori a livello europeo di prodotti chimici industriali.<\/p>\n<p>Negli anni ha inoltre sviluppato e testato tramite i propri laboratori una gamma di prodotti e processi completi per il trattamento di superfici:<\/p>\n<ul>\n<li style=\"text-align: left;\"><strong>Prodotti a base solvente dedicati alle lavametalli<\/strong><\/li>\n<li style=\"text-align: left;\"><strong>Soluzioni a base acquosa per gli impianti di lavaggio<\/strong><\/li>\n<li style=\"text-align: left;\"><strong><strong>Prodotti a base nanotecnologica per il pre-trattamento alla verniciatura<\/strong><\/strong><\/li>\n<\/ul>\n<h4><a href=\"http:\/\/dev.dollmar.com\/cms\/\">www.dollmar.com<\/a><\/h4>\n<p><\/p>","protected":false},"excerpt":{"rendered":"<p>Dollmar Spa \u00e8 la societ\u00e0 capogruppo fra i pi\u00f9 importanti distributori a livello europeo di prodotti chimici industriali. Negli anni ha inoltre sviluppato e testato tramite i propri laboratori una gamma di prodotti e processi completi per il trattamento di superfici: Prodotti a base solvente dedicati alle lavametalli Soluzioni a base acquosa per gli impianti [&hellip;]<\/p>\n","protected":false},"author":1,"featured_media":0,"parent":0,"menu_order":47,"comment_status":"open","ping_status":"open","template":"","meta":[],"yoast_head":"<!-- This site is optimized with the Yoast SEO plugin v20.3 - https:\/\/yoast.com\/wordpress\/plugins\/seo\/ -->\n<title>Dollmar S.p.A. - Dollmar Meccanica S.r.l<\/title>\n<meta name=\"robots\" content=\"index, follow, max-snippet:-1, max-image-preview:large, max-video-preview:-1\" \/>\n<link rel=\"canonical\" href=\"https:\/\/dollmarmeccanica.com\/cms\/dollmar\/\" \/>\n<meta property=\"og:locale\" content=\"it_IT\" \/>\n<meta property=\"og:type\" content=\"article\" \/>\n<meta property=\"og:title\" content=\"Dollmar S.p.A. - Dollmar Meccanica S.r.l\" \/>\n<meta property=\"og:description\" content=\"Dollmar Spa \u00e8 la societ\u00e0 capogruppo fra i pi\u00f9 importanti distributori a livello europeo di prodotti chimici industriali. Negli anni ha inoltre sviluppato e testato tramite i propri laboratori una gamma di prodotti e processi completi per il trattamento di superfici: Prodotti a base solvente dedicati alle lavametalli Soluzioni a base acquosa per gli impianti [&hellip;]\" \/>\n<meta property=\"og:url\" content=\"https:\/\/dollmarmeccanica.com\/cms\/dollmar\/\" \/>\n<meta property=\"og:site_name\" content=\"Dollmar Meccanica S.r.l\" \/>\n<meta property=\"article:modified_time\" content=\"2018-08-23T12:17:39+00:00\" \/>\n<meta property=\"og:image\" content=\"https:\/\/dollmarmeccanica.com\/cms\/wp-content\/uploads\/2011\/08\/dollmar-logoRAL6032-300x266.png\" \/>\n<meta name=\"twitter:card\" content=\"summary_large_image\" \/>\n<meta name=\"twitter:label1\" content=\"Tempo di lettura stimato\" \/>\n\t<meta name=\"twitter:data1\" content=\"1 minuto\" \/>\n<script type=\"application\/ld+json\" class=\"yoast-schema-graph\">{\"@context\":\"https:\/\/schema.org\",\"@graph\":[{\"@type\":\"WebPage\",\"@id\":\"https:\/\/dollmarmeccanica.com\/cms\/dollmar\/\",\"url\":\"https:\/\/dollmarmeccanica.com\/cms\/dollmar\/\",\"name\":\"Dollmar S.p.A. - Dollmar Meccanica S.r.l\",\"isPartOf\":{\"@id\":\"https:\/\/dollmarmeccanica.com\/cms\/#website\"},\"datePublished\":\"2011-08-08T09:25:44+00:00\",\"dateModified\":\"2018-08-23T12:17:39+00:00\",\"breadcrumb\":{\"@id\":\"https:\/\/dollmarmeccanica.com\/cms\/dollmar\/#breadcrumb\"},\"inLanguage\":\"it-IT\",\"potentialAction\":[{\"@type\":\"ReadAction\",\"target\":[\"https:\/\/dollmarmeccanica.com\/cms\/dollmar\/\"]}]},{\"@type\":\"BreadcrumbList\",\"@id\":\"https:\/\/dollmarmeccanica.com\/cms\/dollmar\/#breadcrumb\",\"itemListElement\":[{\"@type\":\"ListItem\",\"position\":1,\"name\":\"Home\",\"item\":\"https:\/\/dollmarmeccanica.com\/cms\/\"},{\"@type\":\"ListItem\",\"position\":2,\"name\":\"Dollmar S.p.A.\"}]},{\"@type\":\"WebSite\",\"@id\":\"https:\/\/dollmarmeccanica.com\/cms\/#website\",\"url\":\"https:\/\/dollmarmeccanica.com\/cms\/\",\"name\":\"Dollmar Meccanica S.r.l\",\"description\":\"Impianti di lavaggio industriali\",\"publisher\":{\"@id\":\"https:\/\/dollmarmeccanica.com\/cms\/#organization\"},\"potentialAction\":[{\"@type\":\"SearchAction\",\"target\":{\"@type\":\"EntryPoint\",\"urlTemplate\":\"https:\/\/dollmarmeccanica.com\/cms\/?s={search_term_string}\"},\"query-input\":\"required name=search_term_string\"}],\"inLanguage\":\"it-IT\"},{\"@type\":\"Organization\",\"@id\":\"https:\/\/dollmarmeccanica.com\/cms\/#organization\",\"name\":\"Dollmar Meccanica\",\"url\":\"https:\/\/dollmarmeccanica.com\/cms\/\",\"logo\":{\"@type\":\"ImageObject\",\"inLanguage\":\"it-IT\",\"@id\":\"https:\/\/dollmarmeccanica.com\/cms\/#\/schema\/logo\/image\/\",\"url\":\"https:\/\/dollmarmeccanica.com\/cms\/wp-content\/uploads\/2015\/08\/logo-dollmarmeccanica-300x280_c.jpg\",\"contentUrl\":\"https:\/\/dollmarmeccanica.com\/cms\/wp-content\/uploads\/2015\/08\/logo-dollmarmeccanica-300x280_c.jpg\",\"width\":300,\"height\":280,\"caption\":\"Dollmar Meccanica\"},\"image\":{\"@id\":\"https:\/\/dollmarmeccanica.com\/cms\/#\/schema\/logo\/image\/\"}}]}<\/script>\n<!-- \/ Yoast SEO plugin. -->","yoast_head_json":{"title":"Dollmar S.p.A. - Dollmar Meccanica S.r.l","robots":{"index":"index","follow":"follow","max-snippet":"max-snippet:-1","max-image-preview":"max-image-preview:large","max-video-preview":"max-video-preview:-1"},"canonical":"https:\/\/dollmarmeccanica.com\/cms\/dollmar\/","og_locale":"it_IT","og_type":"article","og_title":"Dollmar S.p.A. - Dollmar Meccanica S.r.l","og_description":"Dollmar Spa \u00e8 la societ\u00e0 capogruppo fra i pi\u00f9 importanti distributori a livello europeo di prodotti chimici industriali. Negli anni ha inoltre sviluppato e testato tramite i propri laboratori una gamma di prodotti e processi completi per il trattamento di superfici: Prodotti a base solvente dedicati alle lavametalli Soluzioni a base acquosa per gli impianti [&hellip;]","og_url":"https:\/\/dollmarmeccanica.com\/cms\/dollmar\/","og_site_name":"Dollmar Meccanica S.r.l","article_modified_time":"2018-08-23T12:17:39+00:00","og_image":[{"url":"https:\/\/dollmarmeccanica.com\/cms\/wp-content\/uploads\/2011\/08\/dollmar-logoRAL6032-300x266.png"}],"twitter_card":"summary_large_image","twitter_misc":{"Tempo di lettura stimato":"1 minuto"},"schema":{"@context":"https:\/\/schema.org","@graph":[{"@type":"WebPage","@id":"https:\/\/dollmarmeccanica.com\/cms\/dollmar\/","url":"https:\/\/dollmarmeccanica.com\/cms\/dollmar\/","name":"Dollmar S.p.A. - Dollmar Meccanica S.r.l","isPartOf":{"@id":"https:\/\/dollmarmeccanica.com\/cms\/#website"},"datePublished":"2011-08-08T09:25:44+00:00","dateModified":"2018-08-23T12:17:39+00:00","breadcrumb":{"@id":"https:\/\/dollmarmeccanica.com\/cms\/dollmar\/#breadcrumb"},"inLanguage":"it-IT","potentialAction":[{"@type":"ReadAction","target":["https:\/\/dollmarmeccanica.com\/cms\/dollmar\/"]}]},{"@type":"BreadcrumbList","@id":"https:\/\/dollmarmeccanica.com\/cms\/dollmar\/#breadcrumb","itemListElement":[{"@type":"ListItem","position":1,"name":"Home","item":"https:\/\/dollmarmeccanica.com\/cms\/"},{"@type":"ListItem","position":2,"name":"Dollmar S.p.A."}]},{"@type":"WebSite","@id":"https:\/\/dollmarmeccanica.com\/cms\/#website","url":"https:\/\/dollmarmeccanica.com\/cms\/","name":"Dollmar Meccanica S.r.l","description":"Impianti di lavaggio industriali","publisher":{"@id":"https:\/\/dollmarmeccanica.com\/cms\/#organization"},"potentialAction":[{"@type":"SearchAction","target":{"@type":"EntryPoint","urlTemplate":"https:\/\/dollmarmeccanica.com\/cms\/?s={search_term_string}"},"query-input":"required name=search_term_string"}],"inLanguage":"it-IT"},{"@type":"Organization","@id":"https:\/\/dollmarmeccanica.com\/cms\/#organization","name":"Dollmar Meccanica","url":"https:\/\/dollmarmeccanica.com\/cms\/","logo":{"@type":"ImageObject","inLanguage":"it-IT","@id":"https:\/\/dollmarmeccanica.com\/cms\/#\/schema\/logo\/image\/","url":"https:\/\/dollmarmeccanica.com\/cms\/wp-content\/uploads\/2015\/08\/logo-dollmarmeccanica-300x280_c.jpg","contentUrl":"https:\/\/dollmarmeccanica.com\/cms\/wp-content\/uploads\/2015\/08\/logo-dollmarmeccanica-300x280_c.jpg","width":300,"height":280,"caption":"Dollmar Meccanica"},"image":{"@id":"https:\/\/dollmarmeccanica.com\/cms\/#\/schema\/logo\/image\/"}}]}},"_links":{"self":[{"href":"https:\/\/dollmarmeccanica.com\/cms\/wp-json\/wp\/v2\/pages\/1148"}],"collection":[{"href":"https:\/\/dollmarmeccanica.com\/cms\/wp-json\/wp\/v2\/pages"}],"about":[{"href":"https:\/\/dollmarmeccanica.com\/cms\/wp-json\/wp\/v2\/types\/page"}],"author":[{"embeddable":true,"href":"https:\/\/dollmarmeccanica.com\/cms\/wp-json\/wp\/v2\/users\/1"}],"replies":[{"embeddable":true,"href":"https:\/\/dollmarmeccanica.com\/cms\/wp-json\/wp\/v2\/comments?post=1148"}],"version-history":[{"count":20,"href":"https:\/\/dollmarmeccanica.com\/cms\/wp-json\/wp\/v2\/pages\/1148\/revisions"}],"predecessor-version":[{"id":6011,"href":"https:\/\/dollmarmeccanica.com\/cms\/wp-json\/wp\/v2\/pages\/1148\/revisions\/6011"}],"wp:attachment":[{"href":"https:\/\/dollmarmeccanica.com\/cms\/wp-json\/wp\/v2\/media?parent=1148"}],"curies":[{"name":"wp","href":"https:\/\/api.w.org\/{rel}","templated":true}]}}