{"id":1115,"date":"2011-08-05T13:29:16","date_gmt":"2011-08-05T13:29:16","guid":{"rendered":"http:\/\/dollmarmeccanica.com\/cms\/?page_id=1115"},"modified":"2012-01-25T10:32:15","modified_gmt":"2012-01-25T10:32:15","slug":"stabilimento-carrara","status":"publish","type":"page","link":"https:\/\/dollmarmeccanica.com\/cms\/casi-di-successo\/stabilimento-carrara\/","title":{"rendered":"Stabilimento Carrara"},"content":{"rendered":"<p><\/p>\n<p id=\"abstract\"><span style=\"color: #3699b5;\"><strong>Dalla vasca di trielina <\/strong><strong><span style=\"color: #3699b5;\">all\u2019impianto di lavaggio con detergenti<\/span><\/strong><strong>: il cambiamento tecnologico e ambientale nei trattamenti di superfici per conto terzi<\/strong><\/span><\/p>\n<h3><span style=\"color: #3699b5;\"><strong>Azienda<\/strong><\/span><\/h3>\n<p><strong><span style=\"color: #3699b5;\">Verniciatura Carrara<\/span><\/strong> \u00e8 specializzata nella realizzazione di <span style=\"color: #3699b5;\"><strong>trattamenti superficiali<\/strong><\/span> per conto terzi. Abbina la propria tradizionale cura artigianale nel campo dei trattamenti \u2013 lavaggio, pretrattamento e verniciatura \u2013 a soluzioni che la posizionano ad un alto livello nei settori prevalenti della sua attivit\u00e0 come l\u2019aeronautica civile e militare, le apparecchiature elettromedicali e le motociclette di prestigio.<br \/>\nVerniciatura Carrara nasce nel 1975 e si trova a Malnate (VA), gestita dal fondatore Francesco Carrara, coadiuvato da Paolo Malinverno. Occupa una superficie di 4.800m\u00b2 e tratta milioni di pezzi all\u2019anno d\u2019alluminio e acciaio delle pi\u00f9 svariate forme e dimensioni, per un fatturato di 1,6 milioni di euro.<\/p>\n<h3><span style=\"color: #3699b5;\"><strong>Il problema da risolvere<\/strong><\/span><\/h3>\n<p>Sotto il profilo ambientale, Verniciatura Carrara si distingue per l\u2019eliminazione della vasca di trielina, motivo importante anche per quanto riguarda l\u2019ambiente di lavoro dei 14 dipendenti dell\u2019azienda.<br \/>\nIl successo di Verniciatura Carrara e il moltiplicarsi delle commesse di lavaggio di pezzi di grandi dimensioni ha richiesto l\u2019installazione di sistemi in grado di offrire prestazioni adeguate.<br \/>\nSi \u00e8 visto infatti necessario, passando dalla trielina al detergente, riuscire a dare ai manufatti metallici un\u2019appropriata protezione contro la corrosione, data la loro permanenza in magazzino e i trattamenti preliminari subiti dai pezzi dopo il lavaggio e prima della verniciatura.<\/p>\n<h3><span style=\"color: #3699b5;\"><strong>La soluzione adottata<\/strong><\/span><\/h3>\n<p><span style=\"color: #3699b5;\"><strong><span style=\"color: #3699b5;\">L\u2019impianto di lavaggio a rampe mobili Finep<\/span><\/strong><\/span> svolge due operazioni.<br \/>\nLa prima \u00e8 composta dallo sgrassaggio e la fosfatazione dei pezzi tramite un prodotto di fosfosgrassaggio, ad alta concentrazione di molibdato (contro la ruggine). Questo procedimento dura 5 minuti ed avviene ad una temperatura di 60\u00ba C.<br \/>\nAl fosfosgrassaggio seguono 2 minuti di gocciolamento (drenaggio della soluzione fosfosgrassante) dopo i quali si attiva la fase di risciacquo che dura 6 minuti ad una temperatura di 75-80\u00baC. La temperatura residua sui pezzi al termine dello stadio di risciacquo ne determina l\u2019autoasciugatura.<br \/>\nIl ciclo completo dell\u2019operazione di lavaggio dura 13 minuti e si conclude con il pezzo pronto per i trattamenti successivi e l\u2019immagazzinamento.<br \/>\nL\u2019acqua di risciacquo viene recuperata e utilizzata per alimentare i veli d\u2019acqua delle cabine di verniciatura, dopo essere stata opportunamente trattata.<br \/>\nLa vasca di sgrassaggio viene smaltita 2-3 volte all\u2019anno secondo le normali procedure di legge.<\/p>\n<h3><span style=\"color: #3699b5;\"><strong>Conclusioni<br \/>\n<\/strong><\/span><\/h3>\n<p>\u00abOltre a risolvere la problematica tecnica ed ambientale illustrata \u2013 dice Paolo Malinverno \u2013 l\u2019investimento dell\u2019<span style=\"color: #3699b5;\"><strong><span style=\"color: #3699b5;\">impianto di lavaggio<\/span><\/strong><\/span> a rampe mobili proposto da Dollmar Meccanica si \u00e8 rivelato competitivo anche in termini economici. Inoltre, l\u2019assistenza complessiva di Francesco Marinelli \u00e8 stata ed \u00e8 un sostegno di grande utilit\u00e0. Siamo convinti di aver deciso per la soluzione migliore, nella delicata e importante circostanza del cambiamento. Il nostro fornitore ci ha presentato e proposto un processo, e non semplicemente un impianto o dei <span style=\"color: #3699b5;\"><strong><span style=\"color: #3699b5;\">prodotti chimici<\/span><\/strong><\/span> di pretrattamento.<br \/>\nOltre all\u2019impianto, infatti, utilizziamo i formulati Dollmar, che si sono rivelati prodotti di qualit\u00e0, affidabili e con il valore aggiunto della consulenza che pu\u00f2 offrire un unico interlocutore per l\u2019intero processo.<br \/>\nGrazie alle scelte effettuate in collaborazione, oggi lavoriamo in piena tranquillit\u00e0, sia per quanto riguarda l\u2019aspetto normativo, sia per la sicurezza di potere acquisire ogni tipo di commessa, garantendo al cliente i risultati che si aspetta\u00bb.<\/p>\n<p>\u00abRitengo \u2013 conclude Paolo Malinverno \u2013 che fare impresa oggi significhi lavorare ponendo grande attenzione al capitale umano, alle esigenze del committente e al mercato, nel quale ci si inserisce sempre di pi\u00f9, secondo la mia esperienza, offrendo standard qualitativi elevati, tempestivit\u00e0 del servizio e disponibilit\u00e0 a interpretare fedelmente anche i punti pi\u00f9 \u201ccritici\u201d dei capitolati, spesso, considerati i settori per i quali operiamo, estremamente sofisticati\u00bb.<\/p>\n<p>Estratto da \u201cLavaggio Industriale\u201d 2006<\/p>\n<p>N.B. Nel PDF seguente potrete trovare informazioni tecniche aggiuntive<\/p>\n<p><strong><span style=\"color: #3699b5;\">Lavametalli per lo Stabilimento Carrara<\/span><\/strong><br \/>\n<strong> <span style=\"color: #3699b5;\"><a href=\"https:\/\/dollmarmeccanica.com\/cms\/wp-content\/uploads\/2011\/08\/Stabilimento-di-Carrara.pdf\"><span style=\"color: #3699b5;\">Scarica il pdf&gt;<\/span><\/a><\/span><\/strong><\/p>","protected":false},"excerpt":{"rendered":"<p>Dalla vasca di trielina all\u2019impianto di lavaggio con detergenti: il cambiamento tecnologico e ambientale nei trattamenti di superfici per conto terzi Azienda Verniciatura Carrara \u00e8 specializzata nella realizzazione di trattamenti superficiali per conto terzi. Abbina la propria tradizionale cura artigianale nel campo dei trattamenti \u2013 lavaggio, pretrattamento e verniciatura \u2013 a soluzioni che la posizionano [&hellip;]<\/p>\n","protected":false},"author":1,"featured_media":0,"parent":1063,"menu_order":38,"comment_status":"open","ping_status":"closed","template":"","meta":[],"yoast_head":"<!-- This site is optimized with the Yoast SEO plugin v20.3 - https:\/\/yoast.com\/wordpress\/plugins\/seo\/ -->\n<title>Stabilimento Carrara - Dollmar Meccanica S.r.l<\/title>\n<meta name=\"robots\" content=\"index, follow, max-snippet:-1, max-image-preview:large, max-video-preview:-1\" \/>\n<link rel=\"canonical\" href=\"https:\/\/dollmarmeccanica.com\/cms\/en\/casi-di-successo\/stabilimento-carrara\/\" \/>\n<meta property=\"og:locale\" content=\"it_IT\" \/>\n<meta property=\"og:type\" content=\"article\" \/>\n<meta property=\"og:title\" content=\"Stabilimento Carrara - Dollmar Meccanica S.r.l\" \/>\n<meta property=\"og:description\" content=\"Dalla vasca di trielina all\u2019impianto di lavaggio con detergenti: il cambiamento tecnologico e ambientale nei trattamenti di superfici per conto terzi Azienda Verniciatura Carrara \u00e8 specializzata nella realizzazione di trattamenti superficiali per conto terzi. Abbina la propria tradizionale cura artigianale nel campo dei trattamenti \u2013 lavaggio, pretrattamento e verniciatura \u2013 a soluzioni che la posizionano [&hellip;]\" \/>\n<meta property=\"og:url\" content=\"https:\/\/dollmarmeccanica.com\/cms\/en\/casi-di-successo\/stabilimento-carrara\/\" \/>\n<meta property=\"og:site_name\" content=\"Dollmar Meccanica S.r.l\" \/>\n<meta property=\"article:modified_time\" content=\"2012-01-25T10:32:15+00:00\" \/>\n<meta name=\"twitter:card\" content=\"summary_large_image\" \/>\n<meta name=\"twitter:label1\" content=\"Tempo di lettura stimato\" \/>\n\t<meta name=\"twitter:data1\" content=\"6 minuti\" \/>\n<script type=\"application\/ld+json\" class=\"yoast-schema-graph\">{\"@context\":\"https:\/\/schema.org\",\"@graph\":[{\"@type\":\"WebPage\",\"@id\":\"https:\/\/dollmarmeccanica.com\/cms\/en\/casi-di-successo\/stabilimento-carrara\/\",\"url\":\"https:\/\/dollmarmeccanica.com\/cms\/en\/casi-di-successo\/stabilimento-carrara\/\",\"name\":\"Stabilimento Carrara - Dollmar Meccanica S.r.l\",\"isPartOf\":{\"@id\":\"https:\/\/dollmarmeccanica.com\/cms\/#website\"},\"datePublished\":\"2011-08-05T13:29:16+00:00\",\"dateModified\":\"2012-01-25T10:32:15+00:00\",\"breadcrumb\":{\"@id\":\"https:\/\/dollmarmeccanica.com\/cms\/en\/casi-di-successo\/stabilimento-carrara\/#breadcrumb\"},\"inLanguage\":\"it-IT\",\"potentialAction\":[{\"@type\":\"ReadAction\",\"target\":[\"https:\/\/dollmarmeccanica.com\/cms\/en\/casi-di-successo\/stabilimento-carrara\/\"]}]},{\"@type\":\"BreadcrumbList\",\"@id\":\"https:\/\/dollmarmeccanica.com\/cms\/en\/casi-di-successo\/stabilimento-carrara\/#breadcrumb\",\"itemListElement\":[{\"@type\":\"ListItem\",\"position\":1,\"name\":\"Home\",\"item\":\"https:\/\/dollmarmeccanica.com\/cms\/\"},{\"@type\":\"ListItem\",\"position\":2,\"name\":\"Casi di successo\",\"item\":\"https:\/\/dollmarmeccanica.com\/cms\/casi-di-successo\/\"},{\"@type\":\"ListItem\",\"position\":3,\"name\":\"The Carrara Plant\"}]},{\"@type\":\"WebSite\",\"@id\":\"https:\/\/dollmarmeccanica.com\/cms\/#website\",\"url\":\"https:\/\/dollmarmeccanica.com\/cms\/\",\"name\":\"Dollmar Meccanica S.r.l\",\"description\":\"Impianti di lavaggio industriali\",\"publisher\":{\"@id\":\"https:\/\/dollmarmeccanica.com\/cms\/#organization\"},\"potentialAction\":[{\"@type\":\"SearchAction\",\"target\":{\"@type\":\"EntryPoint\",\"urlTemplate\":\"https:\/\/dollmarmeccanica.com\/cms\/?s={search_term_string}\"},\"query-input\":\"required name=search_term_string\"}],\"inLanguage\":\"it-IT\"},{\"@type\":\"Organization\",\"@id\":\"https:\/\/dollmarmeccanica.com\/cms\/#organization\",\"name\":\"Dollmar Meccanica\",\"url\":\"https:\/\/dollmarmeccanica.com\/cms\/\",\"logo\":{\"@type\":\"ImageObject\",\"inLanguage\":\"it-IT\",\"@id\":\"https:\/\/dollmarmeccanica.com\/cms\/#\/schema\/logo\/image\/\",\"url\":\"https:\/\/dollmarmeccanica.com\/cms\/wp-content\/uploads\/2015\/08\/logo-dollmarmeccanica-300x280_c.jpg\",\"contentUrl\":\"https:\/\/dollmarmeccanica.com\/cms\/wp-content\/uploads\/2015\/08\/logo-dollmarmeccanica-300x280_c.jpg\",\"width\":300,\"height\":280,\"caption\":\"Dollmar Meccanica\"},\"image\":{\"@id\":\"https:\/\/dollmarmeccanica.com\/cms\/#\/schema\/logo\/image\/\"}}]}<\/script>\n<!-- \/ Yoast SEO plugin. -->","yoast_head_json":{"title":"Stabilimento Carrara - Dollmar Meccanica S.r.l","robots":{"index":"index","follow":"follow","max-snippet":"max-snippet:-1","max-image-preview":"max-image-preview:large","max-video-preview":"max-video-preview:-1"},"canonical":"https:\/\/dollmarmeccanica.com\/cms\/en\/casi-di-successo\/stabilimento-carrara\/","og_locale":"it_IT","og_type":"article","og_title":"Stabilimento Carrara - Dollmar Meccanica S.r.l","og_description":"Dalla vasca di trielina all\u2019impianto di lavaggio con detergenti: il cambiamento tecnologico e ambientale nei trattamenti di superfici per conto terzi Azienda Verniciatura Carrara \u00e8 specializzata nella realizzazione di trattamenti superficiali per conto terzi. Abbina la propria tradizionale cura artigianale nel campo dei trattamenti \u2013 lavaggio, pretrattamento e verniciatura \u2013 a soluzioni che la posizionano [&hellip;]","og_url":"https:\/\/dollmarmeccanica.com\/cms\/en\/casi-di-successo\/stabilimento-carrara\/","og_site_name":"Dollmar Meccanica S.r.l","article_modified_time":"2012-01-25T10:32:15+00:00","twitter_card":"summary_large_image","twitter_misc":{"Tempo di lettura stimato":"6 minuti"},"schema":{"@context":"https:\/\/schema.org","@graph":[{"@type":"WebPage","@id":"https:\/\/dollmarmeccanica.com\/cms\/en\/casi-di-successo\/stabilimento-carrara\/","url":"https:\/\/dollmarmeccanica.com\/cms\/en\/casi-di-successo\/stabilimento-carrara\/","name":"Stabilimento Carrara - Dollmar Meccanica S.r.l","isPartOf":{"@id":"https:\/\/dollmarmeccanica.com\/cms\/#website"},"datePublished":"2011-08-05T13:29:16+00:00","dateModified":"2012-01-25T10:32:15+00:00","breadcrumb":{"@id":"https:\/\/dollmarmeccanica.com\/cms\/en\/casi-di-successo\/stabilimento-carrara\/#breadcrumb"},"inLanguage":"it-IT","potentialAction":[{"@type":"ReadAction","target":["https:\/\/dollmarmeccanica.com\/cms\/en\/casi-di-successo\/stabilimento-carrara\/"]}]},{"@type":"BreadcrumbList","@id":"https:\/\/dollmarmeccanica.com\/cms\/en\/casi-di-successo\/stabilimento-carrara\/#breadcrumb","itemListElement":[{"@type":"ListItem","position":1,"name":"Home","item":"https:\/\/dollmarmeccanica.com\/cms\/"},{"@type":"ListItem","position":2,"name":"Casi di successo","item":"https:\/\/dollmarmeccanica.com\/cms\/casi-di-successo\/"},{"@type":"ListItem","position":3,"name":"The Carrara Plant"}]},{"@type":"WebSite","@id":"https:\/\/dollmarmeccanica.com\/cms\/#website","url":"https:\/\/dollmarmeccanica.com\/cms\/","name":"Dollmar Meccanica S.r.l","description":"Impianti di lavaggio industriali","publisher":{"@id":"https:\/\/dollmarmeccanica.com\/cms\/#organization"},"potentialAction":[{"@type":"SearchAction","target":{"@type":"EntryPoint","urlTemplate":"https:\/\/dollmarmeccanica.com\/cms\/?s={search_term_string}"},"query-input":"required name=search_term_string"}],"inLanguage":"it-IT"},{"@type":"Organization","@id":"https:\/\/dollmarmeccanica.com\/cms\/#organization","name":"Dollmar Meccanica","url":"https:\/\/dollmarmeccanica.com\/cms\/","logo":{"@type":"ImageObject","inLanguage":"it-IT","@id":"https:\/\/dollmarmeccanica.com\/cms\/#\/schema\/logo\/image\/","url":"https:\/\/dollmarmeccanica.com\/cms\/wp-content\/uploads\/2015\/08\/logo-dollmarmeccanica-300x280_c.jpg","contentUrl":"https:\/\/dollmarmeccanica.com\/cms\/wp-content\/uploads\/2015\/08\/logo-dollmarmeccanica-300x280_c.jpg","width":300,"height":280,"caption":"Dollmar Meccanica"},"image":{"@id":"https:\/\/dollmarmeccanica.com\/cms\/#\/schema\/logo\/image\/"}}]}},"_links":{"self":[{"href":"https:\/\/dollmarmeccanica.com\/cms\/wp-json\/wp\/v2\/pages\/1115"}],"collection":[{"href":"https:\/\/dollmarmeccanica.com\/cms\/wp-json\/wp\/v2\/pages"}],"about":[{"href":"https:\/\/dollmarmeccanica.com\/cms\/wp-json\/wp\/v2\/types\/page"}],"author":[{"embeddable":true,"href":"https:\/\/dollmarmeccanica.com\/cms\/wp-json\/wp\/v2\/users\/1"}],"replies":[{"embeddable":true,"href":"https:\/\/dollmarmeccanica.com\/cms\/wp-json\/wp\/v2\/comments?post=1115"}],"version-history":[{"count":14,"href":"https:\/\/dollmarmeccanica.com\/cms\/wp-json\/wp\/v2\/pages\/1115\/revisions"}],"predecessor-version":[{"id":2364,"href":"https:\/\/dollmarmeccanica.com\/cms\/wp-json\/wp\/v2\/pages\/1115\/revisions\/2364"}],"up":[{"embeddable":true,"href":"https:\/\/dollmarmeccanica.com\/cms\/wp-json\/wp\/v2\/pages\/1063"}],"wp:attachment":[{"href":"https:\/\/dollmarmeccanica.com\/cms\/wp-json\/wp\/v2\/media?parent=1115"}],"curies":[{"name":"wp","href":"https:\/\/api.w.org\/{rel}","templated":true}]}}