{"id":1097,"date":"2011-08-05T10:52:05","date_gmt":"2011-08-05T10:52:05","guid":{"rendered":"http:\/\/dollmarmeccanica.com\/cms\/?page_id=1097"},"modified":"2012-01-25T10:04:31","modified_gmt":"2012-01-25T10:04:31","slug":"pe-ma-impianto-di-lavaggio-e-forno-di-asciugatura-per-pezzi-pressofusi-dopo-lavorazione-meccanica-per-il-settore-automotive","status":"publish","type":"page","link":"https:\/\/dollmarmeccanica.com\/cms\/casi-di-successo\/pe-ma-impianto-di-lavaggio-e-forno-di-asciugatura-per-pezzi-pressofusi-dopo-lavorazione-meccanica-per-il-settore-automotive\/","title":{"rendered":"Pe-Ma: impianto di lavaggio e forno di asciugatura per pezzi pressofusi"},"content":{"rendered":"<p><\/p>\n<p style=\"text-align: justify;\"><span style=\"color: #3699b5;\"><strong><img decoding=\"async\" loading=\"lazy\" class=\"size-full wp-image-1100 alignleft\" title=\"pe-mapage\" src=\"https:\/\/dollmarmeccanica.com\/cms\/wp-content\/uploads\/2011\/08\/pe-mapage.jpg\" alt=\"pe-ma\" width=\"180\" height=\"117\" \/><\/strong><\/span><\/p>\n<p style=\"text-align: justify;\"><span style=\"color: #3699b5;\"><strong>Impianto di lavaggio e forno di asciugatura per l&#8217;automazione dei processi: aumento di produttivit\u00e0, qualit\u00e0 ed efficienza.<\/strong><\/span><\/p>\n<p>&nbsp;<\/p>\n<p>&nbsp;<\/p>\n<h3 style=\"text-align: justify;\"><span style=\"color: #3699b5;\"><strong>Azienda<\/strong><\/span><\/h3>\n<p style=\"text-align: justify;\"><span style=\"color: #3699b5;\"><strong>Pe-Ma<\/strong><\/span> \u00e8 un importante gruppo giovane e dinamico, con sede nel padovano, che opera nel settore delle <span style=\"color: #3699b5;\"><strong>lavorazioni meccaniche di precisione.<\/strong><\/span><br \/>\nIl Gruppo \u00e8 costituito da\u00a0tre Societ\u00e0:<\/p>\n<ul style=\"text-align: justify;\">\n<li>Pe-Ma esegue<span style=\"color: #3699b5;\"><strong> lavorazioni meccaniche<\/strong> <strong>di precisione<\/strong><\/span>\u00a0conto terzi specializzata principalmente su pezzi provenienti da fusione e da barra<\/li>\n<li>Pe-Ma fornisce<span style=\"color: #3699b5;\"> <strong>particolari completi a disegno<\/strong><\/span>, tramite lavorazioni dei materiali con torni CNC<\/li>\n<li>Unimetal, in Croazia, che esegue lavorazioni di <span style=\"color: #3699b5;\"><strong>sbavatura<\/strong><\/span>, lucidatura,<span style=\"color: #3699b5;\"><strong> verniciatura<\/strong><\/span> e assemblaggio.<\/li>\n<\/ul>\n<h3 style=\"text-align: justify;\"><span style=\"color: #3699b5;\">\u00a0<strong>Il problema da risolvere<\/strong><\/span><\/h3>\n<p style=\"text-align: justify;\">I Clienti di Pe-Ma di pezzi finiti e di semilavorati richiedono che <span style=\"color: #3699b5;\"><strong>i pezzi vengano forniti gi\u00e0 lavati.<\/strong><\/span><br \/>\nLa fase di lavaggio diventa quindi un porcesso molto importante perch\u00e8 da un lato costituisce una vera e propria finitura, dall&#8217;altro \u00e8 una fase propedeutica affinch\u00e8 il cliente riceva semilavorati pronti per le lavorazioni successive.<br \/>\nLa fase di lavaggio precedentemente utilizzata da Pe-Ma si serviva di una giostra di lavaggio che per\u00f2 non garantiva i livelli di qualit\u00e0 e produttivit\u00e0 richiesti.<\/p>\n<h3 style=\"text-align: justify;\"><span style=\"color: #3699b5;\"><strong>La soluzione del Gruppo Dollmar<\/strong><\/span><\/h3>\n<p style=\"text-align: justify;\">Per rispondere alle richieste di <span style=\"color: #3699b5;\"><strong>alta qualit\u00e0 e produttivit\u00e0<\/strong><\/span> nella fase di lavaggio Dollmar Meccanica ha fornito un sistema automatico Finep capace di aumentare sia la capacit\u00e0 produttiva che la produttivit\u00e0 del reparto.<br \/>\nIl nuovo <strong><span style=\"color: #3699b5;\"><span style=\"color: #3699b5;\">impianto di lavaggio Finep<\/span><\/span><\/strong> funziona senza la presenza costante di manodopera ed effettua un ciclo costante in ogni momento: <span style=\"color: #3699b5;\"><strong>lavora 24 ore al giorno su tre turni<\/strong><\/span> ed ha un&#8217;autonomia di carico di 45 minuti.<br \/>\nCaratteristiche\u00a0tecniche della\u00a0lavatrice industriale installata:<\/p>\n<ul style=\"text-align: justify;\">\n<li>dotata di\u00a0cassetto che trasla i pezzi all&#8217;interno della cabina di lavaggio\u00a0e di\u00a0<span style=\"color: #3699b5;\"><strong>pinza di trasferimento pezzo a pezzo<\/strong><\/span> al forno di asciugatura<\/li>\n<li>esegue una fase di lavaggio a spruzzo a caldo di 15 secondi con detergenti per il lavaggio interoperazionale in soluzione acquosa<\/li>\n<li>esegue una fase di soffiatura con aria compressa<\/li>\n<li>lava pezzi\u00a0con dimensioni massime di 160 mm di diametro e 50 mm di spessore.<\/li>\n<\/ul>\n<p style=\"text-align: justify;\">Al termine della fase di lavaggio il cassetto torna alla piattaforma esterna e dispone il pezzo per lo scarico automatico. Da qui una pinza pneumatica trasferisce il pezzo nel <span style=\"color: #3699b5;\"><strong><span style=\"color: #3699b5;\">forno di asciugatura<\/span>.<\/strong><\/span><br \/>\nIl <span style=\"color: #3699b5;\"><strong><span style=\"color: #3699b5;\">forno di asciugatura<\/span><\/strong><\/span> \u00e8 dotato di tappeto che avanza a scatti e che permette di trasportare fino a quattro pezzi affiancati (caratteristiche tecniche dettagliate nel file PDF allegato).<\/p>\n<h3 style=\"text-align: justify;\"><span style=\"color: #3699b5;\"><strong>Conclusioni<\/strong><\/span><\/h3>\n<p style=\"text-align: justify;\">Anche nell&#8217;industria delle lavorazioni meccaniche di precisione, il <span style=\"color: #3699b5;\"><strong>lavaggio<\/strong><\/span> ha conquistato un ruolo d&#8217;importanza primaria: \u00e8 considerata una fase capace di <strong><span style=\"color: #3699b5;\">aggiungere valore ai prodotti<\/span> <span style=\"color: #3699b5;\">fabbricati.<\/span><\/strong><br \/>\nLa soluzione proposta da Dollmar Meccanica ha permesso a Pe-Ma di migliorare il suo processo produttivo in termini di qualit\u00e0 ed efficienza.<\/p>\n<p style=\"text-align: justify;\">Per ulteriori informazioni sulle caratteristiche tecniche <span style=\"color: #3699b5;\"><strong><span style=\"color: #3699b5;\">dell&#8217;impianto di lavaggio<\/span><\/strong><\/span> e del <span style=\"color: #3699b5;\"><strong><span style=\"color: #3699b5;\">forno di asciugatura<\/span> <\/strong><\/span>installati scaricare il <span style=\"color: #3699b5;\"><strong>file PDF allegato.<\/strong><\/span><\/p>\n<p style=\"text-align: justify;\">Estratto da &#8220;Lavaggio industriale &#8211; Luglio 2008&#8221;.<\/p>\n<p style=\"text-align: justify;\"><strong><br \/>\n<\/strong><\/p>\n<p style=\"text-align: justify;\"><strong><span style=\"color: #3699b5;\">Soluzioni di lavaggio per lavorazioni meccaniche &#8211; ITA<\/span><\/strong><br \/>\n<strong> <span style=\"color: #3699b5;\"> <a href=\"https:\/\/dollmarmeccanica.com\/cms\/wp-content\/uploads\/2011\/08\/PE-MA-IT.pdf\"><span style=\"color: #3699b5;\">Scarica il pdf&gt;<\/span><\/a><\/span><\/strong><\/p>\n<p style=\"text-align: justify;\"><strong><span style=\"color: #3699b5;\">Soluzioni di lavaggio per lavorazioni meccaniche &#8211; ESP<\/span><\/strong><br \/>\n<strong> <span style=\"color: #3699b5;\"> <a href=\"https:\/\/dollmarmeccanica.com\/cms\/wp-content\/uploads\/2011\/08\/PE-MA-ES.pdf\"><span style=\"color: #3699b5;\">Scarica il pdf&gt;<\/span><\/a><\/span><\/strong><\/p>\n<p><\/p>","protected":false},"excerpt":{"rendered":"<p>Impianto di lavaggio e forno di asciugatura per l&#8217;automazione dei processi: aumento di produttivit\u00e0, qualit\u00e0 ed efficienza. &nbsp; &nbsp; Azienda Pe-Ma \u00e8 un importante gruppo giovane e dinamico, con sede nel padovano, che opera nel settore delle lavorazioni meccaniche di precisione. Il Gruppo \u00e8 costituito da\u00a0tre Societ\u00e0: Pe-Ma esegue lavorazioni meccaniche di precisione\u00a0conto terzi specializzata [&hellip;]<\/p>\n","protected":false},"author":1,"featured_media":0,"parent":1063,"menu_order":28,"comment_status":"open","ping_status":"closed","template":"","meta":[],"yoast_head":"<!-- This site is optimized with the Yoast SEO plugin v20.3 - https:\/\/yoast.com\/wordpress\/plugins\/seo\/ -->\n<title>Pe-Ma: impianto di lavaggio e forno di asciugatura per pezzi pressofusi - Dollmar Meccanica S.r.l<\/title>\n<meta name=\"robots\" content=\"index, follow, max-snippet:-1, max-image-preview:large, max-video-preview:-1\" \/>\n<link rel=\"canonical\" href=\"https:\/\/dollmarmeccanica.com\/cms\/casi-di-successo\/pe-ma-impianto-di-lavaggio-e-forno-di-asciugatura-per-pezzi-pressofusi-dopo-lavorazione-meccanica-per-il-settore-automotive\/\" \/>\n<meta property=\"og:locale\" content=\"it_IT\" \/>\n<meta property=\"og:type\" content=\"article\" \/>\n<meta property=\"og:title\" content=\"Pe-Ma: impianto di lavaggio e forno di asciugatura per pezzi pressofusi - Dollmar Meccanica S.r.l\" \/>\n<meta property=\"og:description\" content=\"Impianto di lavaggio e forno di asciugatura per l&#8217;automazione dei processi: aumento di produttivit\u00e0, qualit\u00e0 ed efficienza. &nbsp; &nbsp; Azienda Pe-Ma \u00e8 un importante gruppo giovane e dinamico, con sede nel padovano, che opera nel settore delle lavorazioni meccaniche di precisione. Il Gruppo \u00e8 costituito da\u00a0tre Societ\u00e0: Pe-Ma esegue lavorazioni meccaniche di precisione\u00a0conto terzi specializzata [&hellip;]\" \/>\n<meta property=\"og:url\" content=\"https:\/\/dollmarmeccanica.com\/cms\/casi-di-successo\/pe-ma-impianto-di-lavaggio-e-forno-di-asciugatura-per-pezzi-pressofusi-dopo-lavorazione-meccanica-per-il-settore-automotive\/\" \/>\n<meta property=\"og:site_name\" content=\"Dollmar Meccanica S.r.l\" \/>\n<meta property=\"article:modified_time\" content=\"2012-01-25T10:04:31+00:00\" \/>\n<meta property=\"og:image\" content=\"https:\/\/dollmarmeccanica.com\/cms\/wp-content\/uploads\/2011\/08\/pe-mapage.jpg\" \/>\n<meta name=\"twitter:card\" content=\"summary_large_image\" \/>\n<meta name=\"twitter:label1\" content=\"Tempo di lettura stimato\" \/>\n\t<meta name=\"twitter:data1\" content=\"5 minuti\" \/>\n<script type=\"application\/ld+json\" class=\"yoast-schema-graph\">{\"@context\":\"https:\/\/schema.org\",\"@graph\":[{\"@type\":\"WebPage\",\"@id\":\"https:\/\/dollmarmeccanica.com\/cms\/casi-di-successo\/pe-ma-impianto-di-lavaggio-e-forno-di-asciugatura-per-pezzi-pressofusi-dopo-lavorazione-meccanica-per-il-settore-automotive\/\",\"url\":\"https:\/\/dollmarmeccanica.com\/cms\/casi-di-successo\/pe-ma-impianto-di-lavaggio-e-forno-di-asciugatura-per-pezzi-pressofusi-dopo-lavorazione-meccanica-per-il-settore-automotive\/\",\"name\":\"Pe-Ma: impianto di lavaggio e forno di asciugatura per pezzi pressofusi - Dollmar Meccanica S.r.l\",\"isPartOf\":{\"@id\":\"https:\/\/dollmarmeccanica.com\/cms\/#website\"},\"datePublished\":\"2011-08-05T10:52:05+00:00\",\"dateModified\":\"2012-01-25T10:04:31+00:00\",\"breadcrumb\":{\"@id\":\"https:\/\/dollmarmeccanica.com\/cms\/casi-di-successo\/pe-ma-impianto-di-lavaggio-e-forno-di-asciugatura-per-pezzi-pressofusi-dopo-lavorazione-meccanica-per-il-settore-automotive\/#breadcrumb\"},\"inLanguage\":\"it-IT\",\"potentialAction\":[{\"@type\":\"ReadAction\",\"target\":[\"https:\/\/dollmarmeccanica.com\/cms\/casi-di-successo\/pe-ma-impianto-di-lavaggio-e-forno-di-asciugatura-per-pezzi-pressofusi-dopo-lavorazione-meccanica-per-il-settore-automotive\/\"]}]},{\"@type\":\"BreadcrumbList\",\"@id\":\"https:\/\/dollmarmeccanica.com\/cms\/casi-di-successo\/pe-ma-impianto-di-lavaggio-e-forno-di-asciugatura-per-pezzi-pressofusi-dopo-lavorazione-meccanica-per-il-settore-automotive\/#breadcrumb\",\"itemListElement\":[{\"@type\":\"ListItem\",\"position\":1,\"name\":\"Home\",\"item\":\"https:\/\/dollmarmeccanica.com\/cms\/\"},{\"@type\":\"ListItem\",\"position\":2,\"name\":\"Casi di successo\",\"item\":\"https:\/\/dollmarmeccanica.com\/cms\/casi-di-successo\/\"},{\"@type\":\"ListItem\",\"position\":3,\"name\":\"Pe-Ma: impianto di lavaggio e forno di asciugatura per pezzi pressofusi\"}]},{\"@type\":\"WebSite\",\"@id\":\"https:\/\/dollmarmeccanica.com\/cms\/#website\",\"url\":\"https:\/\/dollmarmeccanica.com\/cms\/\",\"name\":\"Dollmar Meccanica S.r.l\",\"description\":\"Impianti di lavaggio industriali\",\"publisher\":{\"@id\":\"https:\/\/dollmarmeccanica.com\/cms\/#organization\"},\"potentialAction\":[{\"@type\":\"SearchAction\",\"target\":{\"@type\":\"EntryPoint\",\"urlTemplate\":\"https:\/\/dollmarmeccanica.com\/cms\/?s={search_term_string}\"},\"query-input\":\"required name=search_term_string\"}],\"inLanguage\":\"it-IT\"},{\"@type\":\"Organization\",\"@id\":\"https:\/\/dollmarmeccanica.com\/cms\/#organization\",\"name\":\"Dollmar Meccanica\",\"url\":\"https:\/\/dollmarmeccanica.com\/cms\/\",\"logo\":{\"@type\":\"ImageObject\",\"inLanguage\":\"it-IT\",\"@id\":\"https:\/\/dollmarmeccanica.com\/cms\/#\/schema\/logo\/image\/\",\"url\":\"https:\/\/dollmarmeccanica.com\/cms\/wp-content\/uploads\/2015\/08\/logo-dollmarmeccanica-300x280_c.jpg\",\"contentUrl\":\"https:\/\/dollmarmeccanica.com\/cms\/wp-content\/uploads\/2015\/08\/logo-dollmarmeccanica-300x280_c.jpg\",\"width\":300,\"height\":280,\"caption\":\"Dollmar Meccanica\"},\"image\":{\"@id\":\"https:\/\/dollmarmeccanica.com\/cms\/#\/schema\/logo\/image\/\"}}]}<\/script>\n<!-- \/ Yoast SEO plugin. -->","yoast_head_json":{"title":"Pe-Ma: impianto di lavaggio e forno di asciugatura per pezzi pressofusi - Dollmar Meccanica S.r.l","robots":{"index":"index","follow":"follow","max-snippet":"max-snippet:-1","max-image-preview":"max-image-preview:large","max-video-preview":"max-video-preview:-1"},"canonical":"https:\/\/dollmarmeccanica.com\/cms\/casi-di-successo\/pe-ma-impianto-di-lavaggio-e-forno-di-asciugatura-per-pezzi-pressofusi-dopo-lavorazione-meccanica-per-il-settore-automotive\/","og_locale":"it_IT","og_type":"article","og_title":"Pe-Ma: impianto di lavaggio e forno di asciugatura per pezzi pressofusi - Dollmar Meccanica S.r.l","og_description":"Impianto di lavaggio e forno di asciugatura per l&#8217;automazione dei processi: aumento di produttivit\u00e0, qualit\u00e0 ed efficienza. &nbsp; &nbsp; Azienda Pe-Ma \u00e8 un importante gruppo giovane e dinamico, con sede nel padovano, che opera nel settore delle lavorazioni meccaniche di precisione. Il Gruppo \u00e8 costituito da\u00a0tre Societ\u00e0: Pe-Ma esegue lavorazioni meccaniche di precisione\u00a0conto terzi specializzata [&hellip;]","og_url":"https:\/\/dollmarmeccanica.com\/cms\/casi-di-successo\/pe-ma-impianto-di-lavaggio-e-forno-di-asciugatura-per-pezzi-pressofusi-dopo-lavorazione-meccanica-per-il-settore-automotive\/","og_site_name":"Dollmar Meccanica S.r.l","article_modified_time":"2012-01-25T10:04:31+00:00","og_image":[{"url":"https:\/\/dollmarmeccanica.com\/cms\/wp-content\/uploads\/2011\/08\/pe-mapage.jpg"}],"twitter_card":"summary_large_image","twitter_misc":{"Tempo di lettura stimato":"5 minuti"},"schema":{"@context":"https:\/\/schema.org","@graph":[{"@type":"WebPage","@id":"https:\/\/dollmarmeccanica.com\/cms\/casi-di-successo\/pe-ma-impianto-di-lavaggio-e-forno-di-asciugatura-per-pezzi-pressofusi-dopo-lavorazione-meccanica-per-il-settore-automotive\/","url":"https:\/\/dollmarmeccanica.com\/cms\/casi-di-successo\/pe-ma-impianto-di-lavaggio-e-forno-di-asciugatura-per-pezzi-pressofusi-dopo-lavorazione-meccanica-per-il-settore-automotive\/","name":"Pe-Ma: impianto di lavaggio e forno di asciugatura per pezzi pressofusi - Dollmar Meccanica S.r.l","isPartOf":{"@id":"https:\/\/dollmarmeccanica.com\/cms\/#website"},"datePublished":"2011-08-05T10:52:05+00:00","dateModified":"2012-01-25T10:04:31+00:00","breadcrumb":{"@id":"https:\/\/dollmarmeccanica.com\/cms\/casi-di-successo\/pe-ma-impianto-di-lavaggio-e-forno-di-asciugatura-per-pezzi-pressofusi-dopo-lavorazione-meccanica-per-il-settore-automotive\/#breadcrumb"},"inLanguage":"it-IT","potentialAction":[{"@type":"ReadAction","target":["https:\/\/dollmarmeccanica.com\/cms\/casi-di-successo\/pe-ma-impianto-di-lavaggio-e-forno-di-asciugatura-per-pezzi-pressofusi-dopo-lavorazione-meccanica-per-il-settore-automotive\/"]}]},{"@type":"BreadcrumbList","@id":"https:\/\/dollmarmeccanica.com\/cms\/casi-di-successo\/pe-ma-impianto-di-lavaggio-e-forno-di-asciugatura-per-pezzi-pressofusi-dopo-lavorazione-meccanica-per-il-settore-automotive\/#breadcrumb","itemListElement":[{"@type":"ListItem","position":1,"name":"Home","item":"https:\/\/dollmarmeccanica.com\/cms\/"},{"@type":"ListItem","position":2,"name":"Casi di successo","item":"https:\/\/dollmarmeccanica.com\/cms\/casi-di-successo\/"},{"@type":"ListItem","position":3,"name":"Pe-Ma: impianto di lavaggio e forno di asciugatura per pezzi pressofusi"}]},{"@type":"WebSite","@id":"https:\/\/dollmarmeccanica.com\/cms\/#website","url":"https:\/\/dollmarmeccanica.com\/cms\/","name":"Dollmar Meccanica S.r.l","description":"Impianti di lavaggio industriali","publisher":{"@id":"https:\/\/dollmarmeccanica.com\/cms\/#organization"},"potentialAction":[{"@type":"SearchAction","target":{"@type":"EntryPoint","urlTemplate":"https:\/\/dollmarmeccanica.com\/cms\/?s={search_term_string}"},"query-input":"required name=search_term_string"}],"inLanguage":"it-IT"},{"@type":"Organization","@id":"https:\/\/dollmarmeccanica.com\/cms\/#organization","name":"Dollmar Meccanica","url":"https:\/\/dollmarmeccanica.com\/cms\/","logo":{"@type":"ImageObject","inLanguage":"it-IT","@id":"https:\/\/dollmarmeccanica.com\/cms\/#\/schema\/logo\/image\/","url":"https:\/\/dollmarmeccanica.com\/cms\/wp-content\/uploads\/2015\/08\/logo-dollmarmeccanica-300x280_c.jpg","contentUrl":"https:\/\/dollmarmeccanica.com\/cms\/wp-content\/uploads\/2015\/08\/logo-dollmarmeccanica-300x280_c.jpg","width":300,"height":280,"caption":"Dollmar Meccanica"},"image":{"@id":"https:\/\/dollmarmeccanica.com\/cms\/#\/schema\/logo\/image\/"}}]}},"_links":{"self":[{"href":"https:\/\/dollmarmeccanica.com\/cms\/wp-json\/wp\/v2\/pages\/1097"}],"collection":[{"href":"https:\/\/dollmarmeccanica.com\/cms\/wp-json\/wp\/v2\/pages"}],"about":[{"href":"https:\/\/dollmarmeccanica.com\/cms\/wp-json\/wp\/v2\/types\/page"}],"author":[{"embeddable":true,"href":"https:\/\/dollmarmeccanica.com\/cms\/wp-json\/wp\/v2\/users\/1"}],"replies":[{"embeddable":true,"href":"https:\/\/dollmarmeccanica.com\/cms\/wp-json\/wp\/v2\/comments?post=1097"}],"version-history":[{"count":18,"href":"https:\/\/dollmarmeccanica.com\/cms\/wp-json\/wp\/v2\/pages\/1097\/revisions"}],"predecessor-version":[{"id":2361,"href":"https:\/\/dollmarmeccanica.com\/cms\/wp-json\/wp\/v2\/pages\/1097\/revisions\/2361"}],"up":[{"embeddable":true,"href":"https:\/\/dollmarmeccanica.com\/cms\/wp-json\/wp\/v2\/pages\/1063"}],"wp:attachment":[{"href":"https:\/\/dollmarmeccanica.com\/cms\/wp-json\/wp\/v2\/media?parent=1097"}],"curies":[{"name":"wp","href":"https:\/\/api.w.org\/{rel}","templated":true}]}}