{"id":1005,"date":"2011-08-04T13:46:26","date_gmt":"2011-08-04T13:46:26","guid":{"rendered":"http:\/\/dollmarmeccanica.com\/cms\/?page_id=1005"},"modified":"2024-12-11T09:46:15","modified_gmt":"2024-12-11T09:46:15","slug":"accessori","status":"publish","type":"page","link":"https:\/\/dollmarmeccanica.com\/cms\/accessori\/","title":{"rendered":"Accessori e ricambi per impianti"},"content":{"rendered":"<p>[vc_row][vc_column][vc_column_text]<\/p>\n<h4>[\/vc_column_text][\/vc_column][\/vc_row][vc_row][vc_column][vc_column_text]Grazie all&#8217;integrazione di <strong>componenti e accessori<\/strong>\u00a0dedicati agli impianti di lavaggio \u00e8 possibile aumentare <strong>la sicurezza e la qualit\u00e0 di lavaggio e quindi migliorare la qualit\u00e0 dell&#8217;ambiente di lavoro.\u00a0Vuoi un impianto di lavaggio performante? Scopri i migliori accessori disponibili, progettati per aumentare produttivit\u00e0 e ridurre costi operativi.\u00a0<\/strong><\/h4>\n<p><a href=\"https:\/\/dollmarmeccanica.com\/cms\/wp-content\/uploads\/2011\/09\/12-cesto-rotante.jpg\"><img decoding=\"async\" loading=\"lazy\" class=\"alignleft wp-image-4006 size-medium\" title=\"accessori per lavametalli\" src=\"https:\/\/dollmarmeccanica.com\/cms\/wp-content\/uploads\/2011\/09\/12-cesto-rotante-225x300.jpg\" alt=\"accessori per lavametalli\" width=\"225\" height=\"300\" srcset=\"https:\/\/dollmarmeccanica.com\/cms\/wp-content\/uploads\/2011\/09\/12-cesto-rotante-225x300.jpg 225w, https:\/\/dollmarmeccanica.com\/cms\/wp-content\/uploads\/2011\/09\/12-cesto-rotante-768x1024.jpg 768w\" sizes=\"(max-width: 225px) 100vw, 225px\" \/><\/a>Gli accessori per lavametalli Dollmar Meccanica di maggiore impiego sono i seguenti:<\/p>\n<div id=\"corpo\">\n<ul>\n<li style=\"text-align: left;\"><strong><a href=\"https:\/\/dollmarmeccanica.com\/cms\/?page_id=1007\">Safety Doll System<\/a><\/strong>\u00a0&#8211; <span style=\"color: #000000;\">Dispositivi che limitano le<\/span> <strong>emissioni in atmosfera<\/strong> <span style=\"color: #000000;\">durante <\/span><span style=\"color: #000000;\">le operazioni di travaso e\/o inserimento del solvente nelle lavametalli, quali<\/span> <strong>\u00a0<span style=\"color: #000000;\"><a href=\"https:\/\/dollmarmeccanica.com\/cms\/wp-content\/uploads\/2011\/08\/DM-Safety-GT.pdf\">Safety GT<\/a><\/span>,\u00a0<\/strong><strong><a href=\"https:\/\/dollmarmeccanica.com\/cms\/accessori\/safety-fx\/\">Safety FX<\/a>,<\/strong>\u00a0<strong><a href=\" https:\/\/dollmarmeccanica.com\/cms\/safety-box\/\">Safety Box<\/a> e <a href=\"http:\/\/wp.me\/P207FB-161\">Secure Box<\/a><\/strong><\/li>\n<\/ul>\n<ul>\n<li style=\"text-align: left;\"><a href=\"https:\/\/dollmarmeccanica.com\/cms\/?page_id=1016\"><strong>Cestineria<\/strong><\/a> <span style=\"color: #000000;\">&#8211; Variet\u00e0 di<\/span> <strong>cesti porta-pezzi<\/strong> <span style=\"color: #000000;\">progettati per ogni specifica esigenza di lavaggio di componenti dalle pi\u00f9 svariate conformazioni;<\/span><\/li>\n<\/ul>\n<ul>\n<li><a href=\"https:\/\/dollmarmeccanica.com\/cms\/?page_id=1024\"><strong>Kit di analisi<\/strong><\/a> &#8211; <span style=\"color: #000000;\">Controllo chimico<\/span> <strong>&#8220;Personal Chemical Test&#8221;<\/strong> <span style=\"color: #000000;\">da integrare al servizio di<\/span> <strong><strong>Assistenza Chimica <\/strong><\/strong> <span style=\"color: #000000;\">per una garanzia di corretta gestione del prodotto;<\/span><\/li>\n<\/ul>\n<ul>\n<li style=\"text-align: left;\"><strong><a title=\"Modulo di adsorbimento su carbone attivo\" href=\"https:\/\/dollmarmeccanica.com\/cms\/accessori\/modulo-di-adsorbimento-su-carbone-attivo\/\">Coalperc<\/a><\/strong><span style=\"color: #000000;\">\u00a0&#8211; Modulo di adsorbimento su carbone attivo, <span style=\"color: #000000;\">che opera come abbattitore dei vapori.<\/span><\/span><\/li>\n<\/ul>\n<ul>\n<li style=\"text-align: left;\"><strong><a title=\"bicarjet\" href=\"https:\/\/dollmarmeccanica.com\/cms\/accessori\/bicarjet\/\">BicarJet <\/a><\/strong><span style=\"color: #000000;\"><strong>&#8211; <\/strong>Sistemi ecologici per la pulizia di superfici attraverso<\/span><strong> bicarbonato di sodio.<\/strong><span style=\"color: #000000;\"> Una soluzione ecologica per le superfici delicate<\/span><\/li>\n<\/ul>\n<p><strong>Per conoscere la gamma completa sfoglia il nostro catalogo\u00a0<a href=\"https:\/\/dollmarmeccanica.com\/cms\/?page_id=2\">Accessori ed optional impianti<\/a>. Non hai trovato quello che cercavi? Contattaci per un supporto tecnico, siamo certi di poterti aiutare.\u00a0<\/strong><\/p>\n<\/div>\n<p>[\/vc_column_text][\/vc_column][\/vc_row][vc_row][vc_column][vc_btn title=&#8221;<strong>RICHIEDI UNA CONSULENZA SENZA IMPEGNO<\/strong>&#8221; color=&#8221;sky&#8221; align=&#8221;center&#8221; link=&#8221;url:mailto%3Amarketing%40dollmar.com||target:%20_blank&#8221;][\/vc_column][\/vc_row]<\/p>","protected":false},"excerpt":{"rendered":"<p>[vc_row][vc_column][vc_column_text] [\/vc_column_text][\/vc_column][\/vc_row][vc_row][vc_column][vc_column_text]Grazie all&#8217;integrazione di componenti e accessori\u00a0dedicati agli impianti di lavaggio \u00e8 possibile aumentare la sicurezza e la qualit\u00e0 di lavaggio e quindi migliorare la qualit\u00e0 dell&#8217;ambiente di lavoro.\u00a0Vuoi un impianto di lavaggio performante? Scopri i migliori accessori disponibili, progettati per aumentare produttivit\u00e0 e ridurre costi operativi.\u00a0 Gli accessori per lavametalli Dollmar Meccanica di maggiore [&hellip;]<\/p>\n","protected":false},"author":1,"featured_media":5145,"parent":0,"menu_order":55,"comment_status":"open","ping_status":"open","template":"","meta":[],"yoast_head":"<!-- This site is optimized with the Yoast SEO plugin v20.3 - https:\/\/yoast.com\/wordpress\/plugins\/seo\/ -->\n<title>Accessori e ricambi per impianti - Dollmar Meccanica S.r.l<\/title>\n<meta name=\"description\" content=\"Accessori per impianti di lavaggio: scegli quelli giusti per migliorare efficienza e risparmio energetico. Scopri i migliori prodotti sul mercato per il tuo lavaggio di qualit\u00e0.\" \/>\n<meta name=\"robots\" content=\"index, follow, max-snippet:-1, max-image-preview:large, max-video-preview:-1\" \/>\n<link rel=\"canonical\" href=\"https:\/\/dollmarmeccanica.com\/cms\/accessori\/\" \/>\n<meta property=\"og:locale\" content=\"it_IT\" \/>\n<meta property=\"og:type\" content=\"article\" \/>\n<meta property=\"og:title\" content=\"Accessori e ricambi per impianti - Dollmar Meccanica S.r.l\" \/>\n<meta property=\"og:description\" content=\"{:it}Accessori per impianti di lavaggio: scegli quelli giusti per migliorare efficienza e risparmio energetico. Scopri i migliori prodotti sul mercato per il tuo lavaggio di qualit\u00e0. {:}\" \/>\n<meta property=\"og:url\" content=\"https:\/\/dollmarmeccanica.com\/cms\/accessori\/\" \/>\n<meta property=\"og:site_name\" content=\"Dollmar Meccanica S.r.l\" \/>\n<meta property=\"article:modified_time\" content=\"2024-12-11T09:46:15+00:00\" \/>\n<meta property=\"og:image\" content=\"https:\/\/dollmarmeccanica.com\/cms\/wp-content\/uploads\/2015\/04\/12-cesto-rotante-768x1024.jpg\" \/>\n\t<meta property=\"og:image:width\" content=\"768\" \/>\n\t<meta property=\"og:image:height\" content=\"1024\" \/>\n\t<meta property=\"og:image:type\" content=\"image\/jpeg\" \/>\n<meta name=\"twitter:card\" content=\"summary_large_image\" \/>\n<meta name=\"twitter:label1\" content=\"Tempo di lettura stimato\" \/>\n\t<meta name=\"twitter:data1\" content=\"2 minuti\" \/>\n<script type=\"application\/ld+json\" class=\"yoast-schema-graph\">{\"@context\":\"https:\/\/schema.org\",\"@graph\":[{\"@type\":\"WebPage\",\"@id\":\"https:\/\/dollmarmeccanica.com\/cms\/accessori\/\",\"url\":\"https:\/\/dollmarmeccanica.com\/cms\/accessori\/\",\"name\":\"Accessori e ricambi per impianti - Dollmar Meccanica S.r.l\",\"isPartOf\":{\"@id\":\"https:\/\/dollmarmeccanica.com\/cms\/#website\"},\"datePublished\":\"2011-08-04T13:46:26+00:00\",\"dateModified\":\"2024-12-11T09:46:15+00:00\",\"description\":\"{:it}Accessori per impianti di lavaggio: scegli quelli giusti per migliorare efficienza e risparmio energetico. Scopri i migliori prodotti sul mercato per il tuo lavaggio di qualit\u00e0. {:}\",\"breadcrumb\":{\"@id\":\"https:\/\/dollmarmeccanica.com\/cms\/accessori\/#breadcrumb\"},\"inLanguage\":\"it-IT\",\"potentialAction\":[{\"@type\":\"ReadAction\",\"target\":[\"https:\/\/dollmarmeccanica.com\/cms\/accessori\/\"]}]},{\"@type\":\"BreadcrumbList\",\"@id\":\"https:\/\/dollmarmeccanica.com\/cms\/accessori\/#breadcrumb\",\"itemListElement\":[{\"@type\":\"ListItem\",\"position\":1,\"name\":\"Home\",\"item\":\"https:\/\/dollmarmeccanica.com\/cms\/\"},{\"@type\":\"ListItem\",\"position\":2,\"name\":\"Accessori e ricambi per impianti\"}]},{\"@type\":\"WebSite\",\"@id\":\"https:\/\/dollmarmeccanica.com\/cms\/#website\",\"url\":\"https:\/\/dollmarmeccanica.com\/cms\/\",\"name\":\"Dollmar Meccanica S.r.l\",\"description\":\"Impianti di lavaggio industriali\",\"publisher\":{\"@id\":\"https:\/\/dollmarmeccanica.com\/cms\/#organization\"},\"potentialAction\":[{\"@type\":\"SearchAction\",\"target\":{\"@type\":\"EntryPoint\",\"urlTemplate\":\"https:\/\/dollmarmeccanica.com\/cms\/?s={search_term_string}\"},\"query-input\":\"required name=search_term_string\"}],\"inLanguage\":\"it-IT\"},{\"@type\":\"Organization\",\"@id\":\"https:\/\/dollmarmeccanica.com\/cms\/#organization\",\"name\":\"Dollmar Meccanica\",\"url\":\"https:\/\/dollmarmeccanica.com\/cms\/\",\"logo\":{\"@type\":\"ImageObject\",\"inLanguage\":\"it-IT\",\"@id\":\"https:\/\/dollmarmeccanica.com\/cms\/#\/schema\/logo\/image\/\",\"url\":\"https:\/\/dollmarmeccanica.com\/cms\/wp-content\/uploads\/2015\/08\/logo-dollmarmeccanica-300x280_c.jpg\",\"contentUrl\":\"https:\/\/dollmarmeccanica.com\/cms\/wp-content\/uploads\/2015\/08\/logo-dollmarmeccanica-300x280_c.jpg\",\"width\":300,\"height\":280,\"caption\":\"Dollmar Meccanica\"},\"image\":{\"@id\":\"https:\/\/dollmarmeccanica.com\/cms\/#\/schema\/logo\/image\/\"}}]}<\/script>\n<!-- \/ Yoast SEO plugin. -->","yoast_head_json":{"title":"Accessori e ricambi per impianti - Dollmar Meccanica S.r.l","description":"Accessori per impianti di lavaggio: scegli quelli giusti per migliorare efficienza e risparmio energetico. Scopri i migliori prodotti sul mercato per il tuo lavaggio di qualit\u00e0.","robots":{"index":"index","follow":"follow","max-snippet":"max-snippet:-1","max-image-preview":"max-image-preview:large","max-video-preview":"max-video-preview:-1"},"canonical":"https:\/\/dollmarmeccanica.com\/cms\/accessori\/","og_locale":"it_IT","og_type":"article","og_title":"Accessori e ricambi per impianti - Dollmar Meccanica S.r.l","og_description":"{:it}Accessori per impianti di lavaggio: scegli quelli giusti per migliorare efficienza e risparmio energetico. Scopri i migliori prodotti sul mercato per il tuo lavaggio di qualit\u00e0. {:}","og_url":"https:\/\/dollmarmeccanica.com\/cms\/accessori\/","og_site_name":"Dollmar Meccanica S.r.l","article_modified_time":"2024-12-11T09:46:15+00:00","og_image":[{"width":768,"height":1024,"url":"https:\/\/dollmarmeccanica.com\/cms\/wp-content\/uploads\/2015\/04\/12-cesto-rotante-768x1024.jpg","type":"image\/jpeg"}],"twitter_card":"summary_large_image","twitter_misc":{"Tempo di lettura stimato":"2 minuti"},"schema":{"@context":"https:\/\/schema.org","@graph":[{"@type":"WebPage","@id":"https:\/\/dollmarmeccanica.com\/cms\/accessori\/","url":"https:\/\/dollmarmeccanica.com\/cms\/accessori\/","name":"Accessori e ricambi per impianti - Dollmar Meccanica S.r.l","isPartOf":{"@id":"https:\/\/dollmarmeccanica.com\/cms\/#website"},"datePublished":"2011-08-04T13:46:26+00:00","dateModified":"2024-12-11T09:46:15+00:00","description":"{:it}Accessori per impianti di lavaggio: scegli quelli giusti per migliorare efficienza e risparmio energetico. Scopri i migliori prodotti sul mercato per il tuo lavaggio di qualit\u00e0. {:}","breadcrumb":{"@id":"https:\/\/dollmarmeccanica.com\/cms\/accessori\/#breadcrumb"},"inLanguage":"it-IT","potentialAction":[{"@type":"ReadAction","target":["https:\/\/dollmarmeccanica.com\/cms\/accessori\/"]}]},{"@type":"BreadcrumbList","@id":"https:\/\/dollmarmeccanica.com\/cms\/accessori\/#breadcrumb","itemListElement":[{"@type":"ListItem","position":1,"name":"Home","item":"https:\/\/dollmarmeccanica.com\/cms\/"},{"@type":"ListItem","position":2,"name":"Accessori e ricambi per impianti"}]},{"@type":"WebSite","@id":"https:\/\/dollmarmeccanica.com\/cms\/#website","url":"https:\/\/dollmarmeccanica.com\/cms\/","name":"Dollmar Meccanica S.r.l","description":"Impianti di lavaggio industriali","publisher":{"@id":"https:\/\/dollmarmeccanica.com\/cms\/#organization"},"potentialAction":[{"@type":"SearchAction","target":{"@type":"EntryPoint","urlTemplate":"https:\/\/dollmarmeccanica.com\/cms\/?s={search_term_string}"},"query-input":"required name=search_term_string"}],"inLanguage":"it-IT"},{"@type":"Organization","@id":"https:\/\/dollmarmeccanica.com\/cms\/#organization","name":"Dollmar Meccanica","url":"https:\/\/dollmarmeccanica.com\/cms\/","logo":{"@type":"ImageObject","inLanguage":"it-IT","@id":"https:\/\/dollmarmeccanica.com\/cms\/#\/schema\/logo\/image\/","url":"https:\/\/dollmarmeccanica.com\/cms\/wp-content\/uploads\/2015\/08\/logo-dollmarmeccanica-300x280_c.jpg","contentUrl":"https:\/\/dollmarmeccanica.com\/cms\/wp-content\/uploads\/2015\/08\/logo-dollmarmeccanica-300x280_c.jpg","width":300,"height":280,"caption":"Dollmar Meccanica"},"image":{"@id":"https:\/\/dollmarmeccanica.com\/cms\/#\/schema\/logo\/image\/"}}]}},"_links":{"self":[{"href":"https:\/\/dollmarmeccanica.com\/cms\/wp-json\/wp\/v2\/pages\/1005"}],"collection":[{"href":"https:\/\/dollmarmeccanica.com\/cms\/wp-json\/wp\/v2\/pages"}],"about":[{"href":"https:\/\/dollmarmeccanica.com\/cms\/wp-json\/wp\/v2\/types\/page"}],"author":[{"embeddable":true,"href":"https:\/\/dollmarmeccanica.com\/cms\/wp-json\/wp\/v2\/users\/1"}],"replies":[{"embeddable":true,"href":"https:\/\/dollmarmeccanica.com\/cms\/wp-json\/wp\/v2\/comments?post=1005"}],"version-history":[{"count":77,"href":"https:\/\/dollmarmeccanica.com\/cms\/wp-json\/wp\/v2\/pages\/1005\/revisions"}],"predecessor-version":[{"id":6695,"href":"https:\/\/dollmarmeccanica.com\/cms\/wp-json\/wp\/v2\/pages\/1005\/revisions\/6695"}],"wp:featuredmedia":[{"embeddable":true,"href":"https:\/\/dollmarmeccanica.com\/cms\/wp-json\/wp\/v2\/media\/5145"}],"wp:attachment":[{"href":"https:\/\/dollmarmeccanica.com\/cms\/wp-json\/wp\/v2\/media?parent=1005"}],"curies":[{"name":"wp","href":"https:\/\/api.w.org\/{rel}","templated":true}]}}