{"id":63,"date":"2011-07-07T09:33:52","date_gmt":"2011-07-07T09:33:52","guid":{"rendered":"http:\/\/dollmar.studiobic.net\/cms\/?page_id=63"},"modified":"2020-08-12T09:56:36","modified_gmt":"2020-08-12T09:56:36","slug":"scrivici","status":"publish","type":"page","link":"https:\/\/dollmarmeccanica.com\/cms\/en\/scrivici\/","title":{"rendered":"Write us"},"content":{"rendered":"<p>\n<div class=\"wpcf7 no-js\" id=\"wpcf7-f1791-o2\" lang=\"en-US\" dir=\"ltr\">\n<div class=\"screen-reader-response\"><p role=\"status\" aria-live=\"polite\" aria-atomic=\"true\"><\/p> <ul><\/ul><\/div>\n<form action=\"\/cms\/en\/wp-json\/wp\/v2\/pages\/63#wpcf7-f1791-o2\" method=\"post\" class=\"wpcf7-form init\" aria-label=\"Contact form\" novalidate=\"novalidate\" data-status=\"init\">\n<div style=\"display: none;\">\n<input type=\"hidden\" name=\"_wpcf7\" value=\"1791\" \/>\n<input type=\"hidden\" name=\"_wpcf7_version\" value=\"5.7.5.1\" \/>\n<input type=\"hidden\" name=\"_wpcf7_locale\" value=\"en_US\" \/>\n<input type=\"hidden\" name=\"_wpcf7_unit_tag\" value=\"wpcf7-f1791-o2\" \/>\n<input type=\"hidden\" name=\"_wpcf7_container_post\" value=\"0\" \/>\n<input type=\"hidden\" name=\"_wpcf7_posted_data_hash\" value=\"\" \/>\n<input type=\"hidden\" name=\"_wpcf7_recaptcha_response\" value=\"\" \/>\n<\/div>\n<p><strong>Your Name <\/strong> (required)\n<\/p>\n<p><span class=\"wpcf7-form-control-wrap\" data-name=\"your-firstname\"><input size=\"40\" class=\"wpcf7-form-control wpcf7-text wpcf7-validates-as-required\" aria-required=\"true\" aria-invalid=\"false\" value=\"\" type=\"text\" name=\"your-firstname\" \/><\/span>\n<\/p>\n<p><strong>Surname<\/strong> (required)\n<\/p>\n<p><span class=\"wpcf7-form-control-wrap\" data-name=\"your-lastname\"><input size=\"40\" class=\"wpcf7-form-control wpcf7-text wpcf7-validates-as-required\" aria-required=\"true\" aria-invalid=\"false\" value=\"\" type=\"text\" name=\"your-lastname\" \/><\/span>\n<\/p>\n<p><strong>Company<\/strong>\n<\/p>\n<p><span class=\"wpcf7-form-control-wrap\" data-name=\"your-company\"><input size=\"40\" class=\"wpcf7-form-control wpcf7-text\" aria-invalid=\"false\" value=\"\" type=\"text\" name=\"your-company\" \/><\/span>\n<\/p>\n<p><strong>Your email<\/strong> (required)\n<\/p>\n<p><span class=\"wpcf7-form-control-wrap\" data-name=\"your-email\"><input size=\"40\" class=\"wpcf7-form-control wpcf7-text wpcf7-validates-as-required\" aria-required=\"true\" aria-invalid=\"false\" value=\"\" type=\"text\" name=\"your-email\" \/><\/span>\n<\/p>\n<p><strong>Phone number<\/strong> (required)\n<\/p>\n<p><span class=\"wpcf7-form-control-wrap\" data-name=\"your-phone\"><input size=\"40\" class=\"wpcf7-form-control wpcf7-text wpcf7-validates-as-required\" aria-required=\"true\" aria-invalid=\"false\" value=\"\" type=\"text\" name=\"your-phone\" \/><\/span>\n<\/p>\n<p><strong>Object<\/strong> (required)\n<\/p>\n<p><span class=\"wpcf7-form-control-wrap\" data-name=\"your-subject\"><input size=\"40\" class=\"wpcf7-form-control wpcf7-text wpcf7-validates-as-required\" aria-required=\"true\" aria-invalid=\"false\" value=\"\" type=\"text\" name=\"your-subject\" \/><\/span>\n<\/p>\n<p><strong>Message<\/strong> (required)\n<\/p>\n<p><span class=\"wpcf7-form-control-wrap\" data-name=\"your-message\"><textarea cols=\"40\" rows=\"10\" class=\"wpcf7-form-control wpcf7-textarea wpcf7-validates-as-required\" aria-required=\"true\" aria-invalid=\"false\" name=\"your-message\"><\/textarea><\/span>\n<\/p>\n<p>Privacy notify (Italian legislation)\n<\/p>\n<p><textarea cols=\"57\" rows=\"8\" readonly=\"readonly\">DOLLMAR S.p.A. - INFORMATIVA AI SENSI DELL' ART. 13 DEL D.LGS. N. 196\/2003\n(Decreto Legislativo 30 giugno 2003 n. 196)\nIn osservanza alle prescrizioni previste dal nuovo codice in materia di protezione del dati personali, si riportano qui di seguito alcuni principi generali:\nArt. 1 (Diritto alla protezione dei dati personali) 1. Chiunque ha diritto alla protezione dei dati personali che lo riguardano.\nArt. 2 (Finalit\u00e0)\n1. Il presente testo unico garantisce che il trattamento dei dati personali si svolga nel rispetto dei diritti e delle libert\u00e0 fondamentali, nonch\u00e9 della dignit\u00e0 dell'interessato, con particolare riferimento alla riservatezza, all'identit\u00e0 personale al diritto alla protezione dei dati personali.\n2. Il trattamento dei dati personali \u00e8 disciplinato assicurando un elevato livello di tutela dei diritti e delle libert\u00e0 di cui al comma 1 nel rispetto dei principi di semplificazione, armonizzazione ed efficacia delle modalit\u00e0 previste per il loro esercizio da parte degli interessati, nonch\u00e9 per l'adempimento degli obblighi da parte dei titolari del trattamento.\nArt. 3 (Principio di necessit\u00e0 nel trattamento dei dati)\n1. I sistemi informatici ed i programmi informatici sono configurati riducendo al minimo l'utilizzazione di dati personali e di dati identificativi, in modo da escluderne il trattamento quanto le finalit\u00e0 perseguite nei singoli casi possono essere realizzate , mediante rispettivamente, dati anonimi od opportune modalit\u00e0 che permettano di identificare l'interessato solo in caso di necessit\u00e0.\nArt. 4 (Definizioni) (si rinvia al testo legislativo).\nArt. 5 (Oggetto ed ambito di applicazione)\n1. Il presente codice disciplina il trattamento di dati personali, anche detenuti all'estero, effettuato da chiunque \u00e8 stabilito nel territorio dello Stato o in un luogo comunque soggetto alla sovranit\u00e0 dello Stato.\n2. Il presente codice si applica al trattamento di dati personali effettuato da chiunque \u00e8 stabilito nel territorio di un Paese non appartenente all'Unione europea e impiega, per il trattamento, strumenti situati nel territorio dello Stato anche diversi da quelli elettronici salvo che essi siano utilizzati solo ai fini di transito nel territorio dell'Unione europea. In caso di applicazione del seguente codice il titolare del trattamento designa un proprio rappresentate stabilito del territorio dello Stato ai fini dell'applicazione della disciplina del trattamento dei dati personali.\n3. Il trattamento di dati personali effettuato da persone fisiche per fini esclusivamente personali \u00e8 soggetto all'applicazione del presente codice solo se i dati sono destinati ad una comunicazione sistematica o alla diffusione. Si applicano in ogni caso le disposizione in tema di responsabilit\u00e0 e di sicurezza dei dati di cui agli articoli 1 e 31.\nArt. 6 (Disciplina del trattamento)\n1. Le disposizioni contenute nella presente Parte si applicano a tutti i trattamenti di dati, salvo quanto previsto, in relazione ad alcuni trattamenti dalle disposizioni integrative o modificative della Parte II.\nI dati che pervengono alla Dollmar S.p.A., in relazione ai suoi rapporti contrattuali finalizzati alla presentazione e ricezione di offerte commerciali, alla selezione di personale ed alla formazione di rapporti contrattuali in genere, sono oggetto di trattamenti informatici o manuali per le finalit\u00e0 qui di seguito riportate: a) adempimenti connessi alle norme civilistiche, fiscali e contabili; alla gestione amministrativa del rapporto; all'osservanza degli obblighi contrattuali e all'informazione in merito ai servizi e prodotti offerti; b) informazioni su future iniziative commerciali e su annunci di nuovi servizi.\nLa Dollmar S.p.A. dichiara di garantire la sicurezza e la riservatezza dei dati personali in questione, la cui trattazione viene effettuata dai suoi dipendenti, collaboratori e consulenti, ove impegnati nell'esecuzione del mandato a loro conferito. Il titolare del trattamento dei dati \u00e8 ovviamente la Dollmar S.p.A. con sede amministrativa in Caleppio di Settala (MI), Via B. Buozzi n. 2 telefono n. 02\/9509611 ed il responsabile aziendale del trattamento dei dati \u00e8 il signor Gianfranco Galli con la qualifica di vice presidente della Societ\u00e0.\nSi ricorda, che da parte dell'interessato e, nei confronti del responsabile del trattamento dei dati, \u00e8 sempre possibile esercitare i seguenti diritti secondo il Titolo II del decreto in questione:\nArt. 7 (Diritto di accesso ai dati personali ed altri diritti)\nArt. 8 (Esercizio dei diritti)\nArt. 9 (Modalit\u00e0 di esercizio)\nArt. 10 (Riscontro all'interessato)<\/textarea>\n<\/p>\n<p><span class=\"wpcf7-form-control-wrap\" data-name=\"acceptance-479\"><span class=\"wpcf7-form-control wpcf7-acceptance\"><span class=\"wpcf7-list-item\"><input type=\"checkbox\" name=\"acceptance-479\" value=\"1\" checked=\"checked\" aria-invalid=\"false\" \/><\/span><\/span><\/span> Yes, I read and accepted the privacy notify.\n<\/p>\n<p><strong>Code antispam<\/strong> (captcha)\n<\/p>\n<p><input type=\"hidden\" name=\"_wpcf7_captcha_challenge_captcha-98\" value=\"4005889158\" \/><img class=\"wpcf7-form-control wpcf7-captchac wpcf7-captcha-captcha-98\" width=\"84\" height=\"28\" alt=\"captcha\" src=\"https:\/\/dollmarmeccanica.com\/cms\/wp-content\/uploads\/wpcf7_captcha\/4005889158.png\" \/><br \/>\nWrite here the code antispam (captcha)\n<\/p>\n<p><span class=\"wpcf7-form-control-wrap\" data-name=\"captcha-98\"><input size=\"20\" class=\"wpcf7-form-control wpcf7-captchar\" autocomplete=\"off\" aria-invalid=\"false\" value=\"\" type=\"text\" name=\"captcha-98\" \/><\/span>\n<\/p>\n<p><input class=\"wpcf7-form-control has-spinner wpcf7-submit\" type=\"submit\" value=\"Contact request\" \/>\n<\/p><p style=\"display: none !important;\"><label>&#916;<textarea name=\"_wpcf7_ak_hp_textarea\" cols=\"45\" rows=\"8\" maxlength=\"100\"><\/textarea><\/label><input type=\"hidden\" id=\"ak_js_2\" name=\"_wpcf7_ak_js\" value=\"127\"\/><script>document.getElementById( \"ak_js_2\" ).setAttribute( \"value\", ( new Date() ).getTime() );<\/script><\/p><div class=\"wpcf7-response-output\" aria-hidden=\"true\"><\/div>\n<\/form>\n<\/div>\n<\/p>","protected":false},"excerpt":{"rendered":"Your Name (required) Surname (required) Company Your email (required) Phone number (required) Object (required) Message (required) Privacy notify (Italian legislation) DOLLMAR S.p.A. - INFORMATIVA AI SENSI DELL' ART. 13 DEL D.LGS. N. 196\/2003 (Decreto Legislativo 30 giugno 2003 n. 196) In osservanza alle prescrizioni previste dal nuovo codice in materia di protezione del dati personali, [...]","protected":false},"author":1,"featured_media":0,"parent":0,"menu_order":34,"comment_status":"open","ping_status":"open","template":"","meta":[],"yoast_head":"<!-- This site is optimized with the Yoast SEO plugin v20.3 - https:\/\/yoast.com\/wordpress\/plugins\/seo\/ -->\n<title>Write us - Dollmar Meccanica S.r.l<\/title>\n<meta name=\"robots\" content=\"index, follow, max-snippet:-1, max-image-preview:large, max-video-preview:-1\" \/>\n<link rel=\"canonical\" href=\"https:\/\/dollmarmeccanica.com\/cms\/scrivici\/\" \/>\n<meta property=\"og:locale\" content=\"en_US\" \/>\n<meta property=\"og:type\" content=\"article\" \/>\n<meta property=\"og:title\" content=\"Write us - Dollmar Meccanica S.r.l\" \/>\n<meta property=\"og:url\" content=\"https:\/\/dollmarmeccanica.com\/cms\/scrivici\/\" \/>\n<meta property=\"og:site_name\" content=\"Dollmar Meccanica S.r.l\" \/>\n<meta property=\"article:modified_time\" content=\"2020-08-12T09:56:36+00:00\" \/>\n<meta name=\"twitter:card\" content=\"summary_large_image\" \/>\n<script type=\"application\/ld+json\" class=\"yoast-schema-graph\">{\"@context\":\"https:\/\/schema.org\",\"@graph\":[{\"@type\":\"WebPage\",\"@id\":\"https:\/\/dollmarmeccanica.com\/cms\/scrivici\/\",\"url\":\"https:\/\/dollmarmeccanica.com\/cms\/scrivici\/\",\"name\":\"Write us - Dollmar Meccanica S.r.l\",\"isPartOf\":{\"@id\":\"https:\/\/dollmarmeccanica.com\/cms\/#website\"},\"datePublished\":\"2011-07-07T09:33:52+00:00\",\"dateModified\":\"2020-08-12T09:56:36+00:00\",\"breadcrumb\":{\"@id\":\"https:\/\/dollmarmeccanica.com\/cms\/scrivici\/#breadcrumb\"},\"inLanguage\":\"en-US\",\"potentialAction\":[{\"@type\":\"ReadAction\",\"target\":[\"https:\/\/dollmarmeccanica.com\/cms\/scrivici\/\"]}]},{\"@type\":\"BreadcrumbList\",\"@id\":\"https:\/\/dollmarmeccanica.com\/cms\/scrivici\/#breadcrumb\",\"itemListElement\":[{\"@type\":\"ListItem\",\"position\":1,\"name\":\"Home\",\"item\":\"https:\/\/dollmarmeccanica.com\/cms\/\"},{\"@type\":\"ListItem\",\"position\":2,\"name\":\"Scrivici\"}]},{\"@type\":\"WebSite\",\"@id\":\"https:\/\/dollmarmeccanica.com\/cms\/#website\",\"url\":\"https:\/\/dollmarmeccanica.com\/cms\/\",\"name\":\"Dollmar Meccanica S.r.l\",\"description\":\"Chimica e Responsabilit\u00e0\",\"publisher\":{\"@id\":\"https:\/\/dollmarmeccanica.com\/cms\/#organization\"},\"potentialAction\":[{\"@type\":\"SearchAction\",\"target\":{\"@type\":\"EntryPoint\",\"urlTemplate\":\"https:\/\/dollmarmeccanica.com\/cms\/?s={search_term_string}\"},\"query-input\":\"required name=search_term_string\"}],\"inLanguage\":\"en-US\"},{\"@type\":\"Organization\",\"@id\":\"https:\/\/dollmarmeccanica.com\/cms\/#organization\",\"name\":\"Dollmar Meccanica\",\"url\":\"https:\/\/dollmarmeccanica.com\/cms\/\",\"logo\":{\"@type\":\"ImageObject\",\"inLanguage\":\"en-US\",\"@id\":\"https:\/\/dollmarmeccanica.com\/cms\/#\/schema\/logo\/image\/\",\"url\":\"https:\/\/dollmarmeccanica.com\/cms\/wp-content\/uploads\/2015\/08\/logo-dollmarmeccanica-300x280_c.jpg\",\"contentUrl\":\"https:\/\/dollmarmeccanica.com\/cms\/wp-content\/uploads\/2015\/08\/logo-dollmarmeccanica-300x280_c.jpg\",\"width\":300,\"height\":280,\"caption\":\"Dollmar Meccanica\"},\"image\":{\"@id\":\"https:\/\/dollmarmeccanica.com\/cms\/#\/schema\/logo\/image\/\"}}]}<\/script>\n<!-- \/ Yoast SEO plugin. -->","yoast_head_json":{"title":"Write us - Dollmar Meccanica S.r.l","robots":{"index":"index","follow":"follow","max-snippet":"max-snippet:-1","max-image-preview":"max-image-preview:large","max-video-preview":"max-video-preview:-1"},"canonical":"https:\/\/dollmarmeccanica.com\/cms\/scrivici\/","og_locale":"en_US","og_type":"article","og_title":"Write us - Dollmar Meccanica S.r.l","og_url":"https:\/\/dollmarmeccanica.com\/cms\/scrivici\/","og_site_name":"Dollmar Meccanica S.r.l","article_modified_time":"2020-08-12T09:56:36+00:00","twitter_card":"summary_large_image","schema":{"@context":"https:\/\/schema.org","@graph":[{"@type":"WebPage","@id":"https:\/\/dollmarmeccanica.com\/cms\/scrivici\/","url":"https:\/\/dollmarmeccanica.com\/cms\/scrivici\/","name":"Write us - Dollmar Meccanica S.r.l","isPartOf":{"@id":"https:\/\/dollmarmeccanica.com\/cms\/#website"},"datePublished":"2011-07-07T09:33:52+00:00","dateModified":"2020-08-12T09:56:36+00:00","breadcrumb":{"@id":"https:\/\/dollmarmeccanica.com\/cms\/scrivici\/#breadcrumb"},"inLanguage":"en-US","potentialAction":[{"@type":"ReadAction","target":["https:\/\/dollmarmeccanica.com\/cms\/scrivici\/"]}]},{"@type":"BreadcrumbList","@id":"https:\/\/dollmarmeccanica.com\/cms\/scrivici\/#breadcrumb","itemListElement":[{"@type":"ListItem","position":1,"name":"Home","item":"https:\/\/dollmarmeccanica.com\/cms\/"},{"@type":"ListItem","position":2,"name":"Scrivici"}]},{"@type":"WebSite","@id":"https:\/\/dollmarmeccanica.com\/cms\/#website","url":"https:\/\/dollmarmeccanica.com\/cms\/","name":"Dollmar Meccanica S.r.l","description":"Chimica e Responsabilit\u00e0","publisher":{"@id":"https:\/\/dollmarmeccanica.com\/cms\/#organization"},"potentialAction":[{"@type":"SearchAction","target":{"@type":"EntryPoint","urlTemplate":"https:\/\/dollmarmeccanica.com\/cms\/?s={search_term_string}"},"query-input":"required name=search_term_string"}],"inLanguage":"en-US"},{"@type":"Organization","@id":"https:\/\/dollmarmeccanica.com\/cms\/#organization","name":"Dollmar Meccanica","url":"https:\/\/dollmarmeccanica.com\/cms\/","logo":{"@type":"ImageObject","inLanguage":"en-US","@id":"https:\/\/dollmarmeccanica.com\/cms\/#\/schema\/logo\/image\/","url":"https:\/\/dollmarmeccanica.com\/cms\/wp-content\/uploads\/2015\/08\/logo-dollmarmeccanica-300x280_c.jpg","contentUrl":"https:\/\/dollmarmeccanica.com\/cms\/wp-content\/uploads\/2015\/08\/logo-dollmarmeccanica-300x280_c.jpg","width":300,"height":280,"caption":"Dollmar Meccanica"},"image":{"@id":"https:\/\/dollmarmeccanica.com\/cms\/#\/schema\/logo\/image\/"}}]}},"_links":{"self":[{"href":"https:\/\/dollmarmeccanica.com\/cms\/en\/wp-json\/wp\/v2\/pages\/63"}],"collection":[{"href":"https:\/\/dollmarmeccanica.com\/cms\/en\/wp-json\/wp\/v2\/pages"}],"about":[{"href":"https:\/\/dollmarmeccanica.com\/cms\/en\/wp-json\/wp\/v2\/types\/page"}],"author":[{"embeddable":true,"href":"https:\/\/dollmarmeccanica.com\/cms\/en\/wp-json\/wp\/v2\/users\/1"}],"replies":[{"embeddable":true,"href":"https:\/\/dollmarmeccanica.com\/cms\/en\/wp-json\/wp\/v2\/comments?post=63"}],"version-history":[{"count":21,"href":"https:\/\/dollmarmeccanica.com\/cms\/en\/wp-json\/wp\/v2\/pages\/63\/revisions"}],"predecessor-version":[{"id":6497,"href":"https:\/\/dollmarmeccanica.com\/cms\/en\/wp-json\/wp\/v2\/pages\/63\/revisions\/6497"}],"wp:attachment":[{"href":"https:\/\/dollmarmeccanica.com\/cms\/en\/wp-json\/wp\/v2\/media?parent=63"}],"curies":[{"name":"wp","href":"https:\/\/api.w.org\/{rel}","templated":true}]}}